{"id":677,"date":"2022-06-14T11:25:39","date_gmt":"2022-06-14T11:25:39","guid":{"rendered":"https:\/\/www.wevonline.org\/historias-wev\/"},"modified":"2025-04-09T16:53:58","modified_gmt":"2025-04-09T16:53:58","slug":"historias-wev","status":"publish","type":"page","link":"https:\/\/www.wevonline.org\/es\/historias-wev\/","title":{"rendered":"Historias de la comunidad de WEV"},"content":{"rendered":"","protected":false},"excerpt":{"rendered":"","protected":false},"author":1,"featured_media":6101,"parent":0,"menu_order":0,"comment_status":"closed","ping_status":"closed","template":"","meta":{"_acf_changed":false,"footnotes":""},"class_list":["post-677","page","type-page","status-publish","has-post-thumbnail","hentry"],"acf":{"flexible_blocks":[{"acf_fc_layout":"cb07_interior_banner","block_id":"","margin_top":"","margin_bottom":"","add_custom_css_class":"","headline":"Historias de la comunidad de WEV","sub_headline":"","image":false},{"acf_fc_layout":"cb10_impact_feature","block_id":"","margin_top":"","margin_bottom":"","add_custom_css_class":"","slider":[{"heading":"Una comunidad de inspiraci\u00f3n","description":"<p>La comunidad de WEV tiene muchas historias para compartir. Insp\u00edrate con los viajes personales hacia y a trav\u00e9s de WEV, los obst\u00e1culos superados, la sabidur\u00eda adquirida en el camino y la visi\u00f3n com\u00fan del empoderamiento econ\u00f3mico para toda la gente.<\/p>\n","cta_link":{"title":"Comparte tu historia con WEV","url":"https:\/\/www.wevonline.org\/es\/ponte-en-contacto\/?entry=%7B%22Team%22:%22Stories%22%7D","target":""},"left_side_content":"image","stat_drawer":false,"image_1":"https:\/\/www.wevonline.org\/wp-content\/uploads\/2022\/08\/Stories-Impact-Slider-Large-1.jpg","image_2":"https:\/\/www.wevonline.org\/wp-content\/uploads\/2022\/08\/Stories-Impact-Slider-Small-1.jpg","video":null}]},{"acf_fc_layout":"cb06_stories_and_speakers","block_id":"","margin_top":"","margin_bottom":"","add_custom_css_class":"","stories_speakers":"stories","select_stories":[{"ID":12198,"post_author":"3","post_date":"2023-11-14 00:08:22","post_date_gmt":"2023-11-14 00:08:22","post_content":"","post_title":"Angela Rosales","post_excerpt":"","post_status":"publish","comment_status":"closed","ping_status":"closed","post_password":"","post_name":"angela-rosales","to_ping":"","pinged":"","post_modified":"2025-02-25 00:22:27","post_modified_gmt":"2025-02-25 00:22:27","post_content_filtered":"","post_parent":0,"guid":"https:\/\/www.wevonline.org\/stories\/angela-rosales\/","menu_order":0,"post_type":"s_cpt","post_mime_type":"","comment_count":"0","filter":"raw"},{"ID":12216,"post_author":"3","post_date":"2023-11-22 19:20:49","post_date_gmt":"2023-11-22 19:20:49","post_content":"","post_title":"Blanca Hoffmeier","post_excerpt":"","post_status":"publish","comment_status":"closed","ping_status":"closed","post_password":"","post_name":"blanca-hoffmeier","to_ping":"","pinged":"","post_modified":"2025-02-25 00:22:11","post_modified_gmt":"2025-02-25 00:22:11","post_content_filtered":"","post_parent":0,"guid":"https:\/\/www.wevonline.org\/stories\/blanca-hoffmeier\/","menu_order":0,"post_type":"s_cpt","post_mime_type":"","comment_count":"0","filter":"raw"},{"ID":12746,"post_author":"3","post_date":"2024-01-31 00:46:56","post_date_gmt":"2024-01-31 00:46:56","post_content":"","post_title":"Petra Beumer","post_excerpt":"","post_status":"publish","comment_status":"closed","ping_status":"closed","post_password":"","post_name":"petra-beumer","to_ping":"","pinged":"","post_modified":"2025-02-25 00:21:39","post_modified_gmt":"2025-02-25 00:21:39","post_content_filtered":"","post_parent":0,"guid":"https:\/\/www.wevonline.org\/stories\/petra-beumer\/","menu_order":0,"post_type":"s_cpt","post_mime_type":"","comment_count":"0","filter":"raw"}],"heading":"","description":"","cta_link":null,"image":false,"all_stories_cta":{"title":"Todas las historias","url":"#stories-archive","target":""}},{"acf_fc_layout":"cb17_bio_grid","block_id":"stories-archive","margin_top":"","margin_bottom":"","add_custom_css_class":"","heading":"Todas las historias","sub_heading":"","choose_bios":[11292,3887,8047,12197,6841,11343,12213,2962,4514,5010,7879,5034,11286,8006,4985,4491,11509,11497,3628,11662,5024,809,8017,7296,3895,12185,7943,7290,3737,7057,11142,5032,12149,4369,6863,2895,4999,5028,11764,7923,2925,3746,4994,3897,3434,5005,3624,7964,12191,2894,3800,6961,3626,12743,4558,2974,11033,11503,11337,3745,8080]},{"acf_fc_layout":"cb12_related_content","block_id":"","margin_top":"","margin_bottom":"","add_custom_css_class":"","heading":"Tambi\u00e9n te puede interesar","classes_resources":"manual_enter","show_latest":null,"drawer":[{"sub_heading":"M\u00e1s informaci\u00f3n sobre WEV","title":"Directorio de Negocios","cta_link":{"title":"Explora","url":"https:\/\/test-wev.pantheonsite.io\/es\/directorio-de-negocios\/","target":""},"image":"https:\/\/www.wevonline.org\/wp-content\/uploads\/2024\/04\/Business-Directory_Related-Content.jpg"},{"sub_heading":"M\u00e1s informaci\u00f3n sobre WEV","title":"Celebrando el crecimiento de los negocio","cta_link":{"title":"Aprende m\u00e1s","url":"https:\/\/test-wev.pantheonsite.io\/es\/historias-wev\/celebrando-el-crecimiento-de-los-negocios\/","target":""},"image":"https:\/\/www.wevonline.org\/wp-content\/uploads\/2022\/08\/Celebrating-Business-Growth_Related-Content.jpg"},{"sub_heading":"\u00danete a la comunidad WEV","title":"Eventos","cta_link":{"title":"Acomp\u00e1\u00f1anos","url":"https:\/\/test-wev.pantheonsite.io\/es\/eventos\/","target":""},"image":"https:\/\/www.wevonline.org\/wp-content\/uploads\/2022\/08\/SWSC_Related-Content-Image_Karine-Rodriguez-Hervouet-1.jpg"}]}],"floating_cta_enable":"enable"},"yoast_head":"<!-- This site is optimized with the Yoast SEO plugin v27.2 - https:\/\/yoast.com\/product\/yoast-seo-wordpress\/ -->\n<title>Historias de la comunidad de WEV - WEV<\/title>\n<meta name=\"description\" content=\"Conoce los viajes de la comunidad de WEV; obst\u00e1culos superados, sabidur\u00eda adquirida y una visi\u00f3n com\u00fan de empoderamiento econ\u00f3mico para todas(os).\" \/>\n<meta name=\"robots\" content=\"index, follow, max-snippet:-1, max-image-preview:large, max-video-preview:-1\" \/>\n<link rel=\"canonical\" href=\"https:\/\/www.wevonline.org\/es\/historias-wev\/\" \/>\n<meta property=\"og:locale\" content=\"es_ES\" \/>\n<meta property=\"og:type\" content=\"article\" \/>\n<meta property=\"og:title\" content=\"Historias de la comunidad de WEV - WEV\" \/>\n<meta property=\"og:description\" content=\"Conoce los viajes de la comunidad de WEV; obst\u00e1culos superados, sabidur\u00eda adquirida y una visi\u00f3n com\u00fan de empoderamiento econ\u00f3mico para todas(os).\" \/>\n<meta property=\"og:url\" content=\"https:\/\/www.wevonline.org\/es\/historias-wev\/\" \/>\n<meta property=\"og:site_name\" content=\"WEV\" \/>\n<meta property=\"article:publisher\" content=\"https:\/\/www.facebook.com\/WomensEconomicVentures\" \/>\n<meta property=\"article:modified_time\" content=\"2025-04-09T16:53:58+00:00\" \/>\n<meta property=\"og:image\" content=\"https:\/\/www.wevonline.org\/wp-content\/uploads\/2022\/08\/Stories-from-WEVs-Community_Featured-Image.jpg\" \/>\n\t<meta property=\"og:image:width\" content=\"700\" \/>\n\t<meta property=\"og:image:height\" content=\"454\" \/>\n\t<meta property=\"og:image:type\" content=\"image\/jpeg\" \/>\n<meta name=\"twitter:card\" content=\"summary_large_image\" \/>\n<meta name=\"twitter:label1\" content=\"Est. reading time\" \/>\n\t<meta name=\"twitter:data1\" content=\"1 minute\" \/>\n<script type=\"application\/ld+json\" class=\"yoast-schema-graph\">{\"@context\":\"https:\/\/schema.org\",\"@graph\":[{\"@type\":\"WebPage\",\"@id\":\"https:\/\/www.wevonline.org\/es\/historias-wev\/\",\"url\":\"https:\/\/www.wevonline.org\/es\/historias-wev\/\",\"name\":\"Historias de la comunidad de WEV - WEV\",\"isPartOf\":{\"@id\":\"https:\/\/www.wevonline.org\/#website\"},\"primaryImageOfPage\":{\"@id\":\"https:\/\/www.wevonline.org\/es\/historias-wev\/#primaryimage\"},\"image\":{\"@id\":\"https:\/\/www.wevonline.org\/es\/historias-wev\/#primaryimage\"},\"thumbnailUrl\":\"https:\/\/www.wevonline.org\/wp-content\/uploads\/2022\/08\/Stories-from-WEVs-Community_Featured-Image.jpg\",\"datePublished\":\"2022-06-14T11:25:39+00:00\",\"dateModified\":\"2025-04-09T16:53:58+00:00\",\"description\":\"Conoce los viajes de la comunidad de WEV; obst\u00e1culos superados, sabidur\u00eda adquirida y una visi\u00f3n com\u00fan de empoderamiento econ\u00f3mico para todas(os).\",\"breadcrumb\":{\"@id\":\"https:\/\/www.wevonline.org\/es\/historias-wev\/#breadcrumb\"},\"inLanguage\":\"es-ES\",\"potentialAction\":[{\"@type\":\"ReadAction\",\"target\":[\"https:\/\/www.wevonline.org\/es\/historias-wev\/\"]}]},{\"@type\":\"ImageObject\",\"inLanguage\":\"es-ES\",\"@id\":\"https:\/\/www.wevonline.org\/es\/historias-wev\/#primaryimage\",\"url\":\"https:\/\/www.wevonline.org\/wp-content\/uploads\/2022\/08\/Stories-from-WEVs-Community_Featured-Image.jpg\",\"contentUrl\":\"https:\/\/www.wevonline.org\/wp-content\/uploads\/2022\/08\/Stories-from-WEVs-Community_Featured-Image.jpg\",\"width\":700,\"height\":454,\"caption\":\"Miembros de la comunidad WEV se re\u00fanen y comparten sus historias en el Centro Comunitario de Santa B\u00e1rbara.\"},{\"@type\":\"BreadcrumbList\",\"@id\":\"https:\/\/www.wevonline.org\/es\/historias-wev\/#breadcrumb\",\"itemListElement\":[{\"@type\":\"ListItem\",\"position\":1,\"name\":\"Home\",\"item\":\"https:\/\/www.wevonline.org\/es\/\"},{\"@type\":\"ListItem\",\"position\":2,\"name\":\"Historias de la comunidad de WEV\"}]},{\"@type\":\"WebSite\",\"@id\":\"https:\/\/www.wevonline.org\/#website\",\"url\":\"https:\/\/www.wevonline.org\/\",\"name\":\"WEV\",\"description\":\"Women&#039;s Economic Ventures\",\"publisher\":{\"@id\":\"https:\/\/www.wevonline.org\/#organization\"},\"potentialAction\":[{\"@type\":\"SearchAction\",\"target\":{\"@type\":\"EntryPoint\",\"urlTemplate\":\"https:\/\/www.wevonline.org\/?s={search_term_string}\"},\"query-input\":{\"@type\":\"PropertyValueSpecification\",\"valueRequired\":true,\"valueName\":\"search_term_string\"}}],\"inLanguage\":\"es-ES\"},{\"@type\":\"Organization\",\"@id\":\"https:\/\/www.wevonline.org\/#organization\",\"name\":\"Women's Economic Ventures\",\"url\":\"https:\/\/www.wevonline.org\/\",\"logo\":{\"@type\":\"ImageObject\",\"inLanguage\":\"es-ES\",\"@id\":\"https:\/\/www.wevonline.org\/#\/schema\/logo\/image\/\",\"url\":\"https:\/\/www.wevonline.org\/wp-content\/uploads\/2022\/08\/WEV-Spanish-Logo_Website-Header.png\",\"contentUrl\":\"https:\/\/www.wevonline.org\/wp-content\/uploads\/2022\/08\/WEV-Spanish-Logo_Website-Header.png\",\"width\":506,\"height\":127,\"caption\":\"Women's Economic Ventures\"},\"image\":{\"@id\":\"https:\/\/www.wevonline.org\/#\/schema\/logo\/image\/\"},\"sameAs\":[\"https:\/\/www.facebook.com\/WomensEconomicVentures\",\"https:\/\/www.instagram.com\/womenseconomicventures\/?hl=en\"]}]}<\/script>\n<!-- \/ Yoast SEO plugin. -->","yoast_head_json":{"title":"Historias de la comunidad de WEV - WEV","description":"Conoce los viajes de la comunidad de WEV; obst\u00e1culos superados, sabidur\u00eda adquirida y una visi\u00f3n com\u00fan de empoderamiento econ\u00f3mico para todas(os).","robots":{"index":"index","follow":"follow","max-snippet":"max-snippet:-1","max-image-preview":"max-image-preview:large","max-video-preview":"max-video-preview:-1"},"canonical":"https:\/\/www.wevonline.org\/es\/historias-wev\/","og_locale":"es_ES","og_type":"article","og_title":"Historias de la comunidad de WEV - WEV","og_description":"Conoce los viajes de la comunidad de WEV; obst\u00e1culos superados, sabidur\u00eda adquirida y una visi\u00f3n com\u00fan de empoderamiento econ\u00f3mico para todas(os).","og_url":"https:\/\/www.wevonline.org\/es\/historias-wev\/","og_site_name":"WEV","article_publisher":"https:\/\/www.facebook.com\/WomensEconomicVentures","article_modified_time":"2025-04-09T16:53:58+00:00","og_image":[{"width":700,"height":454,"url":"https:\/\/www.wevonline.org\/wp-content\/uploads\/2022\/08\/Stories-from-WEVs-Community_Featured-Image.jpg","type":"image\/jpeg"}],"twitter_card":"summary_large_image","twitter_misc":{"Est. reading time":"1 minute"},"schema":{"@context":"https:\/\/schema.org","@graph":[{"@type":"WebPage","@id":"https:\/\/www.wevonline.org\/es\/historias-wev\/","url":"https:\/\/www.wevonline.org\/es\/historias-wev\/","name":"Historias de la comunidad de WEV - WEV","isPartOf":{"@id":"https:\/\/www.wevonline.org\/#website"},"primaryImageOfPage":{"@id":"https:\/\/www.wevonline.org\/es\/historias-wev\/#primaryimage"},"image":{"@id":"https:\/\/www.wevonline.org\/es\/historias-wev\/#primaryimage"},"thumbnailUrl":"https:\/\/www.wevonline.org\/wp-content\/uploads\/2022\/08\/Stories-from-WEVs-Community_Featured-Image.jpg","datePublished":"2022-06-14T11:25:39+00:00","dateModified":"2025-04-09T16:53:58+00:00","description":"Conoce los viajes de la comunidad de WEV; obst\u00e1culos superados, sabidur\u00eda adquirida y una visi\u00f3n com\u00fan de empoderamiento econ\u00f3mico para todas(os).","breadcrumb":{"@id":"https:\/\/www.wevonline.org\/es\/historias-wev\/#breadcrumb"},"inLanguage":"es-ES","potentialAction":[{"@type":"ReadAction","target":["https:\/\/www.wevonline.org\/es\/historias-wev\/"]}]},{"@type":"ImageObject","inLanguage":"es-ES","@id":"https:\/\/www.wevonline.org\/es\/historias-wev\/#primaryimage","url":"https:\/\/www.wevonline.org\/wp-content\/uploads\/2022\/08\/Stories-from-WEVs-Community_Featured-Image.jpg","contentUrl":"https:\/\/www.wevonline.org\/wp-content\/uploads\/2022\/08\/Stories-from-WEVs-Community_Featured-Image.jpg","width":700,"height":454,"caption":"Miembros de la comunidad WEV se re\u00fanen y comparten sus historias en el Centro Comunitario de Santa B\u00e1rbara."},{"@type":"BreadcrumbList","@id":"https:\/\/www.wevonline.org\/es\/historias-wev\/#breadcrumb","itemListElement":[{"@type":"ListItem","position":1,"name":"Home","item":"https:\/\/www.wevonline.org\/es\/"},{"@type":"ListItem","position":2,"name":"Historias de la comunidad de WEV"}]},{"@type":"WebSite","@id":"https:\/\/www.wevonline.org\/#website","url":"https:\/\/www.wevonline.org\/","name":"WEV","description":"Women&#039;s Economic Ventures","publisher":{"@id":"https:\/\/www.wevonline.org\/#organization"},"potentialAction":[{"@type":"SearchAction","target":{"@type":"EntryPoint","urlTemplate":"https:\/\/www.wevonline.org\/?s={search_term_string}"},"query-input":{"@type":"PropertyValueSpecification","valueRequired":true,"valueName":"search_term_string"}}],"inLanguage":"es-ES"},{"@type":"Organization","@id":"https:\/\/www.wevonline.org\/#organization","name":"Women's Economic Ventures","url":"https:\/\/www.wevonline.org\/","logo":{"@type":"ImageObject","inLanguage":"es-ES","@id":"https:\/\/www.wevonline.org\/#\/schema\/logo\/image\/","url":"https:\/\/www.wevonline.org\/wp-content\/uploads\/2022\/08\/WEV-Spanish-Logo_Website-Header.png","contentUrl":"https:\/\/www.wevonline.org\/wp-content\/uploads\/2022\/08\/WEV-Spanish-Logo_Website-Header.png","width":506,"height":127,"caption":"Women's Economic Ventures"},"image":{"@id":"https:\/\/www.wevonline.org\/#\/schema\/logo\/image\/"},"sameAs":["https:\/\/www.facebook.com\/WomensEconomicVentures","https:\/\/www.instagram.com\/womenseconomicventures\/?hl=en"]}]}},"_links":{"self":[{"href":"https:\/\/www.wevonline.org\/es\/wp-json\/wp\/v2\/pages\/677","targetHints":{"allow":["GET"]}}],"collection":[{"href":"https:\/\/www.wevonline.org\/es\/wp-json\/wp\/v2\/pages"}],"about":[{"href":"https:\/\/www.wevonline.org\/es\/wp-json\/wp\/v2\/types\/page"}],"author":[{"embeddable":true,"href":"https:\/\/www.wevonline.org\/es\/wp-json\/wp\/v2\/users\/1"}],"replies":[{"embeddable":true,"href":"https:\/\/www.wevonline.org\/es\/wp-json\/wp\/v2\/comments?post=677"}],"version-history":[{"count":41,"href":"https:\/\/www.wevonline.org\/es\/wp-json\/wp\/v2\/pages\/677\/revisions"}],"predecessor-version":[{"id":13114,"href":"https:\/\/www.wevonline.org\/es\/wp-json\/wp\/v2\/pages\/677\/revisions\/13114"}],"wp:featuredmedia":[{"embeddable":true,"href":"https:\/\/www.wevonline.org\/es\/wp-json\/wp\/v2\/media\/6101"}],"wp:attachment":[{"href":"https:\/\/www.wevonline.org\/es\/wp-json\/wp\/v2\/media?parent=677"}],"curies":[{"name":"wp","href":"https:\/\/api.w.org\/{rel}","templated":true}]}}