{"id":676,"date":"2022-06-14T11:24:59","date_gmt":"2022-06-14T11:24:59","guid":{"rendered":"https:\/\/www.wevonline.org\/voluntario\/"},"modified":"2025-02-24T23:15:00","modified_gmt":"2025-02-24T23:15:00","slug":"voluntariado","status":"publish","type":"page","link":"https:\/\/www.wevonline.org\/es\/voluntariado\/","title":{"rendered":"Voluntariado con WEV"},"content":{"rendered":"","protected":false},"excerpt":{"rendered":"","protected":false},"author":1,"featured_media":5280,"parent":0,"menu_order":0,"comment_status":"closed","ping_status":"closed","template":"","meta":{"_acf_changed":false,"footnotes":""},"class_list":["post-676","page","type-page","status-publish","has-post-thumbnail","hentry"],"acf":{"floating_cta_enable":"enable","flexible_blocks":[{"acf_fc_layout":"cb07_interior_banner","block_id":"","margin_top":"","margin_bottom":"","add_custom_css_class":"","headline":"Voluntariado con WEV","sub_headline":"","image":"https:\/\/www.wevonline.org\/wp-content\/uploads\/2022\/08\/Volunteer-Banner.jpg"},{"acf_fc_layout":"cb11_text_editor","block_id":"","margin_top":"","margin_bottom":"","add_custom_css_class":"","editor":"<h2 class=\"p-heading-1\">Marca la diferencia <\/h2>\n<p class=\"subhead\">\u00danete al voluntariado de WEV y apoya a due\u00f1os y due\u00f1as de peque\u00f1os negocios locales.<\/p>\n<p>Cuando haces trabajo voluntario en WEV, haces una contribuci\u00f3n directa al \u00e9xito de nuestros negocios locales y la vitalidad de nuestra econom\u00eda. El voluntariado de WEV cumple una variedad de roles dentro de la organizaci\u00f3n, desde proporcionar experiencia en la industria y apoyo de tutor\u00eda hasta ocupar puestos en la junta y el comit\u00e9 hasta ayudar con eventos especiales. Cada una de estas oportunidades de voluntariado te brinda la oportunidad de apoyar a WEV de una manera que tenga significado y prop\u00f3sito para ti&#8230; y que se ajuste a tu horario.<\/p>\n<p>Obt\u00e9n m\u00e1s informaci\u00f3n sobre c\u00f3mo puedes compartir tus habilidades para apoyar la misi\u00f3n de WEV. <\/p>\n<p>\u00a0<\/p>\n<p class=\"subhead\">\u00a1Gracias por tu inter\u00e9s en ser voluntaria(o) con WEV! Sabemos que tu tiempo es valioso, sin embargo, actualmente no estamos aceptando nuevas solicitudes. Vuelve a consultarnos dentro de un par de meses y por favor considera apoyar a WEV de otras maneras.<\/p>\n"},{"acf_fc_layout":"cb10_impact_feature","block_id":"","margin_top":"","margin_bottom":"","add_custom_css_class":"","slider":[{"heading":"Voluntariado de consultor\u00eda","description":"<p>Trabaja directamente con la clientela de WEV. Comparte tu conocimiento especializado en la industria. Las consultas suelen ser solo una sesi\u00f3n individual de una hora, y brindan apoyo gratis para lanzar y expandir el negocio de cada persona.<\/p>\n","cta_link":"","left_side_content":"states","stat_drawer":[{"icon":false,"sub_heading_first":"","stat":"","sub_heading_second":"Consultas Individuales","text":"Conoce y brinda apoyo a m\u00faltiples due\u00f1as(os) de negocios en consultas individuales de 1 hora."},{"icon":false,"sub_heading_first":"","stat":"A a Z","sub_heading_second":"Especialidades de negocios necesarias","text":"Desde finanzas hasta marketing y ventas, WEV necesita tu experiencia."}],"image_1":false,"image_2":false,"video":null},{"heading":"Mentoras(es)","description":"<p>Desarrolla relaciones significativas a largo plazo con una(o) o m\u00e1s clientas(es) de WEV en apoyo de su viaje de negocios personal. Las(os) mentoras(es) se re\u00fanen con sus aprendices durante una o dos horas cada mes durante un per\u00edodo de ocho meses.<\/p>\n","cta_link":"","left_side_content":"states","stat_drawer":[{"icon":false,"sub_heading_first":"","stat":"","sub_heading_second":"Programa de mentoras(es) a largo plazo","text":"Gu\u00eda a un(a) due\u00f1o(a) de un negocio en su camino hacia el \u00e9xito."},{"icon":false,"sub_heading_first":"","stat":"","sub_heading_second":"Oportunidad perfecta para","text":"L\u00edderes de la comunidad con grandes habilidades de comunicaci\u00f3n que buscan una conexi\u00f3n profunda."}],"image_1":false,"image_2":false,"video":null},{"heading":"Oradoras(es) invitadas(os)","description":"<p>Con\u00e9ctate con la clientela de WEV mientras planifican su negocio, navegan por su estrategia de marketing o profundizan en su manejo financiero. Cada orador(a) invitado(a) enriquece las clases de WEV con historias personales y experiencias \u00fanicas.<\/p>\n","cta_link":"","left_side_content":"states","stat_drawer":[{"icon":false,"sub_heading_first":"","stat":"","sub_heading_second":"Facilitaci\u00f3n de talleres grupales","text":"Alcanza a un grupo de emprendedoras(es) a la vez, en talleres breves y puntuales."},{"icon":false,"sub_heading_first":"","stat":"A a Z","sub_heading_second":"Especialidades de negocios necesarias","text":"Desde contabilidad hasta marketing y ventas, WEV necesita tu experiencia."}],"image_1":false,"image_2":false,"video":null},{"heading":"Miembros de comit\u00e9","description":"<p>Los comit\u00e9s especializados y grupos de trabajo de WEV incluyen los de revisi\u00f3n de pr\u00e9stamos, dotaci\u00f3n, finanzas y auditor\u00eda. La pasi\u00f3n por la misi\u00f3n de WEV combinada con una experiencia profesional relevante podr\u00eda convertirte en miembro ideal.<\/p>\n","cta_link":"","left_side_content":"states","stat_drawer":[{"icon":false,"sub_heading_first":"","stat":"","sub_heading_second":"Apoyo organizacional","text":"Impacta a WEV desde el interior."},{"icon":false,"sub_heading_first":"","stat":"","sub_heading_second":"Oportunidad perfecta para","text":"L\u00edderes comunitarias(os) que buscan apoyar y abogar por la misi\u00f3n de WEV."}],"image_1":false,"image_2":false,"video":null},{"heading":"Apoyo Administrativo y de Eventos","description":"<p>WEV tiene una serie de grandes eventos y env\u00eda m\u00faltiples correos cada a\u00f1o. Ve detr\u00e1s de la escena y comparte tu tiempo y talento con la comunidad WEV.<\/p>\n","cta_link":"","left_side_content":"image","stat_drawer":false,"image_1":"https:\/\/www.wevonline.org\/wp-content\/uploads\/2022\/08\/Volunteer-Impact-Slider-Large-1.jpg","image_2":false,"video":null}]},{"acf_fc_layout":"cb06_stories_and_speakers","block_id":"","margin_top":"","margin_bottom":"","add_custom_css_class":"","stories_speakers":"stories","select_stories":[{"ID":3749,"post_author":"3","post_date":"2022-08-14 02:35:36","post_date_gmt":"2022-08-14 02:35:36","post_content":"","post_title":"Yuliana Gonzalez","post_excerpt":"","post_status":"publish","comment_status":"closed","ping_status":"closed","post_password":"","post_name":"yuliana-gonzalez","to_ping":"","pinged":"","post_modified":"2025-02-25 01:06:53","post_modified_gmt":"2025-02-25 01:06:53","post_content_filtered":"","post_parent":0,"guid":"https:\/\/www.wevonline.org\/stories\/yuliana-gonzalez\/","menu_order":0,"post_type":"s_cpt","post_mime_type":"","comment_count":"0","filter":"raw"},{"ID":3750,"post_author":"3","post_date":"2022-08-14 02:37:09","post_date_gmt":"2022-08-14 02:37:09","post_content":"","post_title":"Matthew Berger","post_excerpt":"","post_status":"publish","comment_status":"closed","ping_status":"closed","post_password":"","post_name":"matthew-berger","to_ping":"","pinged":"","post_modified":"2025-02-25 01:06:19","post_modified_gmt":"2025-02-25 01:06:19","post_content_filtered":"","post_parent":0,"guid":"https:\/\/www.wevonline.org\/stories\/matthew-berger\/","menu_order":0,"post_type":"s_cpt","post_mime_type":"","comment_count":"0","filter":"raw"},{"ID":3751,"post_author":"3","post_date":"2022-08-14 02:39:27","post_date_gmt":"2022-08-14 02:39:27","post_content":"","post_title":"Deverey Kirk (volunteer quote only)","post_excerpt":"","post_status":"publish","comment_status":"closed","ping_status":"closed","post_password":"","post_name":"deverey-kirk-volunteer-quote-only","to_ping":"","pinged":"","post_modified":"2022-09-02 22:22:25","post_modified_gmt":"2022-09-02 22:22:25","post_content_filtered":"","post_parent":0,"guid":"https:\/\/www.wevonline.org\/stories\/deverey-kirk-volunteer-quote-only\/","menu_order":0,"post_type":"s_cpt","post_mime_type":"","comment_count":"0","filter":"raw"},{"ID":4370,"post_author":"3","post_date":"2022-08-16 23:11:30","post_date_gmt":"2022-08-16 23:11:30","post_content":"","post_title":"Lisa Braithwaite","post_excerpt":"","post_status":"publish","comment_status":"closed","ping_status":"closed","post_password":"","post_name":"lisa-braithwaite-2","to_ping":"","pinged":"","post_modified":"2025-02-25 00:58:52","post_modified_gmt":"2025-02-25 00:58:52","post_content_filtered":"","post_parent":0,"guid":"https:\/\/www.wevonline.org\/?post_type=s_cpt&#038;p=4370","menu_order":0,"post_type":"s_cpt","post_mime_type":"","comment_count":"0","filter":"raw"}],"heading":"","description":"","cta_link":null,"image":false,"all_stories_cta":{"title":"Todas las historias","url":"https:\/\/wevonline.org\/es\/historias-wev\/","target":""}},{"acf_fc_layout":"cb09_faq_drawers","block_id":"volunteer-faqs","margin_top":"","margin_bottom":"","add_custom_css_class":"","heading":"Preguntas frecuentes","default_faq_image":"https:\/\/www.wevonline.org\/wp-content\/uploads\/2022\/08\/Volunteer-FAQ-Default.jpg","faq_drawer":[{"ID":3684,"post_author":"3","post_date":"2022-08-13 20:13:33","post_date_gmt":"2022-08-13 20:13:33","post_content":"","post_title":"\u00bfQu\u00e9 habilidades y experiencia se necesitan?","post_excerpt":"","post_status":"publish","comment_status":"closed","ping_status":"closed","post_password":"","post_name":"que-habilidades-y-experiencia-se-necesitan","to_ping":"","pinged":"","post_modified":"2024-05-02 14:49:29","post_modified_gmt":"2024-05-02 14:49:29","post_content_filtered":"","post_parent":0,"guid":"https:\/\/www.wevonline.org\/f_cpt\/que-habilidades-y-experiencia-se-necesitan\/","menu_order":0,"post_type":"f_cpt","post_mime_type":"","comment_count":"0","filter":"raw"},{"ID":3685,"post_author":"3","post_date":"2022-08-13 20:14:07","post_date_gmt":"2022-08-13 20:14:07","post_content":"","post_title":"\u00bfCu\u00e1nto tiempo se espera que dedique como voluntaria(o) de WEV?","post_excerpt":"","post_status":"publish","comment_status":"closed","ping_status":"closed","post_password":"","post_name":"cuanto-tiempo-se-espera-que-dedique-como-voluntariao-de-wev","to_ping":"","pinged":"","post_modified":"2022-08-31 20:07:32","post_modified_gmt":"2022-08-31 20:07:32","post_content_filtered":"","post_parent":0,"guid":"https:\/\/www.wevonline.org\/f_cpt\/cuanto-tiempo-se-espera-que-dedique-como-voluntariao-de-wev\/","menu_order":0,"post_type":"f_cpt","post_mime_type":"","comment_count":"0","filter":"raw"},{"ID":3686,"post_author":"3","post_date":"2022-08-13 20:14:47","post_date_gmt":"2022-08-13 20:14:47","post_content":"","post_title":"\u00bfDa WEV alg\u00fan tipo de formaci\u00f3n?","post_excerpt":"","post_status":"publish","comment_status":"closed","ping_status":"closed","post_password":"","post_name":"da-wev-algun-tipo-de-formacion","to_ping":"","pinged":"","post_modified":"2022-08-31 20:07:24","post_modified_gmt":"2022-08-31 20:07:24","post_content_filtered":"","post_parent":0,"guid":"https:\/\/www.wevonline.org\/f_cpt\/da-wev-algun-tipo-de-formacion\/","menu_order":0,"post_type":"f_cpt","post_mime_type":"","comment_count":"0","filter":"raw"},{"ID":3687,"post_author":"3","post_date":"2022-08-13 20:15:46","post_date_gmt":"2022-08-13 20:15:46","post_content":"","post_title":"\u00bfTienes m\u00e1s preguntas?","post_excerpt":"","post_status":"publish","comment_status":"closed","ping_status":"closed","post_password":"","post_name":"tienes-mas-preguntas","to_ping":"","pinged":"","post_modified":"2022-08-31 20:07:17","post_modified_gmt":"2022-08-31 20:07:17","post_content_filtered":"","post_parent":0,"guid":"https:\/\/www.wevonline.org\/f_cpt\/tienes-mas-preguntas\/","menu_order":0,"post_type":"f_cpt","post_mime_type":"","comment_count":"0","filter":"raw"}]},{"acf_fc_layout":"cb12_related_content","block_id":"","margin_top":"","margin_bottom":"","add_custom_css_class":"","heading":"Tambi\u00e9n te puede interesar","classes_resources":"manual_enter","show_latest":null,"drawer":[{"sub_heading":"M\u00e1s informaci\u00f3n sobre WEV","title":"Acerca de WEV","cta_link":{"title":"Aprende m\u00e1s","url":"https:\/\/www.wevonline.org\/es\/acerca-de-wev\/","target":""},"image":"https:\/\/www.wevonline.org\/wp-content\/uploads\/2022\/08\/About-WEV-Related-Content.jpg"},{"sub_heading":"M\u00e1s informaci\u00f3n sobre WEV","title":"Impacto de WEV","cta_link":{"title":"Aprende m\u00e1s","url":"https:\/\/www.wevonline.org\/es\/acerca-de-wev\/impacto\/","target":""},"image":"https:\/\/www.wevonline.org\/wp-content\/uploads\/2022\/08\/Impact-Related-Content.jpg"},{"sub_heading":"Apoya a WEV","title":"Liga de Mujeres Extraordinarias","cta_link":{"title":"Aprende m\u00e1s","url":"https:\/\/www.wevonline.org\/es\/dona\/la-liga\/","target":""},"image":"https:\/\/www.wevonline.org\/wp-content\/uploads\/2022\/08\/League-Related-Content-Updated-2023.jpg"}]}]},"yoast_head":"<!-- This site is optimized with the Yoast SEO plugin v27.2 - https:\/\/yoast.com\/product\/yoast-seo-wordpress\/ -->\n<title>Voluntariado con WEV - WEV<\/title>\n<meta name=\"description\" content=\"Apoya a las(os) due\u00f1as(os) de negocios locales y marca la diferencia en la comunidad. Explora oportunidades para ser voluntaria(o) con WEV.\" \/>\n<meta name=\"robots\" content=\"index, follow, max-snippet:-1, max-image-preview:large, max-video-preview:-1\" \/>\n<link rel=\"canonical\" href=\"https:\/\/www.wevonline.org\/es\/voluntariado\/\" \/>\n<meta property=\"og:locale\" content=\"es_ES\" \/>\n<meta property=\"og:type\" content=\"article\" \/>\n<meta property=\"og:title\" content=\"Voluntariado con WEV - WEV\" \/>\n<meta property=\"og:description\" content=\"Apoya a las(os) due\u00f1as(os) de negocios locales y marca la diferencia en la comunidad. Explora oportunidades para ser voluntaria(o) con WEV.\" \/>\n<meta property=\"og:url\" content=\"https:\/\/www.wevonline.org\/es\/voluntariado\/\" \/>\n<meta property=\"og:site_name\" content=\"WEV\" \/>\n<meta property=\"article:publisher\" content=\"https:\/\/www.facebook.com\/WomensEconomicVentures\" \/>\n<meta property=\"article:modified_time\" content=\"2025-02-24T23:15:00+00:00\" \/>\n<meta property=\"og:image\" content=\"https:\/\/www.wevonline.org\/wp-content\/uploads\/2022\/08\/Volunteer-Banner.jpg\" \/>\n\t<meta property=\"og:image:width\" content=\"1370\" \/>\n\t<meta property=\"og:image:height\" content=\"1100\" \/>\n\t<meta property=\"og:image:type\" content=\"image\/jpeg\" \/>\n<meta name=\"twitter:card\" content=\"summary_large_image\" \/>\n<meta name=\"twitter:label1\" content=\"Est. reading time\" \/>\n\t<meta name=\"twitter:data1\" content=\"1 minute\" \/>\n<script type=\"application\/ld+json\" class=\"yoast-schema-graph\">{\"@context\":\"https:\/\/schema.org\",\"@graph\":[{\"@type\":\"WebPage\",\"@id\":\"https:\/\/www.wevonline.org\/es\/voluntariado\/\",\"url\":\"https:\/\/www.wevonline.org\/es\/voluntariado\/\",\"name\":\"Voluntariado con WEV - WEV\",\"isPartOf\":{\"@id\":\"https:\/\/www.wevonline.org\/#website\"},\"primaryImageOfPage\":{\"@id\":\"https:\/\/www.wevonline.org\/es\/voluntariado\/#primaryimage\"},\"image\":{\"@id\":\"https:\/\/www.wevonline.org\/es\/voluntariado\/#primaryimage\"},\"thumbnailUrl\":\"https:\/\/www.wevonline.org\/wp-content\/uploads\/2022\/08\/Volunteer-Banner.jpg\",\"datePublished\":\"2022-06-14T11:24:59+00:00\",\"dateModified\":\"2025-02-24T23:15:00+00:00\",\"description\":\"Apoya a las(os) due\u00f1as(os) de negocios locales y marca la diferencia en la comunidad. Explora oportunidades para ser voluntaria(o) con WEV.\",\"breadcrumb\":{\"@id\":\"https:\/\/www.wevonline.org\/es\/voluntariado\/#breadcrumb\"},\"inLanguage\":\"es-ES\",\"potentialAction\":[{\"@type\":\"ReadAction\",\"target\":[\"https:\/\/www.wevonline.org\/es\/voluntariado\/\"]}]},{\"@type\":\"ImageObject\",\"inLanguage\":\"es-ES\",\"@id\":\"https:\/\/www.wevonline.org\/es\/voluntariado\/#primaryimage\",\"url\":\"https:\/\/www.wevonline.org\/wp-content\/uploads\/2022\/08\/Volunteer-Banner.jpg\",\"contentUrl\":\"https:\/\/www.wevonline.org\/wp-content\/uploads\/2022\/08\/Volunteer-Banner.jpg\",\"width\":1370,\"height\":1100,\"caption\":\"Miembros de la comunidad retribuyen, compartiendo experiencias y conocimientos a trav\u00e9s de las oportunidades de voluntariado de WEV\"},{\"@type\":\"BreadcrumbList\",\"@id\":\"https:\/\/www.wevonline.org\/es\/voluntariado\/#breadcrumb\",\"itemListElement\":[{\"@type\":\"ListItem\",\"position\":1,\"name\":\"Home\",\"item\":\"https:\/\/www.wevonline.org\/es\/\"},{\"@type\":\"ListItem\",\"position\":2,\"name\":\"Voluntariado con WEV\"}]},{\"@type\":\"WebSite\",\"@id\":\"https:\/\/www.wevonline.org\/#website\",\"url\":\"https:\/\/www.wevonline.org\/\",\"name\":\"WEV\",\"description\":\"Women&#039;s Economic Ventures\",\"publisher\":{\"@id\":\"https:\/\/www.wevonline.org\/#organization\"},\"potentialAction\":[{\"@type\":\"SearchAction\",\"target\":{\"@type\":\"EntryPoint\",\"urlTemplate\":\"https:\/\/www.wevonline.org\/?s={search_term_string}\"},\"query-input\":{\"@type\":\"PropertyValueSpecification\",\"valueRequired\":true,\"valueName\":\"search_term_string\"}}],\"inLanguage\":\"es-ES\"},{\"@type\":\"Organization\",\"@id\":\"https:\/\/www.wevonline.org\/#organization\",\"name\":\"Women's Economic Ventures\",\"url\":\"https:\/\/www.wevonline.org\/\",\"logo\":{\"@type\":\"ImageObject\",\"inLanguage\":\"es-ES\",\"@id\":\"https:\/\/www.wevonline.org\/#\/schema\/logo\/image\/\",\"url\":\"https:\/\/www.wevonline.org\/wp-content\/uploads\/2022\/08\/WEV-Spanish-Logo_Website-Header.png\",\"contentUrl\":\"https:\/\/www.wevonline.org\/wp-content\/uploads\/2022\/08\/WEV-Spanish-Logo_Website-Header.png\",\"width\":506,\"height\":127,\"caption\":\"Women's Economic Ventures\"},\"image\":{\"@id\":\"https:\/\/www.wevonline.org\/#\/schema\/logo\/image\/\"},\"sameAs\":[\"https:\/\/www.facebook.com\/WomensEconomicVentures\",\"https:\/\/www.instagram.com\/womenseconomicventures\/?hl=en\"]}]}<\/script>\n<!-- \/ Yoast SEO plugin. -->","yoast_head_json":{"title":"Voluntariado con WEV - WEV","description":"Apoya a las(os) due\u00f1as(os) de negocios locales y marca la diferencia en la comunidad. Explora oportunidades para ser voluntaria(o) con WEV.","robots":{"index":"index","follow":"follow","max-snippet":"max-snippet:-1","max-image-preview":"max-image-preview:large","max-video-preview":"max-video-preview:-1"},"canonical":"https:\/\/www.wevonline.org\/es\/voluntariado\/","og_locale":"es_ES","og_type":"article","og_title":"Voluntariado con WEV - WEV","og_description":"Apoya a las(os) due\u00f1as(os) de negocios locales y marca la diferencia en la comunidad. Explora oportunidades para ser voluntaria(o) con WEV.","og_url":"https:\/\/www.wevonline.org\/es\/voluntariado\/","og_site_name":"WEV","article_publisher":"https:\/\/www.facebook.com\/WomensEconomicVentures","article_modified_time":"2025-02-24T23:15:00+00:00","og_image":[{"width":1370,"height":1100,"url":"https:\/\/www.wevonline.org\/wp-content\/uploads\/2022\/08\/Volunteer-Banner.jpg","type":"image\/jpeg"}],"twitter_card":"summary_large_image","twitter_misc":{"Est. reading time":"1 minute"},"schema":{"@context":"https:\/\/schema.org","@graph":[{"@type":"WebPage","@id":"https:\/\/www.wevonline.org\/es\/voluntariado\/","url":"https:\/\/www.wevonline.org\/es\/voluntariado\/","name":"Voluntariado con WEV - WEV","isPartOf":{"@id":"https:\/\/www.wevonline.org\/#website"},"primaryImageOfPage":{"@id":"https:\/\/www.wevonline.org\/es\/voluntariado\/#primaryimage"},"image":{"@id":"https:\/\/www.wevonline.org\/es\/voluntariado\/#primaryimage"},"thumbnailUrl":"https:\/\/www.wevonline.org\/wp-content\/uploads\/2022\/08\/Volunteer-Banner.jpg","datePublished":"2022-06-14T11:24:59+00:00","dateModified":"2025-02-24T23:15:00+00:00","description":"Apoya a las(os) due\u00f1as(os) de negocios locales y marca la diferencia en la comunidad. Explora oportunidades para ser voluntaria(o) con WEV.","breadcrumb":{"@id":"https:\/\/www.wevonline.org\/es\/voluntariado\/#breadcrumb"},"inLanguage":"es-ES","potentialAction":[{"@type":"ReadAction","target":["https:\/\/www.wevonline.org\/es\/voluntariado\/"]}]},{"@type":"ImageObject","inLanguage":"es-ES","@id":"https:\/\/www.wevonline.org\/es\/voluntariado\/#primaryimage","url":"https:\/\/www.wevonline.org\/wp-content\/uploads\/2022\/08\/Volunteer-Banner.jpg","contentUrl":"https:\/\/www.wevonline.org\/wp-content\/uploads\/2022\/08\/Volunteer-Banner.jpg","width":1370,"height":1100,"caption":"Miembros de la comunidad retribuyen, compartiendo experiencias y conocimientos a trav\u00e9s de las oportunidades de voluntariado de WEV"},{"@type":"BreadcrumbList","@id":"https:\/\/www.wevonline.org\/es\/voluntariado\/#breadcrumb","itemListElement":[{"@type":"ListItem","position":1,"name":"Home","item":"https:\/\/www.wevonline.org\/es\/"},{"@type":"ListItem","position":2,"name":"Voluntariado con WEV"}]},{"@type":"WebSite","@id":"https:\/\/www.wevonline.org\/#website","url":"https:\/\/www.wevonline.org\/","name":"WEV","description":"Women&#039;s Economic Ventures","publisher":{"@id":"https:\/\/www.wevonline.org\/#organization"},"potentialAction":[{"@type":"SearchAction","target":{"@type":"EntryPoint","urlTemplate":"https:\/\/www.wevonline.org\/?s={search_term_string}"},"query-input":{"@type":"PropertyValueSpecification","valueRequired":true,"valueName":"search_term_string"}}],"inLanguage":"es-ES"},{"@type":"Organization","@id":"https:\/\/www.wevonline.org\/#organization","name":"Women's Economic Ventures","url":"https:\/\/www.wevonline.org\/","logo":{"@type":"ImageObject","inLanguage":"es-ES","@id":"https:\/\/www.wevonline.org\/#\/schema\/logo\/image\/","url":"https:\/\/www.wevonline.org\/wp-content\/uploads\/2022\/08\/WEV-Spanish-Logo_Website-Header.png","contentUrl":"https:\/\/www.wevonline.org\/wp-content\/uploads\/2022\/08\/WEV-Spanish-Logo_Website-Header.png","width":506,"height":127,"caption":"Women's Economic Ventures"},"image":{"@id":"https:\/\/www.wevonline.org\/#\/schema\/logo\/image\/"},"sameAs":["https:\/\/www.facebook.com\/WomensEconomicVentures","https:\/\/www.instagram.com\/womenseconomicventures\/?hl=en"]}]}},"_links":{"self":[{"href":"https:\/\/www.wevonline.org\/es\/wp-json\/wp\/v2\/pages\/676","targetHints":{"allow":["GET"]}}],"collection":[{"href":"https:\/\/www.wevonline.org\/es\/wp-json\/wp\/v2\/pages"}],"about":[{"href":"https:\/\/www.wevonline.org\/es\/wp-json\/wp\/v2\/types\/page"}],"author":[{"embeddable":true,"href":"https:\/\/www.wevonline.org\/es\/wp-json\/wp\/v2\/users\/1"}],"replies":[{"embeddable":true,"href":"https:\/\/www.wevonline.org\/es\/wp-json\/wp\/v2\/comments?post=676"}],"version-history":[{"count":6,"href":"https:\/\/www.wevonline.org\/es\/wp-json\/wp\/v2\/pages\/676\/revisions"}],"predecessor-version":[{"id":13188,"href":"https:\/\/www.wevonline.org\/es\/wp-json\/wp\/v2\/pages\/676\/revisions\/13188"}],"wp:featuredmedia":[{"embeddable":true,"href":"https:\/\/www.wevonline.org\/es\/wp-json\/wp\/v2\/media\/5280"}],"wp:attachment":[{"href":"https:\/\/www.wevonline.org\/es\/wp-json\/wp\/v2\/media?parent=676"}],"curies":[{"name":"wp","href":"https:\/\/api.w.org\/{rel}","templated":true}]}}