{"id":664,"date":"2022-05-02T18:10:14","date_gmt":"2022-05-02T18:10:14","guid":{"rendered":"https:\/\/www.wevonline.org\/?page_id=664"},"modified":"2024-06-20T22:04:31","modified_gmt":"2024-06-20T22:04:31","slug":"aviso-de-privacidad","status":"publish","type":"page","link":"https:\/\/www.wevonline.org\/es\/aviso-de-privacidad\/","title":{"rendered":"Aviso de Privacidad"},"content":{"rendered":"<h2 class=\"wp-block-heading\">Quienes somos<\/h2><p><strong class=\"privacy-policy-tutorial\">Texto sugerido:<\/strong> La direcci\u00f3n de nuestro sitio web es: https:\/\/wev.lndo.site.<\/p><h2 class=\"wp-block-heading\">Comentarios<\/h2><p><strong class=\"privacy-policy-tutorial\">Texto sugerido:<\/strong> cuando los visitantes dejan comentarios en el sitio, recopilamos los datos que se muestran en el formulario de comentarios, y tambi\u00e9n la direcci\u00f3n IP del visitante y la cadena del agente de usuario del navegador para ayudar a la detecci\u00f3n de spam.<\/p><p>Se puede proporcionar una cadena an\u00f3nima creada a partir de su direcci\u00f3n de correo electr\u00f3nico (tambi\u00e9n llamada hash) al servicio Gravatar para ver si la est\u00e1 utilizando. La pol\u00edtica de privacidad del servicio Gravatar est\u00e1 disponible aqu\u00ed: https:\/\/automattic.com\/privacy\/. Despu\u00e9s de la aprobaci\u00f3n de su comentario, su foto de perfil es visible para el p\u00fablico en el contexto de su comentario.<\/p><h2 class=\"wp-block-heading\">Medios de comunicaci\u00f3n<\/h2><p><strong class=\"privacy-policy-tutorial\">Texto sugerido:<\/strong> Si subes im\u00e1genes al sitio web, debes evitar subir im\u00e1genes con datos de ubicaci\u00f3n incrustados (GPS EXIF) incluidos. Los visitantes del sitio web pueden descargar y extraer cualquier dato de ubicaci\u00f3n de las im\u00e1genes del sitio web.<\/p><h2 class=\"wp-block-heading\">Galletas<\/h2><p><strong class=\"privacy-policy-tutorial\">Texto sugerido:<\/strong> si deja un comentario en nuestro sitio, puede optar por guardar su nombre, direcci\u00f3n de correo electr\u00f3nico y sitio web en cookies. Estos son para su comodidad, para que no tenga que volver a rellenar sus datos cuando deje otro comentario. Estas cookies tendr\u00e1n una duraci\u00f3n de un a\u00f1o.<\/p><p>Si visita nuestra p\u00e1gina de inicio de sesi\u00f3n, estableceremos una cookie temporal para determinar si su navegador acepta cookies. Esta cookie no contiene datos personales y se descarta cuando cierra su navegador.<\/p><p>Cuando inicie sesi\u00f3n, tambi\u00e9n configuraremos varias cookies para guardar su informaci\u00f3n de inicio de sesi\u00f3n y sus opciones de visualizaci\u00f3n de pantalla. Las cookies de inicio de sesi\u00f3n duran dos d\u00edas y las cookies de opciones de pantalla duran un a\u00f1o. Si selecciona &#8220;Recordarme&#8221;, su inicio de sesi\u00f3n persistir\u00e1 durante dos semanas. Si cierra sesi\u00f3n en su cuenta, se eliminar\u00e1n las cookies de inicio de sesi\u00f3n.<\/p><p>Si edita o publica un art\u00edculo, se guardar\u00e1 una cookie adicional en su navegador. Esta cookie no incluye datos personales y simplemente indica el ID de publicaci\u00f3n del art\u00edculo que acaba de editar. Caduca despu\u00e9s de 1 d\u00eda.<\/p><h2 class=\"wp-block-heading\">Contenido incrustado de otros sitios web<\/h2><p><strong class=\"privacy-policy-tutorial\">Texto sugerido: los<\/strong> art\u00edculos de este sitio pueden incluir contenido incrustado (por ejemplo, videos, im\u00e1genes, art\u00edculos, etc.). El contenido incrustado de otros sitios web se comporta exactamente de la misma manera que si el visitante hubiera visitado el otro sitio web.<\/p><p>Estos sitios web pueden recopilar datos sobre usted, usar cookies, incrustar un seguimiento adicional de terceros y monitorear su interacci\u00f3n con ese contenido incrustado, incluido el seguimiento de su interacci\u00f3n con el contenido incrustado si tiene una cuenta y ha iniciado sesi\u00f3n en ese sitio web.<\/p><h2 class=\"wp-block-heading\">Con qui\u00e9n compartimos sus datos<\/h2><p><strong class=\"privacy-policy-tutorial\">Texto sugerido:<\/strong> si solicita un restablecimiento de contrase\u00f1a, su direcci\u00f3n IP se incluir\u00e1 en el correo electr\u00f3nico de restablecimiento.<\/p><h2 class=\"wp-block-heading\">Cu\u00e1nto tiempo conservamos sus datos<\/h2><p><strong class=\"privacy-policy-tutorial\">Texto sugerido:<\/strong> si deja un comentario, el comentario y sus metadatos se conservan indefinidamente. Esto es para que podamos reconocer y aprobar cualquier comentario de seguimiento autom\u00e1ticamente en lugar de mantenerlos en una cola de moderaci\u00f3n.<\/p><p>Para los usuarios que se registran en nuestro sitio web (si los hay), tambi\u00e9n almacenamos la informaci\u00f3n personal que proporcionan en su perfil de usuario. Todos los usuarios pueden ver, editar o eliminar su informaci\u00f3n personal en cualquier momento (excepto que no pueden cambiar su nombre de usuario). Los administradores del sitio web tambi\u00e9n pueden ver y editar esa informaci\u00f3n.<\/p><h2 class=\"wp-block-heading\">Qu\u00e9 derechos tienes sobre tus datos<\/h2><p><strong class=\"privacy-policy-tutorial\">Texto sugerido:<\/strong> si tiene una cuenta en este sitio o ha dejado comentarios, puede solicitar recibir un archivo exportado de los datos personales que tenemos sobre usted, incluidos los datos que nos haya proporcionado. Tambi\u00e9n puede solicitar que eliminemos cualquier dato personal que tengamos sobre usted. Esto no incluye ning\u00fan dato que estemos obligados a conservar con fines administrativos, legales o de seguridad.<\/p><h2 class=\"wp-block-heading\">Donde enviamos tus datos<\/h2><p><strong class=\"privacy-policy-tutorial\">Texto sugerido:<\/strong> Es posible que los comentarios de los visitantes los revise un servicio de detecci\u00f3n autom\u00e1tica de spam.<\/p>","protected":false},"excerpt":{"rendered":"<p>Quienes somos Texto sugerido: La direcci\u00f3n de nuestro sitio web es: https:\/\/wev.lndo.site. Comentarios Texto sugerido: cuando los visitantes dejan comentarios en el sitio, recopilamos los datos que se muestran en [&hellip;]<\/p>\n","protected":false},"author":1,"featured_media":0,"parent":0,"menu_order":0,"comment_status":"closed","ping_status":"open","template":"","meta":{"_acf_changed":false,"footnotes":""},"class_list":["post-664","page","type-page","status-publish","hentry"],"acf":{"flexible_blocks":[{"acf_fc_layout":"cb07_interior_banner","block_id":"","margin_top":"","margin_bottom":"","add_custom_css_class":"","headline":"Aviso de Privacidad del Sitio Web de WEV","sub_headline":"","image":false},{"acf_fc_layout":"cb11_text_editor","block_id":"","margin_top":"","margin_bottom":"","add_custom_css_class":"","editor":"<p>Women\u2019s Economic Ventures de Santa B\u00e1rbara, California, una corporaci\u00f3n de beneficio p\u00fablico sin fines de lucro (\u201cWEV\u201d) comprometida a proteger la privacidad y seguridad de su informaci\u00f3n personal. Al visitar o usar el sitio web de WEV, usted acepta la recolecci\u00f3n de datos y las pr\u00e1cticas de uso descritas en este aviso (\u201cAviso\u201d). Si no est\u00e1 de acuerdo con el Aviso, no utilice nuestro sitio web. El mero acto de visitar o usar este sitio web, incluso sin leer el documento legal sujeto, se considerar\u00e1 como la aceptaci\u00f3n de los t\u00e9rminos contenidos en este Aviso.<\/p>\n<h3><\/h3>\n<h3>RECOPILACI\u00d3N Y USO DE INFORMACI\u00d3N:<\/h3>\n<p>WEV es el propietario \u00fanico de la informaci\u00f3n recopilada en este sitio web. WEV no vender\u00e1, compartir\u00e1 ni alquilar\u00e1 esta informaci\u00f3n a terceros de manera diferente a lo que se divulga en este Aviso. WEV se reserva el derecho de compartir dicha informaci\u00f3n con sus afiliados y subsidiarias sin su permiso. WEV se reserva adem\u00e1s el derecho de divulgar su informaci\u00f3n personal, sin previo aviso, si as\u00ed lo exige la ley o si cree de buena fe que dicha acci\u00f3n es necesaria para (a) cumplir con la ley o cumplir con el proceso legal presentado en WEV o su sitio web; y (b) proteger y defender los derechos o propiedad de WEV o de su sitio web. Al proporcionar su n\u00famero de tel\u00e9fono m\u00f3vil y optar por recibir comunicaci\u00f3n por mensaje de texto a trav\u00e9s de un formulario en este sitio web, aplicaci\u00f3n o mensaje de texto, nos da su consentimiento para recibir mensajes de texto y notificaciones con fines informativos y promocionales. No se compartir\u00e1 ninguna informaci\u00f3n m\u00f3vil con terceros\/afiliados con fines de marketing\/promoci\u00f3n. Todas las dem\u00e1s categor\u00edas excluyen los datos de aceptaci\u00f3n y el consentimiento del originador de mensajes de texto; Esta informaci\u00f3n no ser\u00e1 compartida con terceros. La frecuencia de los mensajes puede variar dependiendo de sus interacciones con nuestro sitio web y\/o programas. Es posible que se apliquen tarifas est\u00e1ndar de mensajes y datos. Puede optar por no participar en cualquier momento enviando un mensaje de texto con la palabra: STOP al 805-667-0675. WEV se asocia con DonorPerfect, SafeSave Payment Services, y Stripe para fines de facturaci\u00f3n y procesamiento de donaciones, y puede recopilar informaci\u00f3n de la tarjeta de cr\u00e9dito del usuario directamente a solicitud del usuario.<\/p>\n<p>Para acceder al contenido base en nuestro sitio web, no se le pedir\u00e1 que nos proporcione informaci\u00f3n personal. Sin embargo, para acceder a ciertas comodidades de este sitio web, se puede solicitar a los usuarios que proporcionen informaci\u00f3n durante el registro para tales comodidades (por ejemplo, registro de clase, suscripci\u00f3n a boletines, foros). La informaci\u00f3n solicitada puede variar, pero generalmente incluir\u00e1 su nombre y al menos una direcci\u00f3n de correo electr\u00f3nico activa. La informaci\u00f3n relativa al hardware y software de su computadora se recopila autom\u00e1ticamente. Esta informaci\u00f3n puede incluir su direcci\u00f3n IP, tipo de navegador, nombres de dominio, tiempos de acceso y direcciones de sitios web de referencia. WEV utiliza esta informaci\u00f3n para mantener la calidad de su servicio y proporcionar estad\u00edsticas generales sobre los visitantes del sitio web. WEV puede almacenar y procesar informaci\u00f3n en los Estados Unidos o en cualquier otro pa\u00eds en el que WEV o sus filiales, subsidiarias o agentes mantengan instalaciones. Al usar el sitio web de WEV, usted acepta dicha transferencia de informaci\u00f3n fuera de su pa\u00eds.<\/p>\n<h3><\/h3>\n<h3>AN\u00c1LISIS DEL VISITANTE DEL SITIO WEB:<\/h3>\n<p>WEV recopila informaci\u00f3n sobre visitantes en l\u00ednea para ayudar a administrar el sitio web y mejorar el servicio. Esta informaci\u00f3n incluye las p\u00e1ginas visitadas en el sitio web, la fecha y hora de la visita, la direcci\u00f3n de Internet (URL o direcci\u00f3n IP) del sitio de referencia, el nombre de dominio y la direcci\u00f3n IP desde la que se produjo el acceso, la versi\u00f3n del navegador utilizada, las capacidades del navegador y los t\u00e9rminos de b\u00fasqueda utilizados en nuestros motores de b\u00fasqueda. Este sitio web no intenta identificar a los visitantes individuales a partir de esta informaci\u00f3n.<\/p>\n<h3><\/h3>\n<h3>SEGURIDAD:<\/h3>\n<p>Este sitio web toma precauciones para proteger la informaci\u00f3n de los usuarios. Cuando los usuarios env\u00edan informaci\u00f3n confidencial a trav\u00e9s del sitio web, la informaci\u00f3n est\u00e1 protegida. La tecnolog\u00eda Standard Secure Socket Layer (SSL) se utiliza para proteger la informaci\u00f3n mediante la autenticaci\u00f3n del servidor y el cifrado de datos para ayudar a garantizar que los datos est\u00e9n seguros y disponibles solo para el usuario.<\/p>\n<p>El acceso a la informaci\u00f3n de los usuarios est\u00e1 restringido. Solo los empleados y consultores de WEV o sus afiliados, subsidiarias o agentes que necesitan la informaci\u00f3n para realizar un trabajo espec\u00edfico (por ejemplo, cualquier miembro del personal del programa, personal de desarrollo y administradores de datos) tienen acceso a informaci\u00f3n de identificaci\u00f3n personal. Adem\u00e1s, todos los empleados se mantienen actualizados sobre nuestras pr\u00e1cticas de seguridad y privacidad. A medida que se agregan nuevos avisos, nuestros empleados son notificados y \/ o recordados sobre la importancia que le damos a la privacidad. Debe mantener su contrase\u00f1a confidencial y no compartir esta informaci\u00f3n con nadie. Sin embargo, es importante comprender que la informaci\u00f3n transmitida o divulgada en l\u00ednea puede ser recopilada y utilizada por otros o interceptada ilegalmente por terceros. No se puede garantizar que la transmisi\u00f3n de datos a trav\u00e9s de Internet sea 100% segura. Si bien tomamos las medidas necesarias para garantizar la protecci\u00f3n de su informaci\u00f3n personal, no podemos garantizar la seguridad de la informaci\u00f3n que se nos transmite.<\/p>\n<h3><\/h3>\n<h3>USO DE COOKIES:<\/h3>\n<p>Este sitio web utiliza cookies para ayudarlo a ahorrar tiempo la pr\u00f3xima vez que visite este sitio web. Una cookie es un dato almacenado en el disco duro del usuario que contiene informaci\u00f3n sobre el usuario. Las cookies no se pueden usar para ejecutar programas o enviar virus a su computadora. Una vez que el usuario cierra el navegador, la cookie queda inactiva hasta la pr\u00f3xima visita del usuario al sitio web, momento en el que ayuda al usuario. Por ejemplo, la cookie evita la necesidad de que un usuario inicie sesi\u00f3n con una contrase\u00f1a en cada visita, lo que ahorra tiempo mientras est\u00e1 en nuestro sitio web. Usted tiene la capacidad de aceptar o rechazar cookies. Si un usuario rechaza la cookie, a\u00fan puede usar nuestro sitio web. El \u00fanico inconveniente de esto es que el usuario estar\u00e1 limitado en algunas \u00e1reas de nuestro sitio web. Las cookies tambi\u00e9n pueden permitirnos rastrear y dirigir los intereses de nuestros usuarios para mejorar la experiencia en nuestro sitio web.<\/p>\n<h3><\/h3>\n<h3>ENLACES:<\/h3>\n<p>Este sitio web contiene enlaces a otros sitios. Tenga en cuenta que WEV no es responsable de las pr\u00e1cticas de privacidad de dichos otros sitios. WEV alienta a los usuarios a estar atentos cuando abandonan el sitio web de WEV y a leer las declaraciones de privacidad de todos y cada uno de los sitios web que recopilan informaci\u00f3n de identificaci\u00f3n personal. Este Aviso se aplica \u00fanicamente a la informaci\u00f3n recopilada por este sitio web.<\/p>\n<h3><\/h3>\n<h3>NI\u00d1OS:<\/h3>\n<p>Este sitio web no est\u00e1 destinado a ni\u00f1os menores de 13 a\u00f1os y no recopilamos intencionalmente informaci\u00f3n personal de ni\u00f1os menores de 13 a\u00f1os. Si usted es menor de 13 a\u00f1os, no env\u00ede informaci\u00f3n personal a trav\u00e9s de este sitio web. Alentamos a los padres y tutores legales a monitorear el uso de Internet de sus hijos y a ayudar a hacer cumplir nuestro Aviso de Privacidad, instruyendo a los ni\u00f1os a que nunca proporcionen informaci\u00f3n personal en este sitio web sin su permiso. Si tiene razones para creer que es posible que hayamos recibido accidentalmente informaci\u00f3n personal de un ni\u00f1o menor de 13 a\u00f1os, cont\u00e1ctenos de inmediato.<\/p>\n<h3><\/h3>\n<h3>ACCESO Y C\u00d3MO CONTACTARNOS:<\/h3>\n<p><strong>Para mantener su informaci\u00f3n precisa, cont\u00e1ctenos en:<\/strong><br \/>\n<strong>Tel\u00e9fono:<\/strong> <a href=\"tel:18059656073\">805-965-6073<\/a><br \/>\n<strong>Correo electr\u00f3nico:<\/strong> <a href=\"mailto:info@wevonline.org\">info@wevonline.org<\/a><\/p>\n<p><strong>Tomaremos medidas razonables para actualizar o corregir la informaci\u00f3n en nuestro poder que se haya enviado a trav\u00e9s del sitio web. No dude en contactarnos si tiene alguna pregunta sobre este Aviso de Privacidad o las pr\u00e1cticas de informaci\u00f3n del sitio.<\/strong><\/p>\n<h3><\/h3>\n<h3>CORRECCIONES Y ACTUALIZACIONES:<\/h3>\n<p>WEV se reserva el derecho de actualizar este Aviso. En ese momento, WEV tambi\u00e9n revisar\u00e1 la fecha de \u201c\u00faltima actualizaci\u00f3n\u201d al final de este Aviso. Para cambios materiales a este Aviso, WEV lo notificar\u00e1 mediante un aviso destacado en el Sitio web. Le recomendamos que revise peri\u00f3dicamente este Aviso. Puede acceder a parte de la informaci\u00f3n que WEV recopila y procesa sobre usted, como informaci\u00f3n de identificaci\u00f3n personal (nombre, correo electr\u00f3nico y contrase\u00f1a). Los usuarios podr\u00e1n acceder y actualizar dicha informaci\u00f3n de identificaci\u00f3n personal.<\/p>\n<h3><\/h3>\n<h3>PA\u00cdS DE OPERACI\u00d3N:<\/h3>\n<p>Este sitio web funciona en los Estados Unidos de acuerdo con las leyes de los Estados Unidos y los usuarios y visitantes de este sitio web deben tener en cuenta que las leyes de los Estados Unidos pueden diferir de las de su pa\u00eds de residencia. La informaci\u00f3n que recopilamos de usted ser\u00e1 transferida, almacenada y procesada en los Estados Unidos. Al enviar su informaci\u00f3n a trav\u00e9s de este sitio web, acepta dichas transferencias, almacenamiento u otro procesamiento. Es importante tener en cuenta que parte o la totalidad de su informaci\u00f3n proporcionada a proveedores de servicios externos puede ser mantenida por ellos en pa\u00edses distintos al suyo, incluido Estados Unidos. Usted reconoce y comprende que su informaci\u00f3n estar\u00e1 sujeta a las leyes aplicables de cada jurisdicci\u00f3n, que pueden no proporcionar la misma protecci\u00f3n que su pa\u00eds de residencia.<\/p>\n<p>\u00a0<\/p>\n<p class=\"subhead\">\u00daltima actualizaci\u00f3n en junio de 2024<\/p>\n<p style=\"text-align: center;\">\n<script type='text\/javascript' src='https:\/\/www.rapidscansecure.com\/siteseal\/siteseal.js?code=42,7CAD674445F99DA21077E352A6E0B188BD17C3B6'><\/script><\/p>\n"}],"floating_cta_enable":"disable"},"yoast_head":"<!-- This site is optimized with the Yoast SEO plugin v27.5 - https:\/\/yoast.com\/product\/yoast-seo-wordpress\/ -->\n<title>Aviso de Privacidad - WEV<\/title>\n<meta name=\"robots\" content=\"index, follow, max-snippet:-1, max-image-preview:large, max-video-preview:-1\" \/>\n<link rel=\"canonical\" href=\"https:\/\/www.wevonline.org\/es\/aviso-de-privacidad\/\" \/>\n<meta property=\"og:locale\" content=\"es_ES\" \/>\n<meta property=\"og:type\" content=\"article\" \/>\n<meta property=\"og:title\" content=\"Aviso de Privacidad - WEV\" \/>\n<meta property=\"og:description\" content=\"Quienes somos Texto sugerido: La direcci\u00f3n de nuestro sitio web es: https:\/\/wev.lndo.site. Comentarios Texto sugerido: cuando los visitantes dejan comentarios en el sitio, recopilamos los datos que se muestran en [&hellip;]\" \/>\n<meta property=\"og:url\" content=\"https:\/\/www.wevonline.org\/es\/aviso-de-privacidad\/\" \/>\n<meta property=\"og:site_name\" content=\"WEV\" \/>\n<meta property=\"article:publisher\" content=\"https:\/\/www.facebook.com\/WomensEconomicVentures\" \/>\n<meta property=\"article:modified_time\" content=\"2024-06-20T22:04:31+00:00\" \/>\n<meta name=\"twitter:card\" content=\"summary_large_image\" \/>\n<script type=\"application\/ld+json\" class=\"yoast-schema-graph\">{\"@context\":\"https:\\\/\\\/schema.org\",\"@graph\":[{\"@type\":\"WebPage\",\"@id\":\"https:\\\/\\\/www.wevonline.org\\\/es\\\/aviso-de-privacidad\\\/\",\"url\":\"https:\\\/\\\/www.wevonline.org\\\/es\\\/aviso-de-privacidad\\\/\",\"name\":\"Aviso de Privacidad - WEV\",\"isPartOf\":{\"@id\":\"https:\\\/\\\/www.wevonline.org\\\/es\\\/#website\"},\"datePublished\":\"2022-05-02T18:10:14+00:00\",\"dateModified\":\"2024-06-20T22:04:31+00:00\",\"breadcrumb\":{\"@id\":\"https:\\\/\\\/www.wevonline.org\\\/es\\\/aviso-de-privacidad\\\/#breadcrumb\"},\"inLanguage\":\"es-ES\",\"potentialAction\":[{\"@type\":\"ReadAction\",\"target\":[\"https:\\\/\\\/www.wevonline.org\\\/es\\\/aviso-de-privacidad\\\/\"]}]},{\"@type\":\"BreadcrumbList\",\"@id\":\"https:\\\/\\\/www.wevonline.org\\\/es\\\/aviso-de-privacidad\\\/#breadcrumb\",\"itemListElement\":[{\"@type\":\"ListItem\",\"position\":1,\"name\":\"Home\",\"item\":\"https:\\\/\\\/www.wevonline.org\\\/es\\\/\"},{\"@type\":\"ListItem\",\"position\":2,\"name\":\"Aviso de Privacidad\"}]},{\"@type\":\"WebSite\",\"@id\":\"https:\\\/\\\/www.wevonline.org\\\/es\\\/#website\",\"url\":\"https:\\\/\\\/www.wevonline.org\\\/es\\\/\",\"name\":\"WEV\",\"description\":\"Women&#039;s Economic Ventures\",\"publisher\":{\"@id\":\"https:\\\/\\\/www.wevonline.org\\\/es\\\/#organization\"},\"potentialAction\":[{\"@type\":\"SearchAction\",\"target\":{\"@type\":\"EntryPoint\",\"urlTemplate\":\"https:\\\/\\\/www.wevonline.org\\\/es\\\/?s={search_term_string}\"},\"query-input\":{\"@type\":\"PropertyValueSpecification\",\"valueRequired\":true,\"valueName\":\"search_term_string\"}}],\"inLanguage\":\"es-ES\"},{\"@type\":\"Organization\",\"@id\":\"https:\\\/\\\/www.wevonline.org\\\/es\\\/#organization\",\"name\":\"Women's Economic Ventures\",\"url\":\"https:\\\/\\\/www.wevonline.org\\\/es\\\/\",\"logo\":{\"@type\":\"ImageObject\",\"inLanguage\":\"es-ES\",\"@id\":\"https:\\\/\\\/www.wevonline.org\\\/es\\\/#\\\/schema\\\/logo\\\/image\\\/\",\"url\":\"https:\\\/\\\/www.wevonline.org\\\/wp-content\\\/uploads\\\/2022\\\/08\\\/WEV-Spanish-Logo_Website-Header.png\",\"contentUrl\":\"https:\\\/\\\/www.wevonline.org\\\/wp-content\\\/uploads\\\/2022\\\/08\\\/WEV-Spanish-Logo_Website-Header.png\",\"width\":506,\"height\":127,\"caption\":\"Women's Economic Ventures\"},\"image\":{\"@id\":\"https:\\\/\\\/www.wevonline.org\\\/es\\\/#\\\/schema\\\/logo\\\/image\\\/\"},\"sameAs\":[\"https:\\\/\\\/www.facebook.com\\\/WomensEconomicVentures\",\"https:\\\/\\\/www.instagram.com\\\/womenseconomicventures\\\/?hl=en\"]}]}<\/script>\n<!-- \/ Yoast SEO plugin. -->","yoast_head_json":{"title":"Aviso de Privacidad - WEV","robots":{"index":"index","follow":"follow","max-snippet":"max-snippet:-1","max-image-preview":"max-image-preview:large","max-video-preview":"max-video-preview:-1"},"canonical":"https:\/\/www.wevonline.org\/es\/aviso-de-privacidad\/","og_locale":"es_ES","og_type":"article","og_title":"Aviso de Privacidad - WEV","og_description":"Quienes somos Texto sugerido: La direcci\u00f3n de nuestro sitio web es: https:\/\/wev.lndo.site. Comentarios Texto sugerido: cuando los visitantes dejan comentarios en el sitio, recopilamos los datos que se muestran en [&hellip;]","og_url":"https:\/\/www.wevonline.org\/es\/aviso-de-privacidad\/","og_site_name":"WEV","article_publisher":"https:\/\/www.facebook.com\/WomensEconomicVentures","article_modified_time":"2024-06-20T22:04:31+00:00","twitter_card":"summary_large_image","schema":{"@context":"https:\/\/schema.org","@graph":[{"@type":"WebPage","@id":"https:\/\/www.wevonline.org\/es\/aviso-de-privacidad\/","url":"https:\/\/www.wevonline.org\/es\/aviso-de-privacidad\/","name":"Aviso de Privacidad - WEV","isPartOf":{"@id":"https:\/\/www.wevonline.org\/es\/#website"},"datePublished":"2022-05-02T18:10:14+00:00","dateModified":"2024-06-20T22:04:31+00:00","breadcrumb":{"@id":"https:\/\/www.wevonline.org\/es\/aviso-de-privacidad\/#breadcrumb"},"inLanguage":"es-ES","potentialAction":[{"@type":"ReadAction","target":["https:\/\/www.wevonline.org\/es\/aviso-de-privacidad\/"]}]},{"@type":"BreadcrumbList","@id":"https:\/\/www.wevonline.org\/es\/aviso-de-privacidad\/#breadcrumb","itemListElement":[{"@type":"ListItem","position":1,"name":"Home","item":"https:\/\/www.wevonline.org\/es\/"},{"@type":"ListItem","position":2,"name":"Aviso de Privacidad"}]},{"@type":"WebSite","@id":"https:\/\/www.wevonline.org\/es\/#website","url":"https:\/\/www.wevonline.org\/es\/","name":"WEV","description":"Women&#039;s Economic Ventures","publisher":{"@id":"https:\/\/www.wevonline.org\/es\/#organization"},"potentialAction":[{"@type":"SearchAction","target":{"@type":"EntryPoint","urlTemplate":"https:\/\/www.wevonline.org\/es\/?s={search_term_string}"},"query-input":{"@type":"PropertyValueSpecification","valueRequired":true,"valueName":"search_term_string"}}],"inLanguage":"es-ES"},{"@type":"Organization","@id":"https:\/\/www.wevonline.org\/es\/#organization","name":"Women's Economic Ventures","url":"https:\/\/www.wevonline.org\/es\/","logo":{"@type":"ImageObject","inLanguage":"es-ES","@id":"https:\/\/www.wevonline.org\/es\/#\/schema\/logo\/image\/","url":"https:\/\/www.wevonline.org\/wp-content\/uploads\/2022\/08\/WEV-Spanish-Logo_Website-Header.png","contentUrl":"https:\/\/www.wevonline.org\/wp-content\/uploads\/2022\/08\/WEV-Spanish-Logo_Website-Header.png","width":506,"height":127,"caption":"Women's Economic Ventures"},"image":{"@id":"https:\/\/www.wevonline.org\/es\/#\/schema\/logo\/image\/"},"sameAs":["https:\/\/www.facebook.com\/WomensEconomicVentures","https:\/\/www.instagram.com\/womenseconomicventures\/?hl=en"]}]}},"_links":{"self":[{"href":"https:\/\/www.wevonline.org\/es\/wp-json\/wp\/v2\/pages\/664","targetHints":{"allow":["GET"]}}],"collection":[{"href":"https:\/\/www.wevonline.org\/es\/wp-json\/wp\/v2\/pages"}],"about":[{"href":"https:\/\/www.wevonline.org\/es\/wp-json\/wp\/v2\/types\/page"}],"author":[{"embeddable":true,"href":"https:\/\/www.wevonline.org\/es\/wp-json\/wp\/v2\/users\/1"}],"replies":[{"embeddable":true,"href":"https:\/\/www.wevonline.org\/es\/wp-json\/wp\/v2\/comments?post=664"}],"version-history":[{"count":2,"href":"https:\/\/www.wevonline.org\/es\/wp-json\/wp\/v2\/pages\/664\/revisions"}],"predecessor-version":[{"id":3928,"href":"https:\/\/www.wevonline.org\/es\/wp-json\/wp\/v2\/pages\/664\/revisions\/3928"}],"wp:attachment":[{"href":"https:\/\/www.wevonline.org\/es\/wp-json\/wp\/v2\/media?parent=664"}],"curies":[{"name":"wp","href":"https:\/\/api.w.org\/{rel}","templated":true}]}}