{"id":658,"date":"2022-06-14T03:19:20","date_gmt":"2022-06-14T03:19:20","guid":{"rendered":"https:\/\/www.wevonline.org\/noticias\/"},"modified":"2024-12-17T22:47:54","modified_gmt":"2024-12-17T22:47:54","slug":"noticias","status":"publish","type":"page","link":"https:\/\/www.wevonline.org\/es\/noticias\/","title":{"rendered":"Noticias"},"content":{"rendered":"","protected":false},"excerpt":{"rendered":"","protected":false},"author":1,"featured_media":0,"parent":0,"menu_order":0,"comment_status":"closed","ping_status":"closed","template":"templates\/template-h.php","meta":{"_acf_changed":false,"footnotes":""},"class_list":["post-658","page","type-page","status-publish","hentry"],"acf":{"flexible_blocks":false,"floating_cta_enable":"enable","template_h_content":[{"acf_fc_layout":"cb07_interior_banner","block_id":"","margin_top":"","margin_bottom":"","add_custom_css_class":"news-header","headline":"Noticias de WEV","sub_headline":"","image":false},{"acf_fc_layout":"cb14_archive","cb14_subheading":"Noticias de la comunidad de WEV","cb14_searchbar_suggestion_type":false,"cb14_additional_filters":false,"cb14_searchbar_toggle":false,"cb14_searchbar_suggestions_cats":[],"cb14_sidebar_toggle":false},{"acf_fc_layout":"cb19_donate","donate_image":"https:\/\/www.wevonline.org\/wp-content\/uploads\/2024\/01\/Blanca-Hoffmeier-Donation-CTA-Block.jpg","donate_icon":{"ID":12367,"id":12367,"title":"icon-donate","filename":"icon-donate.png","filesize":3994,"url":"https:\/\/www.wevonline.org\/wp-content\/uploads\/2023\/12\/icon-donate.png","link":"https:\/\/www.wevonline.org\/es\/acerca-de-wev\/icon-donate-3-2\/","alt":"","author":"1","description":"","caption":"","name":"icon-donate-3-2","status":"inherit","uploaded_to":628,"date":"2023-12-18 20:24:59","modified":"2023-12-18 20:24:59","menu_order":0,"mime_type":"image\/png","type":"image","subtype":"png","icon":"https:\/\/www.wevonline.org\/wp-includes\/images\/media\/default.png","width":111,"height":103,"sizes":{"thumbnail":"https:\/\/www.wevonline.org\/wp-content\/uploads\/2023\/12\/icon-donate.png","thumbnail-width":111,"thumbnail-height":103,"medium":"https:\/\/www.wevonline.org\/wp-content\/uploads\/2023\/12\/icon-donate.png","medium-width":111,"medium-height":103,"medium_large":"https:\/\/www.wevonline.org\/wp-content\/uploads\/2023\/12\/icon-donate.png","medium_large-width":111,"medium_large-height":103,"large":"https:\/\/www.wevonline.org\/wp-content\/uploads\/2023\/12\/icon-donate.png","large-width":111,"large-height":103,"1536x1536":"https:\/\/www.wevonline.org\/wp-content\/uploads\/2023\/12\/icon-donate.png","1536x1536-width":111,"1536x1536-height":103,"2048x2048":"https:\/\/www.wevonline.org\/wp-content\/uploads\/2023\/12\/icon-donate.png","2048x2048-width":111,"2048x2048-height":103,"ajax-load-more-custom":"https:\/\/www.wevonline.org\/wp-content\/uploads\/2023\/12\/icon-donate.png","ajax-load-more-custom-width":111,"ajax-load-more-custom-height":103,"alm-thumbnail":"https:\/\/www.wevonline.org\/wp-content\/uploads\/2023\/12\/icon-donate.png","alm-thumbnail-width":111,"alm-thumbnail-height":103,"gform-image-choice-sm":"https:\/\/www.wevonline.org\/wp-content\/uploads\/2023\/12\/icon-donate.png","gform-image-choice-sm-width":111,"gform-image-choice-sm-height":103,"gform-image-choice-md":"https:\/\/www.wevonline.org\/wp-content\/uploads\/2023\/12\/icon-donate.png","gform-image-choice-md-width":111,"gform-image-choice-md-height":103,"gform-image-choice-lg":"https:\/\/www.wevonline.org\/wp-content\/uploads\/2023\/12\/icon-donate.png","gform-image-choice-lg-width":111,"gform-image-choice-lg-height":103}},"donate_cb_headline":" Conviertete en donante de WEV","donate_cb_body":"Muestra tu apoyo a la equidad econ\u00f3mica y a las empresas propiedad de mujeres convirti\u00e9ndote hoy en donante de WEV.","donate_cb_link":{"title":"EXPLORA BENEFICIOS PARA DONANTES","url":"https:\/\/www.wevonline.org\/es\/dona\/","target":"_blank"}},{"acf_fc_layout":"cb12_related_content","block_id":"","margin_top":"","margin_bottom":"","add_custom_css_class":"","heading":"Tambi\u00e9n te puede interesar","classes_resources":"show_latest","show_latest":null,"drawer":false}]},"yoast_head":"<!-- This site is optimized with the Yoast SEO plugin v27.2 - https:\/\/yoast.com\/product\/yoast-seo-wordpress\/ -->\n<title>Noticias - WEV<\/title>\n<meta name=\"description\" content=\"Mant\u00e9ngate al d\u00eda con WEV. Consulte los \u00faltimos comunicados de prensa, cobertura de noticias y m\u00e1s.\" \/>\n<meta name=\"robots\" content=\"index, follow, max-snippet:-1, max-image-preview:large, max-video-preview:-1\" \/>\n<link rel=\"canonical\" href=\"https:\/\/wevonline.org\/es\/noticias\/\" \/>\n<meta property=\"og:locale\" content=\"es_ES\" \/>\n<meta property=\"og:type\" content=\"article\" \/>\n<meta property=\"og:title\" content=\"Noticias - WEV\" \/>\n<meta property=\"og:description\" content=\"Mant\u00e9ngate al d\u00eda con WEV. Consulte los \u00faltimos comunicados de prensa, cobertura de noticias y m\u00e1s.\" \/>\n<meta property=\"og:url\" content=\"https:\/\/wevonline.org\/es\/noticias\/\" \/>\n<meta property=\"og:site_name\" content=\"WEV\" \/>\n<meta property=\"article:publisher\" content=\"https:\/\/www.facebook.com\/WomensEconomicVentures\" \/>\n<meta property=\"article:modified_time\" content=\"2024-12-17T22:47:54+00:00\" \/>\n<meta name=\"twitter:card\" content=\"summary_large_image\" \/>\n<script type=\"application\/ld+json\" class=\"yoast-schema-graph\">{\"@context\":\"https:\/\/schema.org\",\"@graph\":[{\"@type\":\"WebPage\",\"@id\":\"https:\/\/wevonline.org\/es\/noticias\/\",\"url\":\"https:\/\/wevonline.org\/es\/noticias\/\",\"name\":\"Noticias - WEV\",\"isPartOf\":{\"@id\":\"https:\/\/www.wevonline.org\/#website\"},\"datePublished\":\"2022-06-14T03:19:20+00:00\",\"dateModified\":\"2024-12-17T22:47:54+00:00\",\"description\":\"Mant\u00e9ngate al d\u00eda con WEV. Consulte los \u00faltimos comunicados de prensa, cobertura de noticias y m\u00e1s.\",\"breadcrumb\":{\"@id\":\"https:\/\/wevonline.org\/es\/noticias\/#breadcrumb\"},\"inLanguage\":\"es-ES\",\"potentialAction\":[{\"@type\":\"ReadAction\",\"target\":[\"https:\/\/wevonline.org\/es\/noticias\/\"]}]},{\"@type\":\"BreadcrumbList\",\"@id\":\"https:\/\/wevonline.org\/es\/noticias\/#breadcrumb\",\"itemListElement\":[{\"@type\":\"ListItem\",\"position\":1,\"name\":\"Home\",\"item\":\"https:\/\/www.wevonline.org\/es\/\"},{\"@type\":\"ListItem\",\"position\":2,\"name\":\"Noticias\"}]},{\"@type\":\"WebSite\",\"@id\":\"https:\/\/www.wevonline.org\/#website\",\"url\":\"https:\/\/www.wevonline.org\/\",\"name\":\"WEV\",\"description\":\"Women&#039;s Economic Ventures\",\"publisher\":{\"@id\":\"https:\/\/www.wevonline.org\/#organization\"},\"potentialAction\":[{\"@type\":\"SearchAction\",\"target\":{\"@type\":\"EntryPoint\",\"urlTemplate\":\"https:\/\/www.wevonline.org\/?s={search_term_string}\"},\"query-input\":{\"@type\":\"PropertyValueSpecification\",\"valueRequired\":true,\"valueName\":\"search_term_string\"}}],\"inLanguage\":\"es-ES\"},{\"@type\":\"Organization\",\"@id\":\"https:\/\/www.wevonline.org\/#organization\",\"name\":\"Women's Economic Ventures\",\"url\":\"https:\/\/www.wevonline.org\/\",\"logo\":{\"@type\":\"ImageObject\",\"inLanguage\":\"es-ES\",\"@id\":\"https:\/\/www.wevonline.org\/#\/schema\/logo\/image\/\",\"url\":\"https:\/\/www.wevonline.org\/wp-content\/uploads\/2022\/08\/WEV-Spanish-Logo_Website-Header.png\",\"contentUrl\":\"https:\/\/www.wevonline.org\/wp-content\/uploads\/2022\/08\/WEV-Spanish-Logo_Website-Header.png\",\"width\":506,\"height\":127,\"caption\":\"Women's Economic Ventures\"},\"image\":{\"@id\":\"https:\/\/www.wevonline.org\/#\/schema\/logo\/image\/\"},\"sameAs\":[\"https:\/\/www.facebook.com\/WomensEconomicVentures\",\"https:\/\/www.instagram.com\/womenseconomicventures\/?hl=en\"]}]}<\/script>\n<!-- \/ Yoast SEO plugin. -->","yoast_head_json":{"title":"Noticias - WEV","description":"Mant\u00e9ngate al d\u00eda con WEV. Consulte los \u00faltimos comunicados de prensa, cobertura de noticias y m\u00e1s.","robots":{"index":"index","follow":"follow","max-snippet":"max-snippet:-1","max-image-preview":"max-image-preview:large","max-video-preview":"max-video-preview:-1"},"canonical":"https:\/\/wevonline.org\/es\/noticias\/","og_locale":"es_ES","og_type":"article","og_title":"Noticias - WEV","og_description":"Mant\u00e9ngate al d\u00eda con WEV. Consulte los \u00faltimos comunicados de prensa, cobertura de noticias y m\u00e1s.","og_url":"https:\/\/wevonline.org\/es\/noticias\/","og_site_name":"WEV","article_publisher":"https:\/\/www.facebook.com\/WomensEconomicVentures","article_modified_time":"2024-12-17T22:47:54+00:00","twitter_card":"summary_large_image","schema":{"@context":"https:\/\/schema.org","@graph":[{"@type":"WebPage","@id":"https:\/\/wevonline.org\/es\/noticias\/","url":"https:\/\/wevonline.org\/es\/noticias\/","name":"Noticias - WEV","isPartOf":{"@id":"https:\/\/www.wevonline.org\/#website"},"datePublished":"2022-06-14T03:19:20+00:00","dateModified":"2024-12-17T22:47:54+00:00","description":"Mant\u00e9ngate al d\u00eda con WEV. Consulte los \u00faltimos comunicados de prensa, cobertura de noticias y m\u00e1s.","breadcrumb":{"@id":"https:\/\/wevonline.org\/es\/noticias\/#breadcrumb"},"inLanguage":"es-ES","potentialAction":[{"@type":"ReadAction","target":["https:\/\/wevonline.org\/es\/noticias\/"]}]},{"@type":"BreadcrumbList","@id":"https:\/\/wevonline.org\/es\/noticias\/#breadcrumb","itemListElement":[{"@type":"ListItem","position":1,"name":"Home","item":"https:\/\/www.wevonline.org\/es\/"},{"@type":"ListItem","position":2,"name":"Noticias"}]},{"@type":"WebSite","@id":"https:\/\/www.wevonline.org\/#website","url":"https:\/\/www.wevonline.org\/","name":"WEV","description":"Women&#039;s Economic Ventures","publisher":{"@id":"https:\/\/www.wevonline.org\/#organization"},"potentialAction":[{"@type":"SearchAction","target":{"@type":"EntryPoint","urlTemplate":"https:\/\/www.wevonline.org\/?s={search_term_string}"},"query-input":{"@type":"PropertyValueSpecification","valueRequired":true,"valueName":"search_term_string"}}],"inLanguage":"es-ES"},{"@type":"Organization","@id":"https:\/\/www.wevonline.org\/#organization","name":"Women's Economic Ventures","url":"https:\/\/www.wevonline.org\/","logo":{"@type":"ImageObject","inLanguage":"es-ES","@id":"https:\/\/www.wevonline.org\/#\/schema\/logo\/image\/","url":"https:\/\/www.wevonline.org\/wp-content\/uploads\/2022\/08\/WEV-Spanish-Logo_Website-Header.png","contentUrl":"https:\/\/www.wevonline.org\/wp-content\/uploads\/2022\/08\/WEV-Spanish-Logo_Website-Header.png","width":506,"height":127,"caption":"Women's Economic Ventures"},"image":{"@id":"https:\/\/www.wevonline.org\/#\/schema\/logo\/image\/"},"sameAs":["https:\/\/www.facebook.com\/WomensEconomicVentures","https:\/\/www.instagram.com\/womenseconomicventures\/?hl=en"]}]}},"_links":{"self":[{"href":"https:\/\/www.wevonline.org\/es\/wp-json\/wp\/v2\/pages\/658","targetHints":{"allow":["GET"]}}],"collection":[{"href":"https:\/\/www.wevonline.org\/es\/wp-json\/wp\/v2\/pages"}],"about":[{"href":"https:\/\/www.wevonline.org\/es\/wp-json\/wp\/v2\/types\/page"}],"author":[{"embeddable":true,"href":"https:\/\/www.wevonline.org\/es\/wp-json\/wp\/v2\/users\/1"}],"replies":[{"embeddable":true,"href":"https:\/\/www.wevonline.org\/es\/wp-json\/wp\/v2\/comments?post=658"}],"version-history":[{"count":4,"href":"https:\/\/www.wevonline.org\/es\/wp-json\/wp\/v2\/pages\/658\/revisions"}],"predecessor-version":[{"id":6139,"href":"https:\/\/www.wevonline.org\/es\/wp-json\/wp\/v2\/pages\/658\/revisions\/6139"}],"wp:attachment":[{"href":"https:\/\/www.wevonline.org\/es\/wp-json\/wp\/v2\/media?parent=658"}],"curies":[{"name":"wp","href":"https:\/\/api.w.org\/{rel}","templated":true}]}}