{"id":650,"date":"2022-06-14T11:23:58","date_gmt":"2022-06-14T11:23:58","guid":{"rendered":"https:\/\/www.wevonline.org\/empoderamiento-financiero\/"},"modified":"2025-09-22T19:46:06","modified_gmt":"2025-09-22T19:46:06","slug":"empoderamiento-financiero","status":"publish","type":"page","link":"https:\/\/www.wevonline.org\/es\/empoderamiento-financiero\/","title":{"rendered":"Empoderamiento financiero"},"content":{"rendered":"","protected":false},"excerpt":{"rendered":"","protected":false},"author":1,"featured_media":5184,"parent":0,"menu_order":0,"comment_status":"closed","ping_status":"closed","template":"templates\/template-c.php","meta":{"_acf_changed":false,"footnotes":""},"class_list":["post-650","page","type-page","status-publish","has-post-thumbnail","hentry"],"acf":{"floating_cta_enable":"disable","content_template_c":[{"acf_fc_layout":"cb07_interior_banner","block_id":"","margin_top":"","margin_bottom":"","add_custom_css_class":"","headline":"Empoderamiento Financiero","sub_headline":"","image":"https:\/\/www.wevonline.org\/wp-content\/uploads\/2022\/08\/Financial-Empowerment-Banner.jpg"},{"acf_fc_layout":"cb16_program_grid","block_id":"","margin_top":"","margin_bottom":"","add_custom_css_class":"","headline":"Programas de Empoderamiento Financiero","need_help_heading":"\u00bfNecesitas ayuda?","use_image_instead_of_help_links":false,"right_side_image":false,"need_help_links":[{"links":{"title":"Encuentra recursos para ti","url":"#fin-emp-scenario-selector","target":""}},{"links":{"title":"Preguntas frecuentes","url":"#fin-emp-faqs","target":""}},{"links":{"title":"Ponte en contacto","url":"https:\/\/www.wevonline.org\/es\/ponte-en-contacto\/?entry=%7B%22Team%22:%22Financial+Empowerment%22%7D","target":""}}],"program_tiles":[{"cta_link":{"title":"Clase de Empoderamiento Financiero","url":"https:\/\/www.wevonline.org\/es\/classes-resources\/clase-de-empoderamiento-financiero\/","target":""},"description":"Toma el control de tus finanzas personales en esta clase de 3 horas. Aprende a hacer un presupuesto, consejos para ahorrar dinero y c\u00f3mo establecer metas financieras en una comunidad de apoyo. Disponible en espa\u00f1ol e ingl\u00e9s."},{"cta_link":{"title":"Construye tu Cr\u00e9dito","url":"https:\/\/www.wevonline.org\/es\/classes-resources\/construye-tu-credito\/","target":""},"description":"Toma el control de tu cr\u00e9dito. Un curso gratuito de 6 semanas para ayudarte a entender tu puntaje y c\u00f3mo mejorarlo con el tiempo para alcanzar tus metas financieras a largo plazo. Disponible en espa\u00f1ol e ingl\u00e9s."},{"cta_link":{"title":"Consultor\u00eda de Contabilidad","url":"https:\/\/www.wevonline.org\/es\/programs\/consultoria-de-contabilidad\/","target":""},"description":"Asesor\u00eda experta uno a uno para establecer sistemas de contabilidad, ordenar tus registros y fortalecer la base financiera de tu negocio. En espa\u00f1ol, opcion en ingl\u00e9s."}]},{"acf_fc_layout":"cb05_scenario_selector","block_id":"fin-emp-scenario-selector","margin_top":"","margin_bottom":"","add_custom_css_class":"","heading":"Encuentra recursos para ti","drawers":[{"text":"Soy due\u00f1a(o) de una peque\u00f1a empresa y quiero entender mejor mis finanzas...","drawer_content":[{"button":{"title":"Consultor\u00eda de Contabilidad","url":"https:\/\/www.wevonline.org\/es\/programs\/consultoria-de-quickbooks\/","target":""}},{"button":null}]},{"text":"Deseo estar mas confiada(o) al hacer decisiones y administrar mis finanzas...","drawer_content":[{"button":{"title":"Clase de Empoderamiento Financiero","url":"https:\/\/www.wevonline.org\/es\/classes-resources\/clase-de-empoderamiento-financiero\/","target":""}}]},{"text":"Busco ayuda para manejar mis finanzas personales y crear metas financieras\u2026","drawer_content":[{"button":{"title":"Clase de Empoderamiento Financiero","url":"https:\/\/www.wevonline.org\/es\/classes-resources\/clase-de-empoderamiento-financiero\/","target":""}}]},{"text":"Necesito ayuda para tomar el control de mis deudas\u2026","drawer_content":[{"button":{"title":"Clase de Construye tu Cr\u00e9dito","url":"https:\/\/www.wevonline.org\/es\/classes-resources\/construye-tu-credito\/","target":""}}]},{"text":"Quiero apoyo para crear un presupuesto personal y herramientas para usarlo\u2026","drawer_content":[{"button":{"title":"Clase de Empoderamiento Financiero","url":"https:\/\/www.wevonline.org\/es\/classes-resources\/clase-de-empoderamiento-financiero\/","target":""}}]}]},{"acf_fc_layout":"cb06_stories_and_speakers","block_id":"","margin_top":"","margin_bottom":"","add_custom_css_class":"","stories_speakers":"stories","select_stories":[{"ID":3739,"post_author":"3","post_date":"2022-08-14 00:51:03","post_date_gmt":"2022-08-14 00:51:03","post_content":"","post_title":"Kimberly Stroud","post_excerpt":"","post_status":"publish","comment_status":"closed","ping_status":"closed","post_password":"","post_name":"kimberly-stroud","to_ping":"","pinged":"","post_modified":"2025-02-25 03:54:24","post_modified_gmt":"2025-02-25 03:54:24","post_content_filtered":"","post_parent":0,"guid":"https:\/\/www.wevonline.org\/stories\/kimberly-stroud\/","menu_order":0,"post_type":"s_cpt","post_mime_type":"","comment_count":"0","filter":"raw"},{"ID":8003,"post_author":"3","post_date":"2023-04-04 21:58:44","post_date_gmt":"2023-04-04 21:58:44","post_content":"","post_title":"Yvette Avila (financial empowerment quote only)","post_excerpt":"","post_status":"publish","comment_status":"closed","ping_status":"closed","post_password":"","post_name":"yvette-avila-financial-empowerment-quote-only","to_ping":"","pinged":"","post_modified":"2023-04-04 21:58:44","post_modified_gmt":"2023-04-04 21:58:44","post_content_filtered":"","post_parent":0,"guid":"https:\/\/www.wevonline.org\/stories\/yvette-avila-financial-empowerment-quote-only\/","menu_order":0,"post_type":"s_cpt","post_mime_type":"","comment_count":"0","filter":"raw"}],"heading":"","description":"","cta_link":null,"image":false,"all_stories_cta":{"title":"Todas las historias","url":"https:\/\/www.wevonline.org\/es\/historias-wev\/","target":""}},{"acf_fc_layout":"cb09_faq_drawers","block_id":"fin-emp-faqs","margin_top":"","margin_bottom":"","add_custom_css_class":"","heading":"Preguntas frecuentes","default_faq_image":"https:\/\/www.wevonline.org\/wp-content\/uploads\/2022\/08\/Financial-Empowerment-FAQ-Default.jpg","faq_drawer":[{"ID":3668,"post_author":"3","post_date":"2022-08-13 19:42:07","post_date_gmt":"2022-08-13 19:42:07","post_content":"","post_title":"\u00bfPor qu\u00e9 ofrecen programas de Empoderamiento Financiero?","post_excerpt":"","post_status":"publish","comment_status":"closed","ping_status":"closed","post_password":"","post_name":"por-que-ofrecen-programas-de-empoderamiento-financiero","to_ping":"","pinged":"","post_modified":"2025-01-23 19:35:15","post_modified_gmt":"2025-01-23 19:35:15","post_content_filtered":"","post_parent":0,"guid":"https:\/\/www.wevonline.org\/f_cpt\/por-que-ofrecen-programas-de-empoderamiento-financiero\/","menu_order":0,"post_type":"f_cpt","post_mime_type":"","comment_count":"0","filter":"raw"},{"ID":3669,"post_author":"3","post_date":"2022-08-13 19:43:41","post_date_gmt":"2022-08-13 19:43:41","post_content":"","post_title":"\u00bfRealmente tenemos que hablar de los n\u00fameros?","post_excerpt":"","post_status":"publish","comment_status":"closed","ping_status":"closed","post_password":"","post_name":"realmente-tenemos-que-hablar-de-los-numeros","to_ping":"","pinged":"","post_modified":"2022-08-31 20:08:21","post_modified_gmt":"2022-08-31 20:08:21","post_content_filtered":"","post_parent":0,"guid":"https:\/\/www.wevonline.org\/f_cpt\/realmente-tenemos-que-hablar-de-los-numeros\/","menu_order":0,"post_type":"f_cpt","post_mime_type":"","comment_count":"0","filter":"raw"},{"ID":3670,"post_author":"3","post_date":"2022-08-13 19:44:00","post_date_gmt":"2022-08-13 19:44:00","post_content":"","post_title":"\u00bfOfrecen clases de Empoderamiento Financiero para adolescentes?","post_excerpt":"","post_status":"publish","comment_status":"closed","ping_status":"closed","post_password":"","post_name":"ofrecen-clases-de-empoderamiento-financiero-para-adolescentes","to_ping":"","pinged":"","post_modified":"2022-08-31 20:08:09","post_modified_gmt":"2022-08-31 20:08:09","post_content_filtered":"","post_parent":0,"guid":"https:\/\/www.wevonline.org\/f_cpt\/ofrecen-clases-de-empoderamiento-financiero-para-adolescentes\/","menu_order":0,"post_type":"f_cpt","post_mime_type":"","comment_count":"0","filter":"raw"},{"ID":3671,"post_author":"3","post_date":"2022-08-13 19:45:36","post_date_gmt":"2022-08-13 19:45:36","post_content":"","post_title":"Me interesa brindarles educaci\u00f3n financiera a mis empleadas(os). \u00bfEs esto algo que proporciona WEV?","post_excerpt":"","post_status":"publish","comment_status":"closed","ping_status":"closed","post_password":"","post_name":"me-interesa-brindarles-educacion-financiera-a-mis-empleadasos-es-esto-algo-que-proporciona-wev","to_ping":"","pinged":"","post_modified":"2022-08-31 20:08:01","post_modified_gmt":"2022-08-31 20:08:01","post_content_filtered":"","post_parent":0,"guid":"https:\/\/www.wevonline.org\/f_cpt\/me-interesa-brindarles-educacion-financiera-a-mis-empleadasos-es-esto-algo-que-proporciona-wev\/","menu_order":0,"post_type":"f_cpt","post_mime_type":"","comment_count":"0","filter":"raw"}]}]},"yoast_head":"<!-- This site is optimized with the Yoast SEO plugin v27.2 - https:\/\/yoast.com\/product\/yoast-seo-wordpress\/ -->\n<title>Empoderamiento financiero - WEV<\/title>\n<meta name=\"description\" content=\"Apoyo para desarrollar tu confianza, tomar el control de tus finanzas personales y de negocio y planificar tu futuro.\" \/>\n<meta name=\"robots\" content=\"index, follow, max-snippet:-1, max-image-preview:large, max-video-preview:-1\" \/>\n<link rel=\"canonical\" href=\"https:\/\/www.wevonline.org\/es\/empoderamiento-financiero\/\" \/>\n<meta property=\"og:locale\" content=\"es_ES\" \/>\n<meta property=\"og:type\" content=\"article\" \/>\n<meta property=\"og:title\" content=\"Empoderamiento financiero - WEV\" \/>\n<meta property=\"og:description\" content=\"Apoyo para desarrollar tu confianza, tomar el control de tus finanzas personales y de negocio y planificar tu futuro.\" \/>\n<meta property=\"og:url\" content=\"https:\/\/www.wevonline.org\/es\/empoderamiento-financiero\/\" \/>\n<meta property=\"og:site_name\" content=\"WEV\" \/>\n<meta property=\"article:publisher\" content=\"https:\/\/www.facebook.com\/WomensEconomicVentures\" \/>\n<meta property=\"article:modified_time\" content=\"2025-09-22T19:46:06+00:00\" \/>\n<meta property=\"og:image\" content=\"https:\/\/www.wevonline.org\/wp-content\/uploads\/2022\/08\/Financial-Empowerment-Banner.jpg\" \/>\n\t<meta property=\"og:image:width\" content=\"1370\" \/>\n\t<meta property=\"og:image:height\" content=\"1100\" \/>\n\t<meta property=\"og:image:type\" content=\"image\/jpeg\" \/>\n<meta name=\"twitter:card\" content=\"summary_large_image\" \/>\n<meta name=\"twitter:label1\" content=\"Est. reading time\" \/>\n\t<meta name=\"twitter:data1\" content=\"1 minute\" \/>\n<script type=\"application\/ld+json\" class=\"yoast-schema-graph\">{\"@context\":\"https:\/\/schema.org\",\"@graph\":[{\"@type\":\"WebPage\",\"@id\":\"https:\/\/www.wevonline.org\/es\/empoderamiento-financiero\/\",\"url\":\"https:\/\/www.wevonline.org\/es\/empoderamiento-financiero\/\",\"name\":\"Empoderamiento financiero - WEV\",\"isPartOf\":{\"@id\":\"https:\/\/www.wevonline.org\/#website\"},\"primaryImageOfPage\":{\"@id\":\"https:\/\/www.wevonline.org\/es\/empoderamiento-financiero\/#primaryimage\"},\"image\":{\"@id\":\"https:\/\/www.wevonline.org\/es\/empoderamiento-financiero\/#primaryimage\"},\"thumbnailUrl\":\"https:\/\/www.wevonline.org\/wp-content\/uploads\/2022\/08\/Financial-Empowerment-Banner.jpg\",\"datePublished\":\"2022-06-14T11:23:58+00:00\",\"dateModified\":\"2025-09-22T19:46:06+00:00\",\"description\":\"Apoyo para desarrollar tu confianza, tomar el control de tus finanzas personales y de negocio y planificar tu futuro.\",\"breadcrumb\":{\"@id\":\"https:\/\/www.wevonline.org\/es\/empoderamiento-financiero\/#breadcrumb\"},\"inLanguage\":\"es-ES\",\"potentialAction\":[{\"@type\":\"ReadAction\",\"target\":[\"https:\/\/www.wevonline.org\/es\/empoderamiento-financiero\/\"]}]},{\"@type\":\"ImageObject\",\"inLanguage\":\"es-ES\",\"@id\":\"https:\/\/www.wevonline.org\/es\/empoderamiento-financiero\/#primaryimage\",\"url\":\"https:\/\/www.wevonline.org\/wp-content\/uploads\/2022\/08\/Financial-Empowerment-Banner.jpg\",\"contentUrl\":\"https:\/\/www.wevonline.org\/wp-content\/uploads\/2022\/08\/Financial-Empowerment-Banner.jpg\",\"width\":1370,\"height\":1100,\"caption\":\"Christine Brown y Martha Cantos hablan sobre finanzas personales y mentalidad financiera con Irene Kelly, miembro del personal de WEV.\"},{\"@type\":\"BreadcrumbList\",\"@id\":\"https:\/\/www.wevonline.org\/es\/empoderamiento-financiero\/#breadcrumb\",\"itemListElement\":[{\"@type\":\"ListItem\",\"position\":1,\"name\":\"Home\",\"item\":\"https:\/\/www.wevonline.org\/es\/\"},{\"@type\":\"ListItem\",\"position\":2,\"name\":\"Empoderamiento financiero\"}]},{\"@type\":\"WebSite\",\"@id\":\"https:\/\/www.wevonline.org\/#website\",\"url\":\"https:\/\/www.wevonline.org\/\",\"name\":\"WEV\",\"description\":\"Women&#039;s Economic Ventures\",\"publisher\":{\"@id\":\"https:\/\/www.wevonline.org\/#organization\"},\"potentialAction\":[{\"@type\":\"SearchAction\",\"target\":{\"@type\":\"EntryPoint\",\"urlTemplate\":\"https:\/\/www.wevonline.org\/?s={search_term_string}\"},\"query-input\":{\"@type\":\"PropertyValueSpecification\",\"valueRequired\":true,\"valueName\":\"search_term_string\"}}],\"inLanguage\":\"es-ES\"},{\"@type\":\"Organization\",\"@id\":\"https:\/\/www.wevonline.org\/#organization\",\"name\":\"Women's Economic Ventures\",\"url\":\"https:\/\/www.wevonline.org\/\",\"logo\":{\"@type\":\"ImageObject\",\"inLanguage\":\"es-ES\",\"@id\":\"https:\/\/www.wevonline.org\/#\/schema\/logo\/image\/\",\"url\":\"https:\/\/www.wevonline.org\/wp-content\/uploads\/2022\/08\/WEV-Spanish-Logo_Website-Header.png\",\"contentUrl\":\"https:\/\/www.wevonline.org\/wp-content\/uploads\/2022\/08\/WEV-Spanish-Logo_Website-Header.png\",\"width\":506,\"height\":127,\"caption\":\"Women's Economic Ventures\"},\"image\":{\"@id\":\"https:\/\/www.wevonline.org\/#\/schema\/logo\/image\/\"},\"sameAs\":[\"https:\/\/www.facebook.com\/WomensEconomicVentures\",\"https:\/\/www.instagram.com\/womenseconomicventures\/?hl=en\"]}]}<\/script>\n<!-- \/ Yoast SEO plugin. -->","yoast_head_json":{"title":"Empoderamiento financiero - WEV","description":"Apoyo para desarrollar tu confianza, tomar el control de tus finanzas personales y de negocio y planificar tu futuro.","robots":{"index":"index","follow":"follow","max-snippet":"max-snippet:-1","max-image-preview":"max-image-preview:large","max-video-preview":"max-video-preview:-1"},"canonical":"https:\/\/www.wevonline.org\/es\/empoderamiento-financiero\/","og_locale":"es_ES","og_type":"article","og_title":"Empoderamiento financiero - WEV","og_description":"Apoyo para desarrollar tu confianza, tomar el control de tus finanzas personales y de negocio y planificar tu futuro.","og_url":"https:\/\/www.wevonline.org\/es\/empoderamiento-financiero\/","og_site_name":"WEV","article_publisher":"https:\/\/www.facebook.com\/WomensEconomicVentures","article_modified_time":"2025-09-22T19:46:06+00:00","og_image":[{"width":1370,"height":1100,"url":"https:\/\/www.wevonline.org\/wp-content\/uploads\/2022\/08\/Financial-Empowerment-Banner.jpg","type":"image\/jpeg"}],"twitter_card":"summary_large_image","twitter_misc":{"Est. reading time":"1 minute"},"schema":{"@context":"https:\/\/schema.org","@graph":[{"@type":"WebPage","@id":"https:\/\/www.wevonline.org\/es\/empoderamiento-financiero\/","url":"https:\/\/www.wevonline.org\/es\/empoderamiento-financiero\/","name":"Empoderamiento financiero - WEV","isPartOf":{"@id":"https:\/\/www.wevonline.org\/#website"},"primaryImageOfPage":{"@id":"https:\/\/www.wevonline.org\/es\/empoderamiento-financiero\/#primaryimage"},"image":{"@id":"https:\/\/www.wevonline.org\/es\/empoderamiento-financiero\/#primaryimage"},"thumbnailUrl":"https:\/\/www.wevonline.org\/wp-content\/uploads\/2022\/08\/Financial-Empowerment-Banner.jpg","datePublished":"2022-06-14T11:23:58+00:00","dateModified":"2025-09-22T19:46:06+00:00","description":"Apoyo para desarrollar tu confianza, tomar el control de tus finanzas personales y de negocio y planificar tu futuro.","breadcrumb":{"@id":"https:\/\/www.wevonline.org\/es\/empoderamiento-financiero\/#breadcrumb"},"inLanguage":"es-ES","potentialAction":[{"@type":"ReadAction","target":["https:\/\/www.wevonline.org\/es\/empoderamiento-financiero\/"]}]},{"@type":"ImageObject","inLanguage":"es-ES","@id":"https:\/\/www.wevonline.org\/es\/empoderamiento-financiero\/#primaryimage","url":"https:\/\/www.wevonline.org\/wp-content\/uploads\/2022\/08\/Financial-Empowerment-Banner.jpg","contentUrl":"https:\/\/www.wevonline.org\/wp-content\/uploads\/2022\/08\/Financial-Empowerment-Banner.jpg","width":1370,"height":1100,"caption":"Christine Brown y Martha Cantos hablan sobre finanzas personales y mentalidad financiera con Irene Kelly, miembro del personal de WEV."},{"@type":"BreadcrumbList","@id":"https:\/\/www.wevonline.org\/es\/empoderamiento-financiero\/#breadcrumb","itemListElement":[{"@type":"ListItem","position":1,"name":"Home","item":"https:\/\/www.wevonline.org\/es\/"},{"@type":"ListItem","position":2,"name":"Empoderamiento financiero"}]},{"@type":"WebSite","@id":"https:\/\/www.wevonline.org\/#website","url":"https:\/\/www.wevonline.org\/","name":"WEV","description":"Women&#039;s Economic Ventures","publisher":{"@id":"https:\/\/www.wevonline.org\/#organization"},"potentialAction":[{"@type":"SearchAction","target":{"@type":"EntryPoint","urlTemplate":"https:\/\/www.wevonline.org\/?s={search_term_string}"},"query-input":{"@type":"PropertyValueSpecification","valueRequired":true,"valueName":"search_term_string"}}],"inLanguage":"es-ES"},{"@type":"Organization","@id":"https:\/\/www.wevonline.org\/#organization","name":"Women's Economic Ventures","url":"https:\/\/www.wevonline.org\/","logo":{"@type":"ImageObject","inLanguage":"es-ES","@id":"https:\/\/www.wevonline.org\/#\/schema\/logo\/image\/","url":"https:\/\/www.wevonline.org\/wp-content\/uploads\/2022\/08\/WEV-Spanish-Logo_Website-Header.png","contentUrl":"https:\/\/www.wevonline.org\/wp-content\/uploads\/2022\/08\/WEV-Spanish-Logo_Website-Header.png","width":506,"height":127,"caption":"Women's Economic Ventures"},"image":{"@id":"https:\/\/www.wevonline.org\/#\/schema\/logo\/image\/"},"sameAs":["https:\/\/www.facebook.com\/WomensEconomicVentures","https:\/\/www.instagram.com\/womenseconomicventures\/?hl=en"]}]}},"_links":{"self":[{"href":"https:\/\/www.wevonline.org\/es\/wp-json\/wp\/v2\/pages\/650","targetHints":{"allow":["GET"]}}],"collection":[{"href":"https:\/\/www.wevonline.org\/es\/wp-json\/wp\/v2\/pages"}],"about":[{"href":"https:\/\/www.wevonline.org\/es\/wp-json\/wp\/v2\/types\/page"}],"author":[{"embeddable":true,"href":"https:\/\/www.wevonline.org\/es\/wp-json\/wp\/v2\/users\/1"}],"replies":[{"embeddable":true,"href":"https:\/\/www.wevonline.org\/es\/wp-json\/wp\/v2\/comments?post=650"}],"version-history":[{"count":8,"href":"https:\/\/www.wevonline.org\/es\/wp-json\/wp\/v2\/pages\/650\/revisions"}],"predecessor-version":[{"id":13566,"href":"https:\/\/www.wevonline.org\/es\/wp-json\/wp\/v2\/pages\/650\/revisions\/13566"}],"wp:featuredmedia":[{"embeddable":true,"href":"https:\/\/www.wevonline.org\/es\/wp-json\/wp\/v2\/media\/5184"}],"wp:attachment":[{"href":"https:\/\/www.wevonline.org\/es\/wp-json\/wp\/v2\/media?parent=650"}],"curies":[{"name":"wp","href":"https:\/\/api.w.org\/{rel}","templated":true}]}}