{"id":637,"date":"2022-06-14T03:18:58","date_gmt":"2022-06-14T03:18:58","guid":{"rendered":"https:\/\/www.wevonline.org\/directorio-de-negocios\/"},"modified":"2025-04-09T16:14:42","modified_gmt":"2025-04-09T16:14:42","slug":"directorio-de-negocios","status":"publish","type":"page","link":"https:\/\/www.wevonline.org\/es\/directorio-de-negocios\/","title":{"rendered":"Directorio De Negocios"},"content":{"rendered":"","protected":false},"excerpt":{"rendered":"","protected":false},"author":1,"featured_media":5407,"parent":0,"menu_order":0,"comment_status":"closed","ping_status":"closed","template":"templates\/template-f.php","meta":{"_acf_changed":false,"footnotes":""},"class_list":["post-637","page","type-page","status-publish","has-post-thumbnail","hentry"],"acf":{"flexible_blocks":false,"floating_cta_enable":"enable","template_f_content":[{"acf_fc_layout":"cb07_interior_banner","block_id":"","margin_top":"","margin_bottom":"","add_custom_css_class":"business-header","headline":"Directorio de Negocios","sub_headline":"","image":"https:\/\/www.wevonline.org\/wp-content\/uploads\/2024\/04\/Business-Directory_Banner.jpg"},{"acf_fc_layout":"cb11_text_editor","block_id":"","margin_top":"","margin_bottom":"","add_custom_css_class":"","editor":"<h2 class=\"p-heading-1\">Apoya los Negocios Locales<\/h2>\n<p>Nos encanta ver prosperar a nuestra comunidad de negocios locales y te invitamos a comprar de manera local y apoyar a los peque\u00f1os negocios. Cuando apoyas un negocio local, tambi\u00e9n apoyas a tus amistades, vecindario y comunidad. Adem\u00e1s de reinvertir m\u00e1s dinero en la econom\u00eda local, los negocios de propiedad y operaci\u00f3n local fortalecen las cadenas de suministro locales y generan empleos.<\/p>\n<p>\u00a0<\/p>\n<p>Usa este directorio para encontrar negocios de la comunidad WEV: estar\u00e1s comprando de manera local y marcando una gran diferencia.<\/p>\n<p>\u00a0<\/p>\n<p>Este directorio incluye negocios de nuestra \u00e1rea, pero ten en cuenta que WEV no respalda ni verifica formalmente los negocios listados. Lo compartimos como un recurso y te animamos a explorarlo y conectar bajo tu propio criterio.<\/p>\n<p>\u00a0<\/p>\n<p><a href=\"https:\/\/www.wevonline.org\/es\/classes-resources\/como-encontrar-proveedorases-de-servicios-profesionales-para-tu-negocio\/\">\u00bfNecesitas consejos sobre C\u00f3mo encontrar proveedoras(es) de servicios profesionales para tu negocio? Consulta esta publicaci\u00f3n con nuestras recomendaciones.<\/a><\/p>\n<p>\u00a0<\/p>\n<p>\u00a1Gracias por apoyar a las(os) emprendedoras(es) locales!<\/p>\n"},{"acf_fc_layout":"cb14_archive","cb14_subheading":"Encuentre negocios de la comunidad WEV","cb14_searchbar_suggestion_type":"category","cb14_additional_filters":[{"cb14_repeater_filter_title":"Propiedad","cb14_repeater_filter_type":"tag","cb14_repeater_filter_categories":[],"cb14_repeater_filter_tags":["Propiedad de AAPI","Propiedad de personas de raza negra","Propiedad de hispanos o latinx","Propiedad de LGBTQIA","Propiedad de nativos americanos o ind\u00edgenas","Propiedad de veteranos","Propiedad de mujeres"]},{"cb14_repeater_filter_title":"Localizaci\u00f3n","cb14_repeater_filter_type":"tag","cb14_repeater_filter_categories":[],"cb14_repeater_filter_tags":["Condado de Los \u00c1ngeles","Condado de San Luis Obispo","Condado de Santa B\u00e1rbara","Condado de Ventura"]},{"cb14_repeater_filter_title":"Sociales y Sostenibles","cb14_repeater_filter_type":"tag","cb14_repeater_filter_categories":[],"cb14_repeater_filter_tags":["1% para el planeta","B-Corp","Safer Choice de la EPA","Certificaci\u00f3n de Fair Trade","Certificaci\u00f3n Green","Certificaci\u00f3n de Living Wage","Certificaci\u00f3n de Rainforest Alliance"]},{"cb14_repeater_filter_title":"Como encontrarnos","cb14_repeater_filter_type":"tag","cb14_repeater_filter_categories":[],"cb14_repeater_filter_tags":["Vis\u00edtenos en persona","Vis\u00edtenos en l\u00ednea"]},{"cb14_repeater_filter_title":"Relaci\u00f3n con WEV","cb14_repeater_filter_type":"tag","cb14_repeater_filter_categories":[],"cb14_repeater_filter_tags":["Amiga(o) de WEV","Clienta(e) de WEV"]}],"cb14_searchbar_toggle":true,"cb14_searchbar_suggestions_cats":[{"value":"Fabricaci\u00f3n y venta al por mayor","label":"Fabricaci\u00f3n y venta al por mayor"},{"value":"Servicios personales y profesionales","label":"Servicios personales y profesionales"},{"value":"Venta minorista","label":"Venta minorista"}],"cb14_searchbar_suggestions_tags":[],"cb14_sidebar_toggle":true},{"acf_fc_layout":"cb11_text_editor","block_id":"listing-request","margin_top":"","margin_bottom":"","add_custom_css_class":"","editor":"<h2 class=\"p-heading-1\">Solicita un Listado en el Directorio de Negocios<\/h2>\n<p>\u00bfEres parte de la comunidad WEV y tienes un negocio? Llena el formulario a continuaci\u00f3n para solicitar que tu negocio sea incluido en el Directorio de Negocios.<\/p>\n<p>\u00a0<\/p>\n<p><a href=\"https:\/\/www.wevonline.org\/es\/directorio-de-negocios\/solicita-un-listado\/\"><button>Solicita un listado<\/button><\/a><\/p>\n"},{"acf_fc_layout":"cb12_related_content","block_id":"","margin_top":"","margin_bottom":"","add_custom_css_class":"","heading":"Tambi\u00e9n te puede interesar","classes_resources":"manual_enter","show_latest":null,"drawer":[{"sub_heading":"M\u00e1s informaci\u00f3n sobre WEV","title":"Historias de la comunidad de WEV","cta_link":{"title":"Lee m\u00e1s","url":"https:\/\/www.wevonline.org\/es\/historias-wev\/","target":""},"image":"https:\/\/www.wevonline.org\/wp-content\/uploads\/2022\/08\/Stories-from-WEVs-Community_Related-Content.jpg"},{"sub_heading":"\u00danete a la comunidad WEV","title":"Eventos","cta_link":{"title":"Acomp\u00e1\u00f1anos","url":"https:\/\/www.wevonline.org\/es\/eventos\/","target":""},"image":"https:\/\/www.wevonline.org\/wp-content\/uploads\/2022\/08\/SWSC_Related-Content-Image_Karine-Rodriguez-Hervouet-1.jpg"},{"sub_heading":"M\u00e1s informaci\u00f3n sobre WEV","title":"Celebrando el crecimiento de los negocios","cta_link":{"title":"Aprende m\u00e1s","url":"https:\/\/www.wevonline.org\/es\/historias-wev\/celebrando-el-crecimiento-de-los-negocios\/","target":""},"image":"https:\/\/www.wevonline.org\/wp-content\/uploads\/2022\/08\/Celebrating-Business-Growth_Related-Content.jpg"}]}]},"yoast_head":"<!-- This site is optimized with the Yoast SEO plugin v27.2 - https:\/\/yoast.com\/product\/yoast-seo-wordpress\/ -->\n<title>Directorio De Negocios - WEV<\/title>\n<meta name=\"description\" content=\"Compra localmente: explora el directorio de negocios de WEV para descubrir y apoyar a las peque\u00f1as empresas cerca de ti.\" \/>\n<meta name=\"robots\" content=\"index, follow, max-snippet:-1, max-image-preview:large, max-video-preview:-1\" \/>\n<link rel=\"canonical\" href=\"https:\/\/wevonline.org\/es\/directorio-de-negocios\/\" \/>\n<meta property=\"og:locale\" content=\"es_ES\" \/>\n<meta property=\"og:type\" content=\"article\" \/>\n<meta property=\"og:title\" content=\"Directorio De Negocios - WEV\" \/>\n<meta property=\"og:description\" content=\"Compra localmente: explora el directorio de negocios de WEV para descubrir y apoyar a las peque\u00f1as empresas cerca de ti.\" \/>\n<meta property=\"og:url\" content=\"https:\/\/wevonline.org\/es\/directorio-de-negocios\/\" \/>\n<meta property=\"og:site_name\" content=\"WEV\" \/>\n<meta property=\"article:publisher\" content=\"https:\/\/www.facebook.com\/WomensEconomicVentures\" \/>\n<meta property=\"article:modified_time\" content=\"2025-04-09T16:14:42+00:00\" \/>\n<meta property=\"og:image\" content=\"https:\/\/wevonline.org\/wp-content\/uploads\/2024\/04\/Business-Directory_Related-Content.jpg\" \/>\n\t<meta property=\"og:image:width\" content=\"478\" \/>\n\t<meta property=\"og:image:height\" content=\"478\" \/>\n\t<meta property=\"og:image:type\" content=\"image\/jpeg\" \/>\n<meta name=\"twitter:card\" content=\"summary_large_image\" \/>\n<script type=\"application\/ld+json\" class=\"yoast-schema-graph\">{\"@context\":\"https:\/\/schema.org\",\"@graph\":[{\"@type\":\"WebPage\",\"@id\":\"https:\/\/wevonline.org\/es\/directorio-de-negocios\/\",\"url\":\"https:\/\/wevonline.org\/es\/directorio-de-negocios\/\",\"name\":\"Directorio De Negocios - WEV\",\"isPartOf\":{\"@id\":\"https:\/\/www.wevonline.org\/#website\"},\"primaryImageOfPage\":{\"@id\":\"https:\/\/wevonline.org\/es\/directorio-de-negocios\/#primaryimage\"},\"image\":{\"@id\":\"https:\/\/wevonline.org\/es\/directorio-de-negocios\/#primaryimage\"},\"thumbnailUrl\":\"https:\/\/www.wevonline.org\/wp-content\/uploads\/2024\/04\/Business-Directory_Related-Content.jpg\",\"datePublished\":\"2022-06-14T03:18:58+00:00\",\"dateModified\":\"2025-04-09T16:14:42+00:00\",\"description\":\"Compra localmente: explora el directorio de negocios de WEV para descubrir y apoyar a las peque\u00f1as empresas cerca de ti.\",\"breadcrumb\":{\"@id\":\"https:\/\/wevonline.org\/es\/directorio-de-negocios\/#breadcrumb\"},\"inLanguage\":\"es-ES\",\"potentialAction\":[{\"@type\":\"ReadAction\",\"target\":[\"https:\/\/wevonline.org\/es\/directorio-de-negocios\/\"]}]},{\"@type\":\"ImageObject\",\"inLanguage\":\"es-ES\",\"@id\":\"https:\/\/wevonline.org\/es\/directorio-de-negocios\/#primaryimage\",\"url\":\"https:\/\/www.wevonline.org\/wp-content\/uploads\/2024\/04\/Business-Directory_Related-Content.jpg\",\"contentUrl\":\"https:\/\/www.wevonline.org\/wp-content\/uploads\/2024\/04\/Business-Directory_Related-Content.jpg\",\"width\":478,\"height\":478},{\"@type\":\"BreadcrumbList\",\"@id\":\"https:\/\/wevonline.org\/es\/directorio-de-negocios\/#breadcrumb\",\"itemListElement\":[{\"@type\":\"ListItem\",\"position\":1,\"name\":\"Home\",\"item\":\"https:\/\/www.wevonline.org\/es\/\"},{\"@type\":\"ListItem\",\"position\":2,\"name\":\"Directorio De Negocios\"}]},{\"@type\":\"WebSite\",\"@id\":\"https:\/\/www.wevonline.org\/#website\",\"url\":\"https:\/\/www.wevonline.org\/\",\"name\":\"WEV\",\"description\":\"Women&#039;s Economic Ventures\",\"publisher\":{\"@id\":\"https:\/\/www.wevonline.org\/#organization\"},\"potentialAction\":[{\"@type\":\"SearchAction\",\"target\":{\"@type\":\"EntryPoint\",\"urlTemplate\":\"https:\/\/www.wevonline.org\/?s={search_term_string}\"},\"query-input\":{\"@type\":\"PropertyValueSpecification\",\"valueRequired\":true,\"valueName\":\"search_term_string\"}}],\"inLanguage\":\"es-ES\"},{\"@type\":\"Organization\",\"@id\":\"https:\/\/www.wevonline.org\/#organization\",\"name\":\"Women's Economic Ventures\",\"url\":\"https:\/\/www.wevonline.org\/\",\"logo\":{\"@type\":\"ImageObject\",\"inLanguage\":\"es-ES\",\"@id\":\"https:\/\/www.wevonline.org\/#\/schema\/logo\/image\/\",\"url\":\"https:\/\/www.wevonline.org\/wp-content\/uploads\/2022\/08\/WEV-Spanish-Logo_Website-Header.png\",\"contentUrl\":\"https:\/\/www.wevonline.org\/wp-content\/uploads\/2022\/08\/WEV-Spanish-Logo_Website-Header.png\",\"width\":506,\"height\":127,\"caption\":\"Women's Economic Ventures\"},\"image\":{\"@id\":\"https:\/\/www.wevonline.org\/#\/schema\/logo\/image\/\"},\"sameAs\":[\"https:\/\/www.facebook.com\/WomensEconomicVentures\",\"https:\/\/www.instagram.com\/womenseconomicventures\/?hl=en\"]}]}<\/script>\n<!-- \/ Yoast SEO plugin. -->","yoast_head_json":{"title":"Directorio De Negocios - WEV","description":"Compra localmente: explora el directorio de negocios de WEV para descubrir y apoyar a las peque\u00f1as empresas cerca de ti.","robots":{"index":"index","follow":"follow","max-snippet":"max-snippet:-1","max-image-preview":"max-image-preview:large","max-video-preview":"max-video-preview:-1"},"canonical":"https:\/\/wevonline.org\/es\/directorio-de-negocios\/","og_locale":"es_ES","og_type":"article","og_title":"Directorio De Negocios - WEV","og_description":"Compra localmente: explora el directorio de negocios de WEV para descubrir y apoyar a las peque\u00f1as empresas cerca de ti.","og_url":"https:\/\/wevonline.org\/es\/directorio-de-negocios\/","og_site_name":"WEV","article_publisher":"https:\/\/www.facebook.com\/WomensEconomicVentures","article_modified_time":"2025-04-09T16:14:42+00:00","og_image":[{"width":478,"height":478,"url":"https:\/\/wevonline.org\/wp-content\/uploads\/2024\/04\/Business-Directory_Related-Content.jpg","type":"image\/jpeg"}],"twitter_card":"summary_large_image","schema":{"@context":"https:\/\/schema.org","@graph":[{"@type":"WebPage","@id":"https:\/\/wevonline.org\/es\/directorio-de-negocios\/","url":"https:\/\/wevonline.org\/es\/directorio-de-negocios\/","name":"Directorio De Negocios - WEV","isPartOf":{"@id":"https:\/\/www.wevonline.org\/#website"},"primaryImageOfPage":{"@id":"https:\/\/wevonline.org\/es\/directorio-de-negocios\/#primaryimage"},"image":{"@id":"https:\/\/wevonline.org\/es\/directorio-de-negocios\/#primaryimage"},"thumbnailUrl":"https:\/\/www.wevonline.org\/wp-content\/uploads\/2024\/04\/Business-Directory_Related-Content.jpg","datePublished":"2022-06-14T03:18:58+00:00","dateModified":"2025-04-09T16:14:42+00:00","description":"Compra localmente: explora el directorio de negocios de WEV para descubrir y apoyar a las peque\u00f1as empresas cerca de ti.","breadcrumb":{"@id":"https:\/\/wevonline.org\/es\/directorio-de-negocios\/#breadcrumb"},"inLanguage":"es-ES","potentialAction":[{"@type":"ReadAction","target":["https:\/\/wevonline.org\/es\/directorio-de-negocios\/"]}]},{"@type":"ImageObject","inLanguage":"es-ES","@id":"https:\/\/wevonline.org\/es\/directorio-de-negocios\/#primaryimage","url":"https:\/\/www.wevonline.org\/wp-content\/uploads\/2024\/04\/Business-Directory_Related-Content.jpg","contentUrl":"https:\/\/www.wevonline.org\/wp-content\/uploads\/2024\/04\/Business-Directory_Related-Content.jpg","width":478,"height":478},{"@type":"BreadcrumbList","@id":"https:\/\/wevonline.org\/es\/directorio-de-negocios\/#breadcrumb","itemListElement":[{"@type":"ListItem","position":1,"name":"Home","item":"https:\/\/www.wevonline.org\/es\/"},{"@type":"ListItem","position":2,"name":"Directorio De Negocios"}]},{"@type":"WebSite","@id":"https:\/\/www.wevonline.org\/#website","url":"https:\/\/www.wevonline.org\/","name":"WEV","description":"Women&#039;s Economic Ventures","publisher":{"@id":"https:\/\/www.wevonline.org\/#organization"},"potentialAction":[{"@type":"SearchAction","target":{"@type":"EntryPoint","urlTemplate":"https:\/\/www.wevonline.org\/?s={search_term_string}"},"query-input":{"@type":"PropertyValueSpecification","valueRequired":true,"valueName":"search_term_string"}}],"inLanguage":"es-ES"},{"@type":"Organization","@id":"https:\/\/www.wevonline.org\/#organization","name":"Women's Economic Ventures","url":"https:\/\/www.wevonline.org\/","logo":{"@type":"ImageObject","inLanguage":"es-ES","@id":"https:\/\/www.wevonline.org\/#\/schema\/logo\/image\/","url":"https:\/\/www.wevonline.org\/wp-content\/uploads\/2022\/08\/WEV-Spanish-Logo_Website-Header.png","contentUrl":"https:\/\/www.wevonline.org\/wp-content\/uploads\/2022\/08\/WEV-Spanish-Logo_Website-Header.png","width":506,"height":127,"caption":"Women's Economic Ventures"},"image":{"@id":"https:\/\/www.wevonline.org\/#\/schema\/logo\/image\/"},"sameAs":["https:\/\/www.facebook.com\/WomensEconomicVentures","https:\/\/www.instagram.com\/womenseconomicventures\/?hl=en"]}]}},"_links":{"self":[{"href":"https:\/\/www.wevonline.org\/es\/wp-json\/wp\/v2\/pages\/637","targetHints":{"allow":["GET"]}}],"collection":[{"href":"https:\/\/www.wevonline.org\/es\/wp-json\/wp\/v2\/pages"}],"about":[{"href":"https:\/\/www.wevonline.org\/es\/wp-json\/wp\/v2\/types\/page"}],"author":[{"embeddable":true,"href":"https:\/\/www.wevonline.org\/es\/wp-json\/wp\/v2\/users\/1"}],"replies":[{"embeddable":true,"href":"https:\/\/www.wevonline.org\/es\/wp-json\/wp\/v2\/comments?post=637"}],"version-history":[{"count":12,"href":"https:\/\/www.wevonline.org\/es\/wp-json\/wp\/v2\/pages\/637\/revisions"}],"predecessor-version":[{"id":6830,"href":"https:\/\/www.wevonline.org\/es\/wp-json\/wp\/v2\/pages\/637\/revisions\/6830"}],"wp:featuredmedia":[{"embeddable":true,"href":"https:\/\/www.wevonline.org\/es\/wp-json\/wp\/v2\/media\/5407"}],"wp:attachment":[{"href":"https:\/\/www.wevonline.org\/es\/wp-json\/wp\/v2\/media?parent=637"}],"curies":[{"name":"wp","href":"https:\/\/api.w.org\/{rel}","templated":true}]}}