{"id":632,"date":"2022-06-14T07:49:21","date_gmt":"2022-06-14T07:49:21","guid":{"rendered":"https:\/\/www.wevonline.org\/construya-su-negocio\/todos-los-recursos\/"},"modified":"2025-02-24T22:47:22","modified_gmt":"2025-02-24T22:47:22","slug":"recursos","status":"publish","type":"page","link":"https:\/\/www.wevonline.org\/es\/recursos\/","title":{"rendered":"Recursos Adicionales"},"content":{"rendered":"","protected":false},"excerpt":{"rendered":"","protected":false},"author":1,"featured_media":0,"parent":0,"menu_order":0,"comment_status":"closed","ping_status":"closed","template":"templates\/template-b.php","meta":{"_acf_changed":false,"footnotes":""},"class_list":["post-632","page","type-page","status-publish","hentry"],"acf":{"template_b_content":[{"acf_fc_layout":"cb14_archive","cb14_subheading":"Recursos para ti","cb14_searchbar_suggestion_type":"tag","cb14_additional_filters":[{"cb14_repeater_filter_title":"Idioma","cb14_repeater_filter_type":"tag","cb14_repeater_filter_categories":[],"cb14_repeater_filter_tags":["Biling\u00fce","Solo ingl\u00e9s","Solo espa\u00f1ol"]},{"cb14_repeater_filter_title":"Tipo de recurso","cb14_repeater_filter_type":"category","cb14_repeater_filter_categories":["Art\u00edculos","Gu\u00edas y descargas","Cursos en vivo","Seminarios web y cursos a pedido","Tutoriales en video"],"cb14_repeater_filter_tags":[]}],"cb14_searchbar_toggle":true,"cb14_searchbar_suggestions_cats":[],"cb14_searchbar_suggestions_tags":[{"value":"Recuperaci\u00f3n y resiliencia empresarial","label":"Recuperaci\u00f3n y resiliencia empresarial"},{"value":"Haz crecer tu negocio","label":"Haz crecer tu negocio"},{"value":"Liderazgo","label":"Liderazgo"},{"value":"Desarrollo profesional","label":"Desarrollo profesional"},{"value":"Iniciar un negocio","label":"Iniciar un negocio"},{"value":"Tu dinero","label":"Tu dinero"}],"cb14_sidebar_toggle":true}],"flexible_blocks":false,"floating_cta_enable":"enable"},"yoast_head":"<!-- This site is optimized with the Yoast SEO plugin v27.2 - https:\/\/yoast.com\/product\/yoast-seo-wordpress\/ -->\n<title>Recursos Adicionales - WEV<\/title>\n<meta name=\"description\" content=\"Explora los recursos de WEV para el crecimiento de peque\u00f1os negocios, el empoderamiento financiero, el desarrollo profesional, el liderazgo y m\u00e1s.\" \/>\n<meta name=\"robots\" content=\"index, follow, max-snippet:-1, max-image-preview:large, max-video-preview:-1\" \/>\n<link rel=\"canonical\" href=\"https:\/\/wevonline.org\/es\/recursos\/\" \/>\n<meta property=\"og:locale\" content=\"es_ES\" \/>\n<meta property=\"og:type\" content=\"article\" \/>\n<meta property=\"og:title\" content=\"Recursos Adicionales - WEV\" \/>\n<meta property=\"og:description\" content=\"Explora los recursos de WEV para el crecimiento de peque\u00f1os negocios, el empoderamiento financiero, el desarrollo profesional, el liderazgo y m\u00e1s.\" \/>\n<meta property=\"og:url\" content=\"https:\/\/wevonline.org\/es\/recursos\/\" \/>\n<meta property=\"og:site_name\" content=\"WEV\" \/>\n<meta property=\"article:publisher\" content=\"https:\/\/www.facebook.com\/WomensEconomicVentures\" \/>\n<meta property=\"article:modified_time\" content=\"2025-02-24T22:47:22+00:00\" \/>\n<meta name=\"twitter:card\" content=\"summary_large_image\" \/>\n<script type=\"application\/ld+json\" class=\"yoast-schema-graph\">{\"@context\":\"https:\/\/schema.org\",\"@graph\":[{\"@type\":\"WebPage\",\"@id\":\"https:\/\/wevonline.org\/es\/recursos\/\",\"url\":\"https:\/\/wevonline.org\/es\/recursos\/\",\"name\":\"Recursos Adicionales - WEV\",\"isPartOf\":{\"@id\":\"https:\/\/www.wevonline.org\/#website\"},\"datePublished\":\"2022-06-14T07:49:21+00:00\",\"dateModified\":\"2025-02-24T22:47:22+00:00\",\"description\":\"Explora los recursos de WEV para el crecimiento de peque\u00f1os negocios, el empoderamiento financiero, el desarrollo profesional, el liderazgo y m\u00e1s.\",\"breadcrumb\":{\"@id\":\"https:\/\/wevonline.org\/es\/recursos\/#breadcrumb\"},\"inLanguage\":\"es-ES\",\"potentialAction\":[{\"@type\":\"ReadAction\",\"target\":[\"https:\/\/wevonline.org\/es\/recursos\/\"]}]},{\"@type\":\"BreadcrumbList\",\"@id\":\"https:\/\/wevonline.org\/es\/recursos\/#breadcrumb\",\"itemListElement\":[{\"@type\":\"ListItem\",\"position\":1,\"name\":\"Home\",\"item\":\"https:\/\/www.wevonline.org\/es\/\"},{\"@type\":\"ListItem\",\"position\":2,\"name\":\"Recursos Adicionales\"}]},{\"@type\":\"WebSite\",\"@id\":\"https:\/\/www.wevonline.org\/#website\",\"url\":\"https:\/\/www.wevonline.org\/\",\"name\":\"WEV\",\"description\":\"Women&#039;s Economic Ventures\",\"publisher\":{\"@id\":\"https:\/\/www.wevonline.org\/#organization\"},\"potentialAction\":[{\"@type\":\"SearchAction\",\"target\":{\"@type\":\"EntryPoint\",\"urlTemplate\":\"https:\/\/www.wevonline.org\/?s={search_term_string}\"},\"query-input\":{\"@type\":\"PropertyValueSpecification\",\"valueRequired\":true,\"valueName\":\"search_term_string\"}}],\"inLanguage\":\"es-ES\"},{\"@type\":\"Organization\",\"@id\":\"https:\/\/www.wevonline.org\/#organization\",\"name\":\"Women's Economic Ventures\",\"url\":\"https:\/\/www.wevonline.org\/\",\"logo\":{\"@type\":\"ImageObject\",\"inLanguage\":\"es-ES\",\"@id\":\"https:\/\/www.wevonline.org\/#\/schema\/logo\/image\/\",\"url\":\"https:\/\/www.wevonline.org\/wp-content\/uploads\/2022\/08\/WEV-Spanish-Logo_Website-Header.png\",\"contentUrl\":\"https:\/\/www.wevonline.org\/wp-content\/uploads\/2022\/08\/WEV-Spanish-Logo_Website-Header.png\",\"width\":506,\"height\":127,\"caption\":\"Women's Economic Ventures\"},\"image\":{\"@id\":\"https:\/\/www.wevonline.org\/#\/schema\/logo\/image\/\"},\"sameAs\":[\"https:\/\/www.facebook.com\/WomensEconomicVentures\",\"https:\/\/www.instagram.com\/womenseconomicventures\/?hl=en\"]}]}<\/script>\n<!-- \/ Yoast SEO plugin. -->","yoast_head_json":{"title":"Recursos Adicionales - WEV","description":"Explora los recursos de WEV para el crecimiento de peque\u00f1os negocios, el empoderamiento financiero, el desarrollo profesional, el liderazgo y m\u00e1s.","robots":{"index":"index","follow":"follow","max-snippet":"max-snippet:-1","max-image-preview":"max-image-preview:large","max-video-preview":"max-video-preview:-1"},"canonical":"https:\/\/wevonline.org\/es\/recursos\/","og_locale":"es_ES","og_type":"article","og_title":"Recursos Adicionales - WEV","og_description":"Explora los recursos de WEV para el crecimiento de peque\u00f1os negocios, el empoderamiento financiero, el desarrollo profesional, el liderazgo y m\u00e1s.","og_url":"https:\/\/wevonline.org\/es\/recursos\/","og_site_name":"WEV","article_publisher":"https:\/\/www.facebook.com\/WomensEconomicVentures","article_modified_time":"2025-02-24T22:47:22+00:00","twitter_card":"summary_large_image","schema":{"@context":"https:\/\/schema.org","@graph":[{"@type":"WebPage","@id":"https:\/\/wevonline.org\/es\/recursos\/","url":"https:\/\/wevonline.org\/es\/recursos\/","name":"Recursos Adicionales - WEV","isPartOf":{"@id":"https:\/\/www.wevonline.org\/#website"},"datePublished":"2022-06-14T07:49:21+00:00","dateModified":"2025-02-24T22:47:22+00:00","description":"Explora los recursos de WEV para el crecimiento de peque\u00f1os negocios, el empoderamiento financiero, el desarrollo profesional, el liderazgo y m\u00e1s.","breadcrumb":{"@id":"https:\/\/wevonline.org\/es\/recursos\/#breadcrumb"},"inLanguage":"es-ES","potentialAction":[{"@type":"ReadAction","target":["https:\/\/wevonline.org\/es\/recursos\/"]}]},{"@type":"BreadcrumbList","@id":"https:\/\/wevonline.org\/es\/recursos\/#breadcrumb","itemListElement":[{"@type":"ListItem","position":1,"name":"Home","item":"https:\/\/www.wevonline.org\/es\/"},{"@type":"ListItem","position":2,"name":"Recursos Adicionales"}]},{"@type":"WebSite","@id":"https:\/\/www.wevonline.org\/#website","url":"https:\/\/www.wevonline.org\/","name":"WEV","description":"Women&#039;s Economic Ventures","publisher":{"@id":"https:\/\/www.wevonline.org\/#organization"},"potentialAction":[{"@type":"SearchAction","target":{"@type":"EntryPoint","urlTemplate":"https:\/\/www.wevonline.org\/?s={search_term_string}"},"query-input":{"@type":"PropertyValueSpecification","valueRequired":true,"valueName":"search_term_string"}}],"inLanguage":"es-ES"},{"@type":"Organization","@id":"https:\/\/www.wevonline.org\/#organization","name":"Women's Economic Ventures","url":"https:\/\/www.wevonline.org\/","logo":{"@type":"ImageObject","inLanguage":"es-ES","@id":"https:\/\/www.wevonline.org\/#\/schema\/logo\/image\/","url":"https:\/\/www.wevonline.org\/wp-content\/uploads\/2022\/08\/WEV-Spanish-Logo_Website-Header.png","contentUrl":"https:\/\/www.wevonline.org\/wp-content\/uploads\/2022\/08\/WEV-Spanish-Logo_Website-Header.png","width":506,"height":127,"caption":"Women's Economic Ventures"},"image":{"@id":"https:\/\/www.wevonline.org\/#\/schema\/logo\/image\/"},"sameAs":["https:\/\/www.facebook.com\/WomensEconomicVentures","https:\/\/www.instagram.com\/womenseconomicventures\/?hl=en"]}]}},"_links":{"self":[{"href":"https:\/\/www.wevonline.org\/es\/wp-json\/wp\/v2\/pages\/632","targetHints":{"allow":["GET"]}}],"collection":[{"href":"https:\/\/www.wevonline.org\/es\/wp-json\/wp\/v2\/pages"}],"about":[{"href":"https:\/\/www.wevonline.org\/es\/wp-json\/wp\/v2\/types\/page"}],"author":[{"embeddable":true,"href":"https:\/\/www.wevonline.org\/es\/wp-json\/wp\/v2\/users\/1"}],"replies":[{"embeddable":true,"href":"https:\/\/www.wevonline.org\/es\/wp-json\/wp\/v2\/comments?post=632"}],"version-history":[{"count":11,"href":"https:\/\/www.wevonline.org\/es\/wp-json\/wp\/v2\/pages\/632\/revisions"}],"predecessor-version":[{"id":6559,"href":"https:\/\/www.wevonline.org\/es\/wp-json\/wp\/v2\/pages\/632\/revisions\/6559"}],"wp:attachment":[{"href":"https:\/\/www.wevonline.org\/es\/wp-json\/wp\/v2\/media?parent=632"}],"curies":[{"name":"wp","href":"https:\/\/api.w.org\/{rel}","templated":true}]}}