{"id":3934,"date":"2022-08-15T18:57:16","date_gmt":"2022-08-15T18:57:16","guid":{"rendered":"https:\/\/www.wevonline.org\/declaracion-de-accesibilidad\/"},"modified":"2022-08-30T05:41:40","modified_gmt":"2022-08-30T05:41:40","slug":"declaracion-de-accesibilidad","status":"publish","type":"page","link":"https:\/\/www.wevonline.org\/es\/declaracion-de-accesibilidad\/","title":{"rendered":"Declaraci\u00f3n de accesibilidad"},"content":{"rendered":"","protected":false},"excerpt":{"rendered":"","protected":false},"author":3,"featured_media":0,"parent":0,"menu_order":0,"comment_status":"closed","ping_status":"closed","template":"","meta":{"_acf_changed":false,"footnotes":""},"class_list":["post-3934","page","type-page","status-publish","hentry"],"acf":{"flexible_blocks":[{"acf_fc_layout":"cb07_interior_banner","block_id":"","margin_top":"","margin_bottom":"","add_custom_css_class":"","headline":"Declaraci\u00f3n de accesibilidad del sitio web","sub_headline":"","image":false},{"acf_fc_layout":"cb11_text_editor","block_id":"","margin_top":"","margin_bottom":"","add_custom_css_class":"","editor":"<h3>General<\/h3>\n<p>Wevonline.org se esfuerza por garantizar que sus servicios sean accesibles para personas con discapacidades. Wevonline.org ha invertido una cantidad significativa de recursos para ayudar a garantizar que su sitio web sea m\u00e1s f\u00e1cil de usar y m\u00e1s accesible para las personas con discapacidades, con la firme convicci\u00f3n de que todas las personas tienen derecho a vivir con dignidad, igualdad, comodidad e independencia.<\/p>\n<p>\u00a0\u00a0<\/p>\n<h3>Accesibilidad en Wevonline.org<\/h3>\n<p>Wevonline.org pone a disposici\u00f3n el widget de <a href=\"https:\/\/userway.org\/\">accesibilidad del sitio web de UserWay<\/a> que funciona con un servidor de accesibilidad dedicado. El software permite que Wevonline.org mejore su cumplimiento con las Pautas de accesibilidad al contenido web (WCAG 2.1 por sus siglas en ingles).<\/p>\n<p>\u00a0<\/p>\n<h3>Habilitaci\u00f3n del men\u00fa de accesibilidad<\/h3>\n<p>El men\u00fa de accesibilidad de Wevonline.org se puede habilitar haciendo clic en el icono del men\u00fa de accesibilidad que aparece en la esquina de la p\u00e1gina. Despu\u00e9s de activar el men\u00fa de accesibilidad, espera un momento para que el men\u00fa de accesibilidad se cargue en su totalidad.<\/p>\n<p>\u00a0<\/p>\n<h3>Descargo de responsabilidad<\/h3>\n<p>Wevonline.org contin\u00faa sus esfuerzos para mejorar constantemente la accesibilidad de su sitio y servicios en la creencia de que es nuestra obligaci\u00f3n moral colectiva permitir un uso continuo, accesible y sin obst\u00e1culos tambi\u00e9n para aquellas(os) de nosotras(os) con discapacidades.<\/p>\n<p>A pesar de nuestros esfuerzos para que todas las p\u00e1ginas y el contenido de Wevonline.org sean completamente accesibles, es posible que algunos contenidos a\u00fan no se hayan adaptado por completo a los est\u00e1ndares de accesibilidad m\u00e1s estrictos. Esto puede ser consecuencia de no haber encontrado o identificado la soluci\u00f3n tecnol\u00f3gica m\u00e1s adecuada.<\/p>\n<p>\u00a0<\/p>\n<h3>Aqu\u00ed para ti<\/h3>\n<p>Si tienes dificultades con cualquier contenido en Wevonline.org o necesitas ayuda con cualquier parte de nuestro sitio, comun\u00edcate con nuestro equipo durante el horario comercial normal como se detalla a continuaci\u00f3n y estaremos encantadas(os) de ayudarte.<\/p>\n<p>\u00a0<\/p>\n<h3>Cont\u00e1ctanos<\/h3>\n<p>Si deseas informar un problema de accesibilidad, tienes alguna pregunta o necesitas ayuda, <a href=\"https:\/\/www.wevonline.org\/es\/ponte-en-contacto\/\">ponte en contacto<\/a>.<\/p>\n"}]},"yoast_head":"<!-- This site is optimized with the Yoast SEO plugin v27.2 - https:\/\/yoast.com\/product\/yoast-seo-wordpress\/ -->\n<title>Declaraci\u00f3n de accesibilidad - WEV<\/title>\n<meta name=\"robots\" content=\"index, follow, max-snippet:-1, max-image-preview:large, max-video-preview:-1\" \/>\n<link rel=\"canonical\" href=\"https:\/\/www.wevonline.org\/es\/declaracion-de-accesibilidad\/\" \/>\n<meta property=\"og:locale\" content=\"es_ES\" \/>\n<meta property=\"og:type\" content=\"article\" \/>\n<meta property=\"og:title\" content=\"Declaraci\u00f3n de accesibilidad - WEV\" \/>\n<meta property=\"og:url\" content=\"https:\/\/www.wevonline.org\/es\/declaracion-de-accesibilidad\/\" \/>\n<meta property=\"og:site_name\" content=\"WEV\" \/>\n<meta property=\"article:publisher\" content=\"https:\/\/www.facebook.com\/WomensEconomicVentures\" \/>\n<meta property=\"article:modified_time\" content=\"2022-08-30T05:41:40+00:00\" \/>\n<meta name=\"twitter:card\" content=\"summary_large_image\" \/>\n<script type=\"application\/ld+json\" class=\"yoast-schema-graph\">{\"@context\":\"https:\/\/schema.org\",\"@graph\":[{\"@type\":\"WebPage\",\"@id\":\"https:\/\/www.wevonline.org\/es\/declaracion-de-accesibilidad\/\",\"url\":\"https:\/\/www.wevonline.org\/es\/declaracion-de-accesibilidad\/\",\"name\":\"Declaraci\u00f3n de accesibilidad - WEV\",\"isPartOf\":{\"@id\":\"https:\/\/www.wevonline.org\/#website\"},\"datePublished\":\"2022-08-15T18:57:16+00:00\",\"dateModified\":\"2022-08-30T05:41:40+00:00\",\"breadcrumb\":{\"@id\":\"https:\/\/www.wevonline.org\/es\/declaracion-de-accesibilidad\/#breadcrumb\"},\"inLanguage\":\"es-ES\",\"potentialAction\":[{\"@type\":\"ReadAction\",\"target\":[\"https:\/\/www.wevonline.org\/es\/declaracion-de-accesibilidad\/\"]}]},{\"@type\":\"BreadcrumbList\",\"@id\":\"https:\/\/www.wevonline.org\/es\/declaracion-de-accesibilidad\/#breadcrumb\",\"itemListElement\":[{\"@type\":\"ListItem\",\"position\":1,\"name\":\"Home\",\"item\":\"https:\/\/www.wevonline.org\/es\/\"},{\"@type\":\"ListItem\",\"position\":2,\"name\":\"Declaraci\u00f3n de accesibilidad\"}]},{\"@type\":\"WebSite\",\"@id\":\"https:\/\/www.wevonline.org\/#website\",\"url\":\"https:\/\/www.wevonline.org\/\",\"name\":\"WEV\",\"description\":\"Women&#039;s Economic Ventures\",\"publisher\":{\"@id\":\"https:\/\/www.wevonline.org\/#organization\"},\"potentialAction\":[{\"@type\":\"SearchAction\",\"target\":{\"@type\":\"EntryPoint\",\"urlTemplate\":\"https:\/\/www.wevonline.org\/?s={search_term_string}\"},\"query-input\":{\"@type\":\"PropertyValueSpecification\",\"valueRequired\":true,\"valueName\":\"search_term_string\"}}],\"inLanguage\":\"es-ES\"},{\"@type\":\"Organization\",\"@id\":\"https:\/\/www.wevonline.org\/#organization\",\"name\":\"Women's Economic Ventures\",\"url\":\"https:\/\/www.wevonline.org\/\",\"logo\":{\"@type\":\"ImageObject\",\"inLanguage\":\"es-ES\",\"@id\":\"https:\/\/www.wevonline.org\/#\/schema\/logo\/image\/\",\"url\":\"https:\/\/www.wevonline.org\/wp-content\/uploads\/2022\/08\/WEV-Spanish-Logo_Website-Header.png\",\"contentUrl\":\"https:\/\/www.wevonline.org\/wp-content\/uploads\/2022\/08\/WEV-Spanish-Logo_Website-Header.png\",\"width\":506,\"height\":127,\"caption\":\"Women's Economic Ventures\"},\"image\":{\"@id\":\"https:\/\/www.wevonline.org\/#\/schema\/logo\/image\/\"},\"sameAs\":[\"https:\/\/www.facebook.com\/WomensEconomicVentures\",\"https:\/\/www.instagram.com\/womenseconomicventures\/?hl=en\"]}]}<\/script>\n<!-- \/ Yoast SEO plugin. -->","yoast_head_json":{"title":"Declaraci\u00f3n de accesibilidad - WEV","robots":{"index":"index","follow":"follow","max-snippet":"max-snippet:-1","max-image-preview":"max-image-preview:large","max-video-preview":"max-video-preview:-1"},"canonical":"https:\/\/www.wevonline.org\/es\/declaracion-de-accesibilidad\/","og_locale":"es_ES","og_type":"article","og_title":"Declaraci\u00f3n de accesibilidad - WEV","og_url":"https:\/\/www.wevonline.org\/es\/declaracion-de-accesibilidad\/","og_site_name":"WEV","article_publisher":"https:\/\/www.facebook.com\/WomensEconomicVentures","article_modified_time":"2022-08-30T05:41:40+00:00","twitter_card":"summary_large_image","schema":{"@context":"https:\/\/schema.org","@graph":[{"@type":"WebPage","@id":"https:\/\/www.wevonline.org\/es\/declaracion-de-accesibilidad\/","url":"https:\/\/www.wevonline.org\/es\/declaracion-de-accesibilidad\/","name":"Declaraci\u00f3n de accesibilidad - WEV","isPartOf":{"@id":"https:\/\/www.wevonline.org\/#website"},"datePublished":"2022-08-15T18:57:16+00:00","dateModified":"2022-08-30T05:41:40+00:00","breadcrumb":{"@id":"https:\/\/www.wevonline.org\/es\/declaracion-de-accesibilidad\/#breadcrumb"},"inLanguage":"es-ES","potentialAction":[{"@type":"ReadAction","target":["https:\/\/www.wevonline.org\/es\/declaracion-de-accesibilidad\/"]}]},{"@type":"BreadcrumbList","@id":"https:\/\/www.wevonline.org\/es\/declaracion-de-accesibilidad\/#breadcrumb","itemListElement":[{"@type":"ListItem","position":1,"name":"Home","item":"https:\/\/www.wevonline.org\/es\/"},{"@type":"ListItem","position":2,"name":"Declaraci\u00f3n de accesibilidad"}]},{"@type":"WebSite","@id":"https:\/\/www.wevonline.org\/#website","url":"https:\/\/www.wevonline.org\/","name":"WEV","description":"Women&#039;s Economic Ventures","publisher":{"@id":"https:\/\/www.wevonline.org\/#organization"},"potentialAction":[{"@type":"SearchAction","target":{"@type":"EntryPoint","urlTemplate":"https:\/\/www.wevonline.org\/?s={search_term_string}"},"query-input":{"@type":"PropertyValueSpecification","valueRequired":true,"valueName":"search_term_string"}}],"inLanguage":"es-ES"},{"@type":"Organization","@id":"https:\/\/www.wevonline.org\/#organization","name":"Women's Economic Ventures","url":"https:\/\/www.wevonline.org\/","logo":{"@type":"ImageObject","inLanguage":"es-ES","@id":"https:\/\/www.wevonline.org\/#\/schema\/logo\/image\/","url":"https:\/\/www.wevonline.org\/wp-content\/uploads\/2022\/08\/WEV-Spanish-Logo_Website-Header.png","contentUrl":"https:\/\/www.wevonline.org\/wp-content\/uploads\/2022\/08\/WEV-Spanish-Logo_Website-Header.png","width":506,"height":127,"caption":"Women's Economic Ventures"},"image":{"@id":"https:\/\/www.wevonline.org\/#\/schema\/logo\/image\/"},"sameAs":["https:\/\/www.facebook.com\/WomensEconomicVentures","https:\/\/www.instagram.com\/womenseconomicventures\/?hl=en"]}]}},"_links":{"self":[{"href":"https:\/\/www.wevonline.org\/es\/wp-json\/wp\/v2\/pages\/3934","targetHints":{"allow":["GET"]}}],"collection":[{"href":"https:\/\/www.wevonline.org\/es\/wp-json\/wp\/v2\/pages"}],"about":[{"href":"https:\/\/www.wevonline.org\/es\/wp-json\/wp\/v2\/types\/page"}],"author":[{"embeddable":true,"href":"https:\/\/www.wevonline.org\/es\/wp-json\/wp\/v2\/users\/3"}],"replies":[{"embeddable":true,"href":"https:\/\/www.wevonline.org\/es\/wp-json\/wp\/v2\/comments?post=3934"}],"version-history":[{"count":1,"href":"https:\/\/www.wevonline.org\/es\/wp-json\/wp\/v2\/pages\/3934\/revisions"}],"predecessor-version":[{"id":3936,"href":"https:\/\/www.wevonline.org\/es\/wp-json\/wp\/v2\/pages\/3934\/revisions\/3936"}],"wp:attachment":[{"href":"https:\/\/www.wevonline.org\/es\/wp-json\/wp\/v2\/media?parent=3934"}],"curies":[{"name":"wp","href":"https:\/\/api.w.org\/{rel}","templated":true}]}}