{"id":3863,"date":"2022-07-27T18:21:59","date_gmt":"2022-07-27T18:21:59","guid":{"rendered":"https:\/\/www.wevonline.org\/acerca-de-wev\/centro-de-negocios-de-mujeres-wbc\/"},"modified":"2026-03-06T15:29:26","modified_gmt":"2026-03-06T15:29:26","slug":"centro-de-negocios-de-mujeres-wbc","status":"publish","type":"page","link":"https:\/\/www.wevonline.org\/es\/acerca-de-wev\/centro-de-negocios-de-mujeres-wbc\/","title":{"rendered":"Centro de Negocios de Mujeres (WBC)"},"content":{"rendered":"","protected":false},"excerpt":{"rendered":"","protected":false},"author":1,"featured_media":5286,"parent":628,"menu_order":0,"comment_status":"closed","ping_status":"closed","template":"","meta":{"_acf_changed":false,"footnotes":""},"class_list":["post-3863","page","type-page","status-publish","has-post-thumbnail","hentry"],"acf":{"flexible_blocks":[{"acf_fc_layout":"cb07_interior_banner","block_id":"","margin_top":"","margin_bottom":"","add_custom_css_class":"","headline":"Centro de Negocios de Mujeres (WBC)","sub_headline":"","image":"https:\/\/www.wevonline.org\/wp-content\/uploads\/2022\/08\/WBC-Banner.jpg"},{"acf_fc_layout":"cb11_text_editor","block_id":"","margin_top":"","margin_bottom":"","add_custom_css_class":"","editor":"<p>Women&#8217;s Economic Ventures (WEV) es la organizaci\u00f3n anfitriona de un Centro de Negocios para Mujeres (Women\u2019s Business Center, WBC) que est\u00e1 parcialmente financiado por la <a href=\"https:\/\/www.sba.gov\/\" target=\"_blank\" rel=\"noopener\">Administraci\u00f3n de Peque\u00f1os Negocios de EE. UU. (Small Business Administration, SBA)<\/a> y respaldado por la <a href=\"https:\/\/www.sba.gov\/offices\/headquarters\/wbo\" target=\"_blank\" rel=\"noopener\">Oficina de Propiedad de Negocios de Mujeres (Office of Women\u2019s Business Owners, OWBO)<\/a> de la SBA.<\/p>\n<h3>\u00bfQu\u00e9 hace el WBC de WEV?<\/h3>\n<p>A trav\u00e9s de su asociaci\u00f3n con la SBA, el WBC de WEV proporciona capacitaci\u00f3n empresarial de bajo costo, asesoramiento y financiamiento a sus clientes.<\/p>\n<h3>Certificaci\u00f3n de peque\u00f1as empresas propiedad de mujeres<\/h3>\n<p>La SBA supervisa la <a href=\"https:\/\/www.sba.gov\/federal-contracting\/contracting-assistance-programs\/women-owned-small-business-federal-contracting-program#section-header-6\" target=\"_blank\" rel=\"noopener\">certificaci\u00f3n de peque\u00f1as empresas propiedad de mujeres (Certified Woman Owned Small Business, WOSB)<\/a> para facilitar que al menos del 5% de los contratos federales se invierten en empresas con propiedad de mujeres en ciertas industrias.<\/p>\n<p>Se recomienda a las mujeres propietarias de negocios a registrarse en la base de datos oficial y gratuita en l\u00ednea para el gobierno federal de los EE. UU.: <a href=\"https:\/\/sam.gov\/content\/entity-registration\" target=\"_blank\" rel=\"noopener\">Sistema para la Administraci\u00f3n de Financiamiento (System for Award Management, SAM)<\/a>.<\/p>\n<h3>Declaraci\u00f3n de Financiamiento del Centro de Negocios de Mujeres (WBC) de Women&#8217;s Economic Ventures<\/h3>\n<p>De conformidad con la Secci\u00f3n 632 de la Ley P\u00fablica 117-328:<\/p>\n<p><strong>Programa del Centro de Negocios de Mujeres (WBC) de Women&#8217;s Economic Ventures<\/strong><br \/>\nParticipaci\u00f3n Federal: 50% \u2013 $150,000<br \/>\nParticipaci\u00f3n No Federal: 50% \u2013 $150,000<br \/>\nCosto Total del Programa: $300,000<\/p>\n<h3>Informaci\u00f3n Adicional<\/h3>\n<p>WEV se financia en parte a trav\u00e9s de un acuerdo de cooperaci\u00f3n con la Administraci\u00f3n de Peque\u00f1as Empresas de EE. UU. (U.S. Small Business Administration, SBA) y una subvenci\u00f3n de la Oficina de Desarrollo Econ\u00f3mico y Comercial del Gobernador de California (California Governor\u2019s Office of Business and Economic Development, GO-Biz).<\/p>\n<p>Para obtener m\u00e1s informaci\u00f3n, comun\u00edquese con Ashley Goldstein, Directora Asociada, Capacitaci\u00f3n Empresarial\/Directora del WBC de WEV, en <a href=\"mailto:wevwbc@wevonline.org\">wevwbc@wevonline.org<\/a> o <a href=\"tel:18058691945\">(805) 869-1945<\/a>.<\/p>\n<p>El horario de trabajo de WEV es de lunes a viernes, de 9 a 5. Si necesitas ayuda fuera de ese horario, por favor d\u00e9janos un mensaje al <a href=\"tel:8058691945\">(805) 869-1945<\/a> o env\u00edanos un correo electr\u00f3nico a<br \/>\n<a href=\"mailto:wevwbc@wevonline.org\">wevwbc@wevonline.org<\/a> y te responderemos en un d\u00eda h\u00e1bil.<\/p>\n<p>Para encontrar apoyo de otros socios de recursos de la SBA en tu comunidad, visite <a href=\"https:\/\/www.sba.gov\/local-assistance\" target=\"_blank\" rel=\"noopener\">SBA.gov<\/a>.<\/p>\n<p>\u00a0\u00a0<\/p>\n<hr \/>\n<p>\u00a0\u00a0<\/p>\n<p><a href=\"https:\/\/www.sba.gov\/\" target=\"_blank\" rel=\"noopener\"><img loading=\"lazy\" decoding=\"async\" class=\"alignnone wp-image-5749 size-full\" src=\"https:\/\/test-wev.pantheonsite.io\/wp-content\/uploads\/2022\/08\/Logo_SBA-1.png\" alt=\"\" width=\"200\" height=\"150\" \/><\/a>\u00a0 <a href=\"https:\/\/business.ca.gov\/\" target=\"_blank\" rel=\"noopener\"><img loading=\"lazy\" decoding=\"async\" class=\"alignnone wp-image-5755 size-full\" src=\"https:\/\/test-wev.pantheonsite.io\/wp-content\/uploads\/2022\/08\/Logo_GO-Biz-1.png\" alt=\"\" width=\"200\" height=\"150\" \/><\/a>\u00a0 <a href=\"https:\/\/awbc.org\/\" target=\"_blank\" rel=\"noopener\"><img loading=\"lazy\" decoding=\"async\" class=\"alignnone wp-image-5751 size-full\" src=\"https:\/\/test-wev.pantheonsite.io\/wp-content\/uploads\/2022\/08\/Logo_AWBC-1.png\" alt=\"\" width=\"200\" height=\"150\" \/><\/a><\/p>\n"},{"acf_fc_layout":"cb12_related_content","block_id":"","margin_top":"","margin_bottom":"","add_custom_css_class":"","heading":"Tambi\u00e9n te puede interesar","classes_resources":"manual_enter","show_latest":null,"drawer":[{"sub_heading":"M\u00e1s informaci\u00f3n sobre WEV","title":"Acerca de WEV","cta_link":{"title":"Aprende m\u00e1s","url":"https:\/\/www.wevonline.org\/es\/acerca-de-wev\/","target":""},"image":"https:\/\/www.wevonline.org\/wp-content\/uploads\/2022\/08\/About-WEV-Related-Content.jpg"},{"sub_heading":"Recursos de Negocios","title":"Clases de Negocios","cta_link":{"title":"Empieza","url":"https:\/\/www.wevonline.org\/es\/clases\/","target":""},"image":"https:\/\/www.wevonline.org\/wp-content\/uploads\/2022\/08\/Business-Classes-Related-Content-2.jpg"},{"sub_heading":"M\u00e1s informaci\u00f3n sobre WEV","title":"Impacto de WEV","cta_link":{"title":"Aprende m\u00e1s","url":"https:\/\/www.wevonline.org\/es\/acerca-de-wev\/impacto\/","target":""},"image":"https:\/\/www.wevonline.org\/wp-content\/uploads\/2022\/08\/Impact-Related-Content.jpg"}]}],"floating_cta_enable":"enable"},"yoast_head":"<!-- This site is optimized with the Yoast SEO plugin v27.2 - https:\/\/yoast.com\/product\/yoast-seo-wordpress\/ -->\n<title>Centro de Negocios de Mujeres (WBC) - WEV<\/title>\n<meta name=\"description\" content=\"El Women&#039;s Business Center (WBC) de WEV ofrece clases de negocios de bajo costo, asesor\u00eda y financiamiento espec\u00edfico para sus clientes. Aprende m\u00e1s.\" \/>\n<meta name=\"robots\" content=\"index, follow, max-snippet:-1, max-image-preview:large, max-video-preview:-1\" \/>\n<link rel=\"canonical\" href=\"https:\/\/www.wevonline.org\/about\/wbc\/\" \/>\n<meta property=\"og:locale\" content=\"es_ES\" \/>\n<meta property=\"og:type\" content=\"article\" \/>\n<meta property=\"og:title\" content=\"Centro de Negocios de Mujeres (WBC) - WEV\" \/>\n<meta property=\"og:description\" content=\"El Women&#039;s Business Center (WBC) de WEV ofrece clases de negocios de bajo costo, asesor\u00eda y financiamiento espec\u00edfico para sus clientes. Aprende m\u00e1s.\" \/>\n<meta property=\"og:url\" content=\"https:\/\/www.wevonline.org\/about\/wbc\/\" \/>\n<meta property=\"og:site_name\" content=\"WEV\" \/>\n<meta property=\"article:publisher\" content=\"https:\/\/www.facebook.com\/WomensEconomicVentures\" \/>\n<meta property=\"article:modified_time\" content=\"2026-03-06T15:29:26+00:00\" \/>\n<meta property=\"og:image\" content=\"https:\/\/www.wevonline.org\/wp-content\/uploads\/2022\/08\/WBC-Banner.jpg\" \/>\n\t<meta property=\"og:image:width\" content=\"1370\" \/>\n\t<meta property=\"og:image:height\" content=\"1100\" \/>\n\t<meta property=\"og:image:type\" content=\"image\/jpeg\" \/>\n<meta name=\"twitter:card\" content=\"summary_large_image\" \/>\n<script type=\"application\/ld+json\" class=\"yoast-schema-graph\">{\"@context\":\"https:\/\/schema.org\",\"@graph\":[{\"@type\":\"WebPage\",\"@id\":\"https:\/\/www.wevonline.org\/about\/wbc\/\",\"url\":\"https:\/\/www.wevonline.org\/about\/wbc\/\",\"name\":\"Centro de Negocios de Mujeres (WBC) - WEV\",\"isPartOf\":{\"@id\":\"https:\/\/www.wevonline.org\/#website\"},\"primaryImageOfPage\":{\"@id\":\"https:\/\/www.wevonline.org\/about\/wbc\/#primaryimage\"},\"image\":{\"@id\":\"https:\/\/www.wevonline.org\/about\/wbc\/#primaryimage\"},\"thumbnailUrl\":\"https:\/\/www.wevonline.org\/wp-content\/uploads\/2022\/08\/WBC-Banner.jpg\",\"datePublished\":\"2022-07-27T18:21:59+00:00\",\"dateModified\":\"2026-03-06T15:29:26+00:00\",\"description\":\"El Women's Business Center (WBC) de WEV ofrece clases de negocios de bajo costo, asesor\u00eda y financiamiento espec\u00edfico para sus clientes. Aprende m\u00e1s.\",\"breadcrumb\":{\"@id\":\"https:\/\/www.wevonline.org\/about\/wbc\/#breadcrumb\"},\"inLanguage\":\"es-ES\",\"potentialAction\":[{\"@type\":\"ReadAction\",\"target\":[\"https:\/\/www.wevonline.org\/about\/wbc\/\"]}]},{\"@type\":\"ImageObject\",\"inLanguage\":\"es-ES\",\"@id\":\"https:\/\/www.wevonline.org\/about\/wbc\/#primaryimage\",\"url\":\"https:\/\/www.wevonline.org\/wp-content\/uploads\/2022\/08\/WBC-Banner.jpg\",\"contentUrl\":\"https:\/\/www.wevonline.org\/wp-content\/uploads\/2022\/08\/WBC-Banner.jpg\",\"width\":1370,\"height\":1100,\"caption\":\"Lili Mu\u00f1oz y otros miembros de la comunidad aprenden sobre el Centro de Negocios para Mujeres de WEV en el Centro Comunitario de SB.\"},{\"@type\":\"BreadcrumbList\",\"@id\":\"https:\/\/www.wevonline.org\/about\/wbc\/#breadcrumb\",\"itemListElement\":[{\"@type\":\"ListItem\",\"position\":1,\"name\":\"Home\",\"item\":\"https:\/\/www.wevonline.org\/es\/\"},{\"@type\":\"ListItem\",\"position\":2,\"name\":\"Acerca de WEV\",\"item\":\"https:\/\/www.wevonline.org\/es\/acerca-de-wev\/\"},{\"@type\":\"ListItem\",\"position\":3,\"name\":\"Centro de Negocios de Mujeres (WBC)\"}]},{\"@type\":\"WebSite\",\"@id\":\"https:\/\/www.wevonline.org\/#website\",\"url\":\"https:\/\/www.wevonline.org\/\",\"name\":\"WEV\",\"description\":\"Women&#039;s Economic Ventures\",\"publisher\":{\"@id\":\"https:\/\/www.wevonline.org\/#organization\"},\"potentialAction\":[{\"@type\":\"SearchAction\",\"target\":{\"@type\":\"EntryPoint\",\"urlTemplate\":\"https:\/\/www.wevonline.org\/?s={search_term_string}\"},\"query-input\":{\"@type\":\"PropertyValueSpecification\",\"valueRequired\":true,\"valueName\":\"search_term_string\"}}],\"inLanguage\":\"es-ES\"},{\"@type\":\"Organization\",\"@id\":\"https:\/\/www.wevonline.org\/#organization\",\"name\":\"Women's Economic Ventures\",\"url\":\"https:\/\/www.wevonline.org\/\",\"logo\":{\"@type\":\"ImageObject\",\"inLanguage\":\"es-ES\",\"@id\":\"https:\/\/www.wevonline.org\/#\/schema\/logo\/image\/\",\"url\":\"https:\/\/www.wevonline.org\/wp-content\/uploads\/2022\/08\/WEV-Spanish-Logo_Website-Header.png\",\"contentUrl\":\"https:\/\/www.wevonline.org\/wp-content\/uploads\/2022\/08\/WEV-Spanish-Logo_Website-Header.png\",\"width\":506,\"height\":127,\"caption\":\"Women's Economic Ventures\"},\"image\":{\"@id\":\"https:\/\/www.wevonline.org\/#\/schema\/logo\/image\/\"},\"sameAs\":[\"https:\/\/www.facebook.com\/WomensEconomicVentures\",\"https:\/\/www.instagram.com\/womenseconomicventures\/?hl=en\"]}]}<\/script>\n<!-- \/ Yoast SEO plugin. -->","yoast_head_json":{"title":"Centro de Negocios de Mujeres (WBC) - WEV","description":"El Women's Business Center (WBC) de WEV ofrece clases de negocios de bajo costo, asesor\u00eda y financiamiento espec\u00edfico para sus clientes. Aprende m\u00e1s.","robots":{"index":"index","follow":"follow","max-snippet":"max-snippet:-1","max-image-preview":"max-image-preview:large","max-video-preview":"max-video-preview:-1"},"canonical":"https:\/\/www.wevonline.org\/about\/wbc\/","og_locale":"es_ES","og_type":"article","og_title":"Centro de Negocios de Mujeres (WBC) - WEV","og_description":"El Women's Business Center (WBC) de WEV ofrece clases de negocios de bajo costo, asesor\u00eda y financiamiento espec\u00edfico para sus clientes. Aprende m\u00e1s.","og_url":"https:\/\/www.wevonline.org\/about\/wbc\/","og_site_name":"WEV","article_publisher":"https:\/\/www.facebook.com\/WomensEconomicVentures","article_modified_time":"2026-03-06T15:29:26+00:00","og_image":[{"width":1370,"height":1100,"url":"https:\/\/www.wevonline.org\/wp-content\/uploads\/2022\/08\/WBC-Banner.jpg","type":"image\/jpeg"}],"twitter_card":"summary_large_image","schema":{"@context":"https:\/\/schema.org","@graph":[{"@type":"WebPage","@id":"https:\/\/www.wevonline.org\/about\/wbc\/","url":"https:\/\/www.wevonline.org\/about\/wbc\/","name":"Centro de Negocios de Mujeres (WBC) - WEV","isPartOf":{"@id":"https:\/\/www.wevonline.org\/#website"},"primaryImageOfPage":{"@id":"https:\/\/www.wevonline.org\/about\/wbc\/#primaryimage"},"image":{"@id":"https:\/\/www.wevonline.org\/about\/wbc\/#primaryimage"},"thumbnailUrl":"https:\/\/www.wevonline.org\/wp-content\/uploads\/2022\/08\/WBC-Banner.jpg","datePublished":"2022-07-27T18:21:59+00:00","dateModified":"2026-03-06T15:29:26+00:00","description":"El Women's Business Center (WBC) de WEV ofrece clases de negocios de bajo costo, asesor\u00eda y financiamiento espec\u00edfico para sus clientes. Aprende m\u00e1s.","breadcrumb":{"@id":"https:\/\/www.wevonline.org\/about\/wbc\/#breadcrumb"},"inLanguage":"es-ES","potentialAction":[{"@type":"ReadAction","target":["https:\/\/www.wevonline.org\/about\/wbc\/"]}]},{"@type":"ImageObject","inLanguage":"es-ES","@id":"https:\/\/www.wevonline.org\/about\/wbc\/#primaryimage","url":"https:\/\/www.wevonline.org\/wp-content\/uploads\/2022\/08\/WBC-Banner.jpg","contentUrl":"https:\/\/www.wevonline.org\/wp-content\/uploads\/2022\/08\/WBC-Banner.jpg","width":1370,"height":1100,"caption":"Lili Mu\u00f1oz y otros miembros de la comunidad aprenden sobre el Centro de Negocios para Mujeres de WEV en el Centro Comunitario de SB."},{"@type":"BreadcrumbList","@id":"https:\/\/www.wevonline.org\/about\/wbc\/#breadcrumb","itemListElement":[{"@type":"ListItem","position":1,"name":"Home","item":"https:\/\/www.wevonline.org\/es\/"},{"@type":"ListItem","position":2,"name":"Acerca de WEV","item":"https:\/\/www.wevonline.org\/es\/acerca-de-wev\/"},{"@type":"ListItem","position":3,"name":"Centro de Negocios de Mujeres (WBC)"}]},{"@type":"WebSite","@id":"https:\/\/www.wevonline.org\/#website","url":"https:\/\/www.wevonline.org\/","name":"WEV","description":"Women&#039;s Economic Ventures","publisher":{"@id":"https:\/\/www.wevonline.org\/#organization"},"potentialAction":[{"@type":"SearchAction","target":{"@type":"EntryPoint","urlTemplate":"https:\/\/www.wevonline.org\/?s={search_term_string}"},"query-input":{"@type":"PropertyValueSpecification","valueRequired":true,"valueName":"search_term_string"}}],"inLanguage":"es-ES"},{"@type":"Organization","@id":"https:\/\/www.wevonline.org\/#organization","name":"Women's Economic Ventures","url":"https:\/\/www.wevonline.org\/","logo":{"@type":"ImageObject","inLanguage":"es-ES","@id":"https:\/\/www.wevonline.org\/#\/schema\/logo\/image\/","url":"https:\/\/www.wevonline.org\/wp-content\/uploads\/2022\/08\/WEV-Spanish-Logo_Website-Header.png","contentUrl":"https:\/\/www.wevonline.org\/wp-content\/uploads\/2022\/08\/WEV-Spanish-Logo_Website-Header.png","width":506,"height":127,"caption":"Women's Economic Ventures"},"image":{"@id":"https:\/\/www.wevonline.org\/#\/schema\/logo\/image\/"},"sameAs":["https:\/\/www.facebook.com\/WomensEconomicVentures","https:\/\/www.instagram.com\/womenseconomicventures\/?hl=en"]}]}},"_links":{"self":[{"href":"https:\/\/www.wevonline.org\/es\/wp-json\/wp\/v2\/pages\/3863","targetHints":{"allow":["GET"]}}],"collection":[{"href":"https:\/\/www.wevonline.org\/es\/wp-json\/wp\/v2\/pages"}],"about":[{"href":"https:\/\/www.wevonline.org\/es\/wp-json\/wp\/v2\/types\/page"}],"author":[{"embeddable":true,"href":"https:\/\/www.wevonline.org\/es\/wp-json\/wp\/v2\/users\/1"}],"replies":[{"embeddable":true,"href":"https:\/\/www.wevonline.org\/es\/wp-json\/wp\/v2\/comments?post=3863"}],"version-history":[{"count":3,"href":"https:\/\/www.wevonline.org\/es\/wp-json\/wp\/v2\/pages\/3863\/revisions"}],"predecessor-version":[{"id":6645,"href":"https:\/\/www.wevonline.org\/es\/wp-json\/wp\/v2\/pages\/3863\/revisions\/6645"}],"up":[{"embeddable":true,"href":"https:\/\/www.wevonline.org\/es\/wp-json\/wp\/v2\/pages\/628"}],"wp:featuredmedia":[{"embeddable":true,"href":"https:\/\/www.wevonline.org\/es\/wp-json\/wp\/v2\/media\/5286"}],"wp:attachment":[{"href":"https:\/\/www.wevonline.org\/es\/wp-json\/wp\/v2\/media?parent=3863"}],"curies":[{"name":"wp","href":"https:\/\/api.w.org\/{rel}","templated":true}]}}