{"id":3845,"date":"2022-07-27T18:16:49","date_gmt":"2022-07-27T18:16:49","guid":{"rendered":"https:\/\/www.wevonline.org\/celebrando-el-crecimiento-de-los-negocios\/"},"modified":"2025-02-24T23:14:23","modified_gmt":"2025-02-24T23:14:23","slug":"celebrando-el-crecimiento-de-los-negocios","status":"publish","type":"page","link":"https:\/\/www.wevonline.org\/es\/historias-wev\/celebrando-el-crecimiento-de-los-negocios\/","title":{"rendered":"Celebrando el crecimiento de los negocios"},"content":{"rendered":"","protected":false},"excerpt":{"rendered":"","protected":false},"author":1,"featured_media":5140,"parent":677,"menu_order":0,"comment_status":"closed","ping_status":"closed","template":"","meta":{"_acf_changed":false,"footnotes":""},"class_list":["post-3845","page","type-page","status-publish","has-post-thumbnail","hentry"],"acf":{"flexible_blocks":[{"acf_fc_layout":"cb07_interior_banner","block_id":"","margin_top":"","margin_bottom":"","add_custom_css_class":"","headline":"Celebrando el crecimiento de los negocios","sub_headline":"","image":false},{"acf_fc_layout":"cb10_impact_feature","block_id":"","margin_top":"","margin_bottom":"","add_custom_css_class":"","slider":[{"heading":"Hitos trascendentales","description":"<p>Lanzar un negocio es un logro enorme. Despu\u00e9s de este salto inicial, las(os) due\u00f1as(os) de negocios logran muchos m\u00e1s hitos en su viaje, cada uno de los cuales es una se\u00f1al de valor y perseverancia incre\u00edbles.<\/p>\n","cta_link":"","left_side_content":"image","stat_drawer":false,"image_1":"https:\/\/www.wevonline.org\/wp-content\/uploads\/2022\/08\/Celebrating-Biz-Growth-Impact-Slider-Large-1.jpg","image_2":false,"video":null},{"heading":"Crecimiento para generar riqueza","description":"<p>Los hitos visibles (abrir una tienda o contratar personal) suelen indicar otros logros importantes. Alcanzar hitos como el crecimiento de ingresos es fundamental para la capacidad del negocio de generar seguridad financiera y riqueza real.<\/p>\n","cta_link":"","left_side_content":"image","stat_drawer":false,"image_1":"https:\/\/www.wevonline.org\/wp-content\/uploads\/2022\/08\/Celebrating-Biz-Growth-Impact-Slider-Large-3.jpg","image_2":"https:\/\/www.wevonline.org\/wp-content\/uploads\/2022\/08\/Celebrating-Biz-Growth-Impact-Slider-Small-1.jpg","video":null},{"heading":"El Umbral de $250,000","description":"<p>&#8220;El crecimiento en el empleo e ingresos comienza a despegar para los negocios de mujeres cuando alcanzan los $250,000&#8221;, seg\u00fan el Informe SOWB de 2018. Esta etapa, promueve el bienestar financiero de la due\u00f1a, y empieza a obtener beneficios de escala.<\/p>\n","cta_link":"","left_side_content":"states","stat_drawer":[{"icon":false,"sub_heading_first":"","stat":"5.7%","sub_heading_second":"De negocios propiedad de mujeres","text":"Generan $250k o m\u00e1s en ingresos anuales."},{"icon":false,"sub_heading_first":"Estos negocios conforman","stat":"91%","sub_heading_second":"","text":"Del empleo total para los negocios propiedad de mujeres."},{"icon":false,"sub_heading_first":"Y generan","stat":"83%","sub_heading_second":"","text":"Del total de ingresos de negocios propiedad de mujeres."},{"icon":false,"sub_heading_first":"","stat":"","sub_heading_second":"","text":"Fuente: Informe sobre el estado de los negocios propiedad de mujeres de 2018."}],"image_1":false,"image_2":false,"video":null},{"heading":"C\u00f3mo llegan los negocios all\u00ed","description":"<p>Alcanzar $250k o m\u00e1s en ingresos anuales requiere trabajo duro y dedicaci\u00f3n. Un plan de negocios claro, comprensi\u00f3n del marketing y finanzas, y comunidad s\u00f3lida capacitan a las(os) due\u00f1as(os) de negocios a llegar m\u00e1s r\u00e1pido. WEV puede ayudar.<\/p>\n","cta_link":{"title":"Explora Recursos de WEV","url":"https:\/\/www.wevonline.org\/es\/recursos\/","target":""},"left_side_content":"states","stat_drawer":false,"image_1":"https:\/\/www.wevonline.org\/wp-content\/uploads\/2022\/08\/Celebrating-Biz-Growth-Impact-Slider-Large-2.jpg","image_2":false,"video":null}]},{"acf_fc_layout":"cb11_text_editor","block_id":"","margin_top":"","margin_bottom":"","add_custom_css_class":"","editor":"<h2>La magia de $1 mill\u00f3n<\/h2>\n<p>Los negocios que generan m\u00e1s de $1 mill\u00f3n en ingresos anuales son la gran minor\u00eda, que representan menos del 2% de los negocios propiedad de mujeres en los EE. UU., sin embargo, representan la mayor\u00eda de la creaci\u00f3n de empleo y los ingresos totales. Estas potencias econ\u00f3micas generan riqueza para sus due\u00f1as(os) y devuelven grandes dividendos a la econom\u00eda en general.<\/p>\n<h3 class=\"p-heading-2\">Celebrando los miembros de Million Dollar Milestone (Hito del mill\u00f3n de d\u00f3lares)<\/h3>\n<p>WEV felicita a todas(os) las(os) clientas(es) cuyos negocios han ganado m\u00e1s de $1 mill\u00f3n en ingresos anuales en al menos un a\u00f1o de operaci\u00f3n.<\/p>\n<p style=\"text-align: center;\">Ammonite LLC<br \/>\nAnimal &#038; Insect Pest Management Inc.<br \/>\nAqua Skin and Nail Care*<br \/>\nC\u2019est Cheese*<br \/>\nChildren&#8217;s Therapy Network<br \/>\nDenny Cooper*<br \/>\nGrapes &#038; Hops*<br \/>\nNew Dawn Counseling and Consulting<br \/>\nParadise Pantry<br \/>\nProjects General Construction, Inc.<br \/>\nSanta Barbara Axxess<br \/>\nSchneider Autohaus<br \/>\nScratch Kitchen*<br \/>\nSeasons Catering<br \/>\nSun Pacific Solar Electric, Inc.<br \/>\nSunrise BGO Carriers Inc.<br \/>\nThe Closet Trading Company<br \/>\nZFolio<\/p>\n<p>Algunos negocios destacados anteriormente ya hab\u00edan alcanzado este hito cuando sus due\u00f1as(os) acudieron a WEV en busca de apoyo para crecer, mientras que otras alcanzaron la marca del mill\u00f3n de d\u00f3lares despu\u00e9s de acudir a WEV.<\/p>\n<p>*indica un negocio que ya no es operado por clienta(e) de WEV.<\/p>\n<p>\u00a0<\/p>\n<h3 class=\"p-heading-2\">\u00bfHas alcanzado el hito del mill\u00f3n de d\u00f3lares en tu negocio?<\/h3>\n<p>D\u00e9janos saber para que podamos celebrar tu negocio aqu\u00ed.<\/p>\n<p><a href=\"https:\/\/test-wev.pantheonsite.io\/es\/ponte-en-contacto\/\"><button>Ponte en contacto<br \/>\n<\/button><\/a><\/p>\n"},{"acf_fc_layout":"cb12_related_content","block_id":"","margin_top":"","margin_bottom":"","add_custom_css_class":"","heading":"Tambi\u00e9n te puede interesar","classes_resources":"manual_enter","show_latest":null,"drawer":[{"sub_heading":"M\u00e1s informaci\u00f3n sobre WEV","title":"Acerca de WEV","cta_link":{"title":"Aprende m\u00e1s","url":"https:\/\/www.wevonline.org\/es\/acerca\/","target":""},"image":"https:\/\/www.wevonline.org\/wp-content\/uploads\/2022\/08\/About-WEV-Related-Content.jpg"},{"sub_heading":"M\u00e1s informaci\u00f3n sobre WEV","title":"Directorio de Negocios","cta_link":{"title":"Explora","url":"https:\/\/www.wevonline.org\/es\/directorio-de-negocios\/","target":""},"image":"https:\/\/www.wevonline.org\/wp-content\/uploads\/2024\/04\/Business-Directory_Related-Content.jpg"},{"sub_heading":"M\u00e1s informaci\u00f3n sobre WEV","title":"Historias de la comunidad de WEV","cta_link":{"title":"Lee m\u00e1s","url":"https:\/\/www.wevonline.org\/es\/historias-wev\/","target":""},"image":"https:\/\/www.wevonline.org\/wp-content\/uploads\/2022\/08\/Stories-from-WEVs-Community_Related-Content.jpg"}]}],"floating_cta_enable":"disable"},"yoast_head":"<!-- This site is optimized with the Yoast SEO plugin v27.2 - https:\/\/yoast.com\/product\/yoast-seo-wordpress\/ -->\n<title>Celebrando el crecimiento de los negocios - WEV<\/title>\n<meta name=\"description\" content=\"Las negocios propiedad de mujeres que generan m\u00e1s de $250,000 en ingresos anuales crean enormes beneficios econ\u00f3micos y est\u00e1n preparadas para un crecimiento acelerado.\" \/>\n<meta name=\"robots\" content=\"index, follow, max-snippet:-1, max-image-preview:large, max-video-preview:-1\" \/>\n<link rel=\"canonical\" href=\"http:\/\/live-wev.pantheonsite.io\/wev-stories\/celebrating-business-growth\/\" \/>\n<meta property=\"og:locale\" content=\"es_ES\" \/>\n<meta property=\"og:type\" content=\"article\" \/>\n<meta property=\"og:title\" content=\"Celebrando el crecimiento de los negocios - WEV\" \/>\n<meta property=\"og:description\" content=\"Las negocios propiedad de mujeres que generan m\u00e1s de $250,000 en ingresos anuales crean enormes beneficios econ\u00f3micos y est\u00e1n preparadas para un crecimiento acelerado.\" \/>\n<meta property=\"og:url\" content=\"http:\/\/live-wev.pantheonsite.io\/wev-stories\/celebrating-business-growth\/\" \/>\n<meta property=\"og:site_name\" content=\"WEV\" \/>\n<meta property=\"article:publisher\" content=\"https:\/\/www.facebook.com\/WomensEconomicVentures\" \/>\n<meta property=\"article:modified_time\" content=\"2025-02-24T23:14:23+00:00\" \/>\n<meta property=\"og:image\" content=\"http:\/\/live-wev.pantheonsite.io\/wp-content\/uploads\/2022\/08\/Celebrating-Biz-Growth-Impact-Slider-Large-3.jpg\" \/>\n\t<meta property=\"og:image:width\" content=\"1166\" \/>\n\t<meta property=\"og:image:height\" content=\"1166\" \/>\n\t<meta property=\"og:image:type\" content=\"image\/jpeg\" \/>\n<meta name=\"twitter:card\" content=\"summary_large_image\" \/>\n<script type=\"application\/ld+json\" class=\"yoast-schema-graph\">{\"@context\":\"https:\/\/schema.org\",\"@graph\":[{\"@type\":\"WebPage\",\"@id\":\"http:\/\/live-wev.pantheonsite.io\/wev-stories\/celebrating-business-growth\/\",\"url\":\"http:\/\/live-wev.pantheonsite.io\/wev-stories\/celebrating-business-growth\/\",\"name\":\"Celebrando el crecimiento de los negocios - WEV\",\"isPartOf\":{\"@id\":\"https:\/\/www.wevonline.org\/#website\"},\"primaryImageOfPage\":{\"@id\":\"http:\/\/live-wev.pantheonsite.io\/wev-stories\/celebrating-business-growth\/#primaryimage\"},\"image\":{\"@id\":\"http:\/\/live-wev.pantheonsite.io\/wev-stories\/celebrating-business-growth\/#primaryimage\"},\"thumbnailUrl\":\"https:\/\/www.wevonline.org\/wp-content\/uploads\/2022\/08\/Celebrating-Biz-Growth-Impact-Slider-Large-3.jpg\",\"datePublished\":\"2022-07-27T18:16:49+00:00\",\"dateModified\":\"2025-02-24T23:14:23+00:00\",\"description\":\"Las negocios propiedad de mujeres que generan m\u00e1s de $250,000 en ingresos anuales crean enormes beneficios econ\u00f3micos y est\u00e1n preparadas para un crecimiento acelerado.\",\"breadcrumb\":{\"@id\":\"http:\/\/live-wev.pantheonsite.io\/wev-stories\/celebrating-business-growth\/#breadcrumb\"},\"inLanguage\":\"es-ES\",\"potentialAction\":[{\"@type\":\"ReadAction\",\"target\":[\"http:\/\/live-wev.pantheonsite.io\/wev-stories\/celebrating-business-growth\/\"]}]},{\"@type\":\"ImageObject\",\"inLanguage\":\"es-ES\",\"@id\":\"http:\/\/live-wev.pantheonsite.io\/wev-stories\/celebrating-business-growth\/#primaryimage\",\"url\":\"https:\/\/www.wevonline.org\/wp-content\/uploads\/2022\/08\/Celebrating-Biz-Growth-Impact-Slider-Large-3.jpg\",\"contentUrl\":\"https:\/\/www.wevonline.org\/wp-content\/uploads\/2022\/08\/Celebrating-Biz-Growth-Impact-Slider-Large-3.jpg\",\"width\":1166,\"height\":1166,\"caption\":\"Sabine Dodane, en su negocio Reves de Sabine, accedi\u00f3 al apoyo de WEV para hacer crecer su negocio.\"},{\"@type\":\"BreadcrumbList\",\"@id\":\"http:\/\/live-wev.pantheonsite.io\/wev-stories\/celebrating-business-growth\/#breadcrumb\",\"itemListElement\":[{\"@type\":\"ListItem\",\"position\":1,\"name\":\"Home\",\"item\":\"https:\/\/www.wevonline.org\/es\/\"},{\"@type\":\"ListItem\",\"position\":2,\"name\":\"Historias de la comunidad de WEV\",\"item\":\"https:\/\/www.wevonline.org\/es\/historias-wev\/\"},{\"@type\":\"ListItem\",\"position\":3,\"name\":\"Celebrando el crecimiento de los negocios\"}]},{\"@type\":\"WebSite\",\"@id\":\"https:\/\/www.wevonline.org\/#website\",\"url\":\"https:\/\/www.wevonline.org\/\",\"name\":\"WEV\",\"description\":\"Women&#039;s Economic Ventures\",\"publisher\":{\"@id\":\"https:\/\/www.wevonline.org\/#organization\"},\"potentialAction\":[{\"@type\":\"SearchAction\",\"target\":{\"@type\":\"EntryPoint\",\"urlTemplate\":\"https:\/\/www.wevonline.org\/?s={search_term_string}\"},\"query-input\":{\"@type\":\"PropertyValueSpecification\",\"valueRequired\":true,\"valueName\":\"search_term_string\"}}],\"inLanguage\":\"es-ES\"},{\"@type\":\"Organization\",\"@id\":\"https:\/\/www.wevonline.org\/#organization\",\"name\":\"Women's Economic Ventures\",\"url\":\"https:\/\/www.wevonline.org\/\",\"logo\":{\"@type\":\"ImageObject\",\"inLanguage\":\"es-ES\",\"@id\":\"https:\/\/www.wevonline.org\/#\/schema\/logo\/image\/\",\"url\":\"https:\/\/www.wevonline.org\/wp-content\/uploads\/2022\/08\/WEV-Spanish-Logo_Website-Header.png\",\"contentUrl\":\"https:\/\/www.wevonline.org\/wp-content\/uploads\/2022\/08\/WEV-Spanish-Logo_Website-Header.png\",\"width\":506,\"height\":127,\"caption\":\"Women's Economic Ventures\"},\"image\":{\"@id\":\"https:\/\/www.wevonline.org\/#\/schema\/logo\/image\/\"},\"sameAs\":[\"https:\/\/www.facebook.com\/WomensEconomicVentures\",\"https:\/\/www.instagram.com\/womenseconomicventures\/?hl=en\"]}]}<\/script>\n<!-- \/ Yoast SEO plugin. -->","yoast_head_json":{"title":"Celebrando el crecimiento de los negocios - WEV","description":"Las negocios propiedad de mujeres que generan m\u00e1s de $250,000 en ingresos anuales crean enormes beneficios econ\u00f3micos y est\u00e1n preparadas para un crecimiento acelerado.","robots":{"index":"index","follow":"follow","max-snippet":"max-snippet:-1","max-image-preview":"max-image-preview:large","max-video-preview":"max-video-preview:-1"},"canonical":"http:\/\/live-wev.pantheonsite.io\/wev-stories\/celebrating-business-growth\/","og_locale":"es_ES","og_type":"article","og_title":"Celebrando el crecimiento de los negocios - WEV","og_description":"Las negocios propiedad de mujeres que generan m\u00e1s de $250,000 en ingresos anuales crean enormes beneficios econ\u00f3micos y est\u00e1n preparadas para un crecimiento acelerado.","og_url":"http:\/\/live-wev.pantheonsite.io\/wev-stories\/celebrating-business-growth\/","og_site_name":"WEV","article_publisher":"https:\/\/www.facebook.com\/WomensEconomicVentures","article_modified_time":"2025-02-24T23:14:23+00:00","og_image":[{"width":1166,"height":1166,"url":"http:\/\/live-wev.pantheonsite.io\/wp-content\/uploads\/2022\/08\/Celebrating-Biz-Growth-Impact-Slider-Large-3.jpg","type":"image\/jpeg"}],"twitter_card":"summary_large_image","schema":{"@context":"https:\/\/schema.org","@graph":[{"@type":"WebPage","@id":"http:\/\/live-wev.pantheonsite.io\/wev-stories\/celebrating-business-growth\/","url":"http:\/\/live-wev.pantheonsite.io\/wev-stories\/celebrating-business-growth\/","name":"Celebrando el crecimiento de los negocios - WEV","isPartOf":{"@id":"https:\/\/www.wevonline.org\/#website"},"primaryImageOfPage":{"@id":"http:\/\/live-wev.pantheonsite.io\/wev-stories\/celebrating-business-growth\/#primaryimage"},"image":{"@id":"http:\/\/live-wev.pantheonsite.io\/wev-stories\/celebrating-business-growth\/#primaryimage"},"thumbnailUrl":"https:\/\/www.wevonline.org\/wp-content\/uploads\/2022\/08\/Celebrating-Biz-Growth-Impact-Slider-Large-3.jpg","datePublished":"2022-07-27T18:16:49+00:00","dateModified":"2025-02-24T23:14:23+00:00","description":"Las negocios propiedad de mujeres que generan m\u00e1s de $250,000 en ingresos anuales crean enormes beneficios econ\u00f3micos y est\u00e1n preparadas para un crecimiento acelerado.","breadcrumb":{"@id":"http:\/\/live-wev.pantheonsite.io\/wev-stories\/celebrating-business-growth\/#breadcrumb"},"inLanguage":"es-ES","potentialAction":[{"@type":"ReadAction","target":["http:\/\/live-wev.pantheonsite.io\/wev-stories\/celebrating-business-growth\/"]}]},{"@type":"ImageObject","inLanguage":"es-ES","@id":"http:\/\/live-wev.pantheonsite.io\/wev-stories\/celebrating-business-growth\/#primaryimage","url":"https:\/\/www.wevonline.org\/wp-content\/uploads\/2022\/08\/Celebrating-Biz-Growth-Impact-Slider-Large-3.jpg","contentUrl":"https:\/\/www.wevonline.org\/wp-content\/uploads\/2022\/08\/Celebrating-Biz-Growth-Impact-Slider-Large-3.jpg","width":1166,"height":1166,"caption":"Sabine Dodane, en su negocio Reves de Sabine, accedi\u00f3 al apoyo de WEV para hacer crecer su negocio."},{"@type":"BreadcrumbList","@id":"http:\/\/live-wev.pantheonsite.io\/wev-stories\/celebrating-business-growth\/#breadcrumb","itemListElement":[{"@type":"ListItem","position":1,"name":"Home","item":"https:\/\/www.wevonline.org\/es\/"},{"@type":"ListItem","position":2,"name":"Historias de la comunidad de WEV","item":"https:\/\/www.wevonline.org\/es\/historias-wev\/"},{"@type":"ListItem","position":3,"name":"Celebrando el crecimiento de los negocios"}]},{"@type":"WebSite","@id":"https:\/\/www.wevonline.org\/#website","url":"https:\/\/www.wevonline.org\/","name":"WEV","description":"Women&#039;s Economic Ventures","publisher":{"@id":"https:\/\/www.wevonline.org\/#organization"},"potentialAction":[{"@type":"SearchAction","target":{"@type":"EntryPoint","urlTemplate":"https:\/\/www.wevonline.org\/?s={search_term_string}"},"query-input":{"@type":"PropertyValueSpecification","valueRequired":true,"valueName":"search_term_string"}}],"inLanguage":"es-ES"},{"@type":"Organization","@id":"https:\/\/www.wevonline.org\/#organization","name":"Women's Economic Ventures","url":"https:\/\/www.wevonline.org\/","logo":{"@type":"ImageObject","inLanguage":"es-ES","@id":"https:\/\/www.wevonline.org\/#\/schema\/logo\/image\/","url":"https:\/\/www.wevonline.org\/wp-content\/uploads\/2022\/08\/WEV-Spanish-Logo_Website-Header.png","contentUrl":"https:\/\/www.wevonline.org\/wp-content\/uploads\/2022\/08\/WEV-Spanish-Logo_Website-Header.png","width":506,"height":127,"caption":"Women's Economic Ventures"},"image":{"@id":"https:\/\/www.wevonline.org\/#\/schema\/logo\/image\/"},"sameAs":["https:\/\/www.facebook.com\/WomensEconomicVentures","https:\/\/www.instagram.com\/womenseconomicventures\/?hl=en"]}]}},"_links":{"self":[{"href":"https:\/\/www.wevonline.org\/es\/wp-json\/wp\/v2\/pages\/3845","targetHints":{"allow":["GET"]}}],"collection":[{"href":"https:\/\/www.wevonline.org\/es\/wp-json\/wp\/v2\/pages"}],"about":[{"href":"https:\/\/www.wevonline.org\/es\/wp-json\/wp\/v2\/types\/page"}],"author":[{"embeddable":true,"href":"https:\/\/www.wevonline.org\/es\/wp-json\/wp\/v2\/users\/1"}],"replies":[{"embeddable":true,"href":"https:\/\/www.wevonline.org\/es\/wp-json\/wp\/v2\/comments?post=3845"}],"version-history":[{"count":3,"href":"https:\/\/www.wevonline.org\/es\/wp-json\/wp\/v2\/pages\/3845\/revisions"}],"predecessor-version":[{"id":6853,"href":"https:\/\/www.wevonline.org\/es\/wp-json\/wp\/v2\/pages\/3845\/revisions\/6853"}],"up":[{"embeddable":true,"href":"https:\/\/www.wevonline.org\/es\/wp-json\/wp\/v2\/pages\/677"}],"wp:featuredmedia":[{"embeddable":true,"href":"https:\/\/www.wevonline.org\/es\/wp-json\/wp\/v2\/media\/5140"}],"wp:attachment":[{"href":"https:\/\/www.wevonline.org\/es\/wp-json\/wp\/v2\/media?parent=3845"}],"curies":[{"name":"wp","href":"https:\/\/api.w.org\/{rel}","templated":true}]}}