{"id":3782,"date":"2022-08-14T05:35:05","date_gmt":"2022-08-14T05:35:05","guid":{"rendered":"https:\/\/www.wevonline.org\/apoya\/mas-formas-de-dar\/"},"modified":"2025-10-01T20:57:01","modified_gmt":"2025-10-01T20:57:01","slug":"mas-formas-de-dar","status":"publish","type":"page","link":"https:\/\/www.wevonline.org\/es\/dona\/mas-formas-de-dar\/","title":{"rendered":"M\u00e1s formas de dar"},"content":{"rendered":"","protected":false},"excerpt":{"rendered":"","protected":false},"author":3,"featured_media":5214,"parent":3765,"menu_order":0,"comment_status":"closed","ping_status":"closed","template":"","meta":{"_acf_changed":false,"footnotes":""},"class_list":["post-3782","page","type-page","status-publish","has-post-thumbnail","hentry"],"acf":{"flexible_blocks":[{"acf_fc_layout":"cb07_interior_banner","block_id":"","margin_top":"","margin_bottom":"","add_custom_css_class":"","headline":"M\u00e1s formas de dar","sub_headline":"","image":"https:\/\/www.wevonline.org\/wp-content\/uploads\/2022\/08\/More-Ways-to-Give-Banner.jpg"},{"acf_fc_layout":"cb11_text_editor","block_id":"","margin_top":"","margin_bottom":"","add_custom_css_class":"","editor":"<h2>\u00bfTe apasiona WEV?<\/h2>\n<p>Hay muchas maneras de dar.<\/p>\n<p>Durante la pandemia, Lisa Gaede, propietaria de Carlyle Salon, decidi\u00f3 que quer\u00eda retribuir a otras(o) propietarias(o) de peque\u00f1as empresas. Comenz\u00f3 una campa\u00f1a de recaudaci\u00f3n de fondos, vendiendo gorras de b\u00e9isbol y el 25% de las ganancias se destin\u00f3 a ayudar a las empresas locales a trav\u00e9s de WEV.<\/p>\n<p>\u00a0<\/p>\n<div class=\"quote-section no_image\"><div class=\"right-content\"><blockquote>\u201cWEV nos brind\u00f3 a m\u00ed y a otros la ayuda y el apoyo que necesit\u00e1bamos para iniciar nuestros negocios. Se sinti\u00f3 bien retribuir durante COVID.\u201d<\/blockquote><p class=\"subhead\">Lisa Gaede, Carlyle Salon<\/p><\/div><\/div>\n<p>\u00a0<\/p>\n<p>Cynthia Torres es clienta de WEV y miembro de la Liga de Mujeres Extraordinarias. \u00a1Para celebrar su cumplea\u00f1os en 2020, Cynthia decidi\u00f3 organizar una recaudaci\u00f3n de fondos en Facebook en apoyo a WEV!<\/p>\n<p>La dise\u00f1adora gr\u00e1fica Alena Rieger don\u00f3 una parte de las ganancias que recaud\u00f3 vendiendo postales tem\u00e1ticas de California a WEV.<\/p>\n<p>\u00a0<\/p>\n<h2>M\u00e1s formas en las que puedes dar<\/h2>\n<ul>\n<li><strong>Recaudaci\u00f3n de fondos para WEV<\/strong><\/li>\n<\/ul>\n<p style=\"padding-left: 40px;\">Comienza tu propia recaudaci\u00f3n de fondos o inspira a otros a dar el regalo del empoderamiento. \u00bfQuieres ayuda para empezar? <a href=\"https:\/\/www.wevonline.org\/es\/ponte-en-contacto?entry=%7B%22Team%22:%22Donate%22%7D\">Ponte en contacto<\/a>.<\/p>\n<ul>\n<li><strong>Donaciones planificadas<\/strong><\/li>\n<\/ul>\n<p style=\"padding-left: 40px;\">Con una donaci\u00f3n planificada, puedes crear un legado duradero y crear un beneficio tanto para ti como para el futuro de WEV. <a href=\"https:\/\/www.wevonline.org\/es\/dona\/donaciones-planificadas\/\">Obten m\u00e1s informaci\u00f3n sobre las donaciones planificadas.<\/a><\/p>\n<ul>\n<li><strong>Donaciones duplicadas por tu lugar de trabajo<\/strong><\/li>\n<\/ul>\n<p style=\"padding-left: 40px;\">Participar en un programa de donaciones equivalentes hace que tu donaci\u00f3n rinda m\u00e1s. Muchas empresas alientan a sus empleadas(o) a donar a sus organizaciones ben\u00e9ficas favoritas e igualan sus contribuciones, en algunos casos, d\u00f3lar por d\u00f3lar o m\u00e1s. Habla con tu empleador o equipo de beneficios para obtener m\u00e1s informaci\u00f3n.<\/p>\n<ul>\n<li><strong>Donaciones en especie<\/strong><\/li>\n<\/ul>\n<p style=\"padding-left: 40px;\">WEV agradece la donaci\u00f3n de servicios profesionales o suministros para eventos que puedan contribuir a nuestra misi\u00f3n. <a href=\"https:\/\/www.wevonline.org\/es\/ponte-en-contacto\/?entry=%7B%22Team%22:%22Donate%22%7D\">Ponte en contacto<\/a>.<\/p>\n<ul>\n<li><strong>Donar por tel\u00e9fono<\/strong><\/li>\n<\/ul>\n<p style=\"padding-left: 40px;\">\u00bfPrefieres donar por tel\u00e9fono? Llama a Lauren Lafferty, Directora Asociada de Desarrollo, al <a href=\"tel:18059080093\">(805) 908-0093<\/a>.<\/p>\n<ul>\n<li><strong>Donar por correo<\/strong><\/li>\n<\/ul>\n<p style=\"padding-left: 40px;\">\u00bfPrefieres enviar tu donaci\u00f3n por correo? Env\u00eda tu cheque por correo a:<\/p>\n<p style=\"padding-left: 40px;\">Women\u2019s Economic Ventures<br \/>\n21 East Canon Perdido, Suite 301<br \/>\nSanta Barbara, CA 93101<\/p>\n<ul>\n<li><strong>Designa a WEV como beneficiario(a) de tu fondo asesorado por donantes (DAF)<\/strong><\/li>\n<\/ul>\n<p style=\"padding-left: 40px;\">Para designar a WEV como beneficiario(a) de tu DAF, utiliza el Tax ID de WEV: 95-3674624<\/p>\n"},{"acf_fc_layout":"cb12_related_content","block_id":"","margin_top":"","margin_bottom":"","add_custom_css_class":"","heading":"Tambi\u00e9n te puede interesar","classes_resources":"manual_enter","show_latest":null,"drawer":[{"sub_heading":"M\u00e1s informaci\u00f3n sobre WEV","title":"Acerca de WEV","cta_link":{"title":"Aprende m\u00e1s","url":"https:\/\/www.wevonline.org\/es\/acerca-de-wev\/","target":""},"image":"https:\/\/www.wevonline.org\/wp-content\/uploads\/2022\/08\/About-WEV-Related-Content.jpg"},{"sub_heading":"Apoya a WEV","title":"Voluntariado con WEV","cta_link":{"title":"Empieza","url":"https:\/\/www.wevonline.org\/es\/voluntariado\/","target":""},"image":"https:\/\/www.wevonline.org\/wp-content\/uploads\/2022\/08\/Volunteer-Related-Content-2.jpg"},{"sub_heading":"M\u00e1s informaci\u00f3n sobre WEV","title":"Impacto de WEV","cta_link":{"title":"Aprende m\u00e1s","url":"https:\/\/www.wevonline.org\/es\/impacto\/","target":""},"image":"https:\/\/www.wevonline.org\/wp-content\/uploads\/2022\/08\/Impact-Related-Content.jpg"}]}],"floating_cta_enable":"enable"},"yoast_head":"<!-- This site is optimized with the Yoast SEO plugin v27.2 - https:\/\/yoast.com\/product\/yoast-seo-wordpress\/ -->\n<title>M\u00e1s formas de dar - WEV<\/title>\n<meta name=\"description\" content=\"\u00bfApasionada(o) por WEV? Aprenda c\u00f3mo apoyar nuestra misi\u00f3n con una recaudaci\u00f3n de fondos, obsequios equivalentes en el lugar de trabajo, donaciones en especie y m\u00e1s.\" \/>\n<meta name=\"robots\" content=\"index, follow, max-snippet:-1, max-image-preview:large, max-video-preview:-1\" \/>\n<link rel=\"canonical\" href=\"https:\/\/www.wevonline.org\/es\/dona\/mas-formas-de-dar\/\" \/>\n<meta property=\"og:locale\" content=\"es_ES\" \/>\n<meta property=\"og:type\" content=\"article\" \/>\n<meta property=\"og:title\" content=\"M\u00e1s formas de dar - WEV\" \/>\n<meta property=\"og:description\" content=\"\u00bfApasionada(o) por WEV? Aprenda c\u00f3mo apoyar nuestra misi\u00f3n con una recaudaci\u00f3n de fondos, obsequios equivalentes en el lugar de trabajo, donaciones en especie y m\u00e1s.\" \/>\n<meta property=\"og:url\" content=\"https:\/\/www.wevonline.org\/es\/dona\/mas-formas-de-dar\/\" \/>\n<meta property=\"og:site_name\" content=\"WEV\" \/>\n<meta property=\"article:publisher\" content=\"https:\/\/www.facebook.com\/WomensEconomicVentures\" \/>\n<meta property=\"article:modified_time\" content=\"2025-10-01T20:57:01+00:00\" \/>\n<meta property=\"og:image\" content=\"https:\/\/www.wevonline.org\/wp-content\/uploads\/2022\/08\/More-Ways-to-Give-Banner.jpg\" \/>\n\t<meta property=\"og:image:width\" content=\"1370\" \/>\n\t<meta property=\"og:image:height\" content=\"1100\" \/>\n\t<meta property=\"og:image:type\" content=\"image\/jpeg\" \/>\n<meta name=\"twitter:card\" content=\"summary_large_image\" \/>\n<script type=\"application\/ld+json\" class=\"yoast-schema-graph\">{\"@context\":\"https:\/\/schema.org\",\"@graph\":[{\"@type\":\"WebPage\",\"@id\":\"https:\/\/www.wevonline.org\/es\/dona\/mas-formas-de-dar\/\",\"url\":\"https:\/\/www.wevonline.org\/es\/dona\/mas-formas-de-dar\/\",\"name\":\"M\u00e1s formas de dar - WEV\",\"isPartOf\":{\"@id\":\"https:\/\/www.wevonline.org\/#website\"},\"primaryImageOfPage\":{\"@id\":\"https:\/\/www.wevonline.org\/es\/dona\/mas-formas-de-dar\/#primaryimage\"},\"image\":{\"@id\":\"https:\/\/www.wevonline.org\/es\/dona\/mas-formas-de-dar\/#primaryimage\"},\"thumbnailUrl\":\"https:\/\/www.wevonline.org\/wp-content\/uploads\/2022\/08\/More-Ways-to-Give-Banner.jpg\",\"datePublished\":\"2022-08-14T05:35:05+00:00\",\"dateModified\":\"2025-10-01T20:57:01+00:00\",\"description\":\"\u00bfApasionada(o) por WEV? Aprenda c\u00f3mo apoyar nuestra misi\u00f3n con una recaudaci\u00f3n de fondos, obsequios equivalentes en el lugar de trabajo, donaciones en especie y m\u00e1s.\",\"breadcrumb\":{\"@id\":\"https:\/\/www.wevonline.org\/es\/dona\/mas-formas-de-dar\/#breadcrumb\"},\"inLanguage\":\"es-ES\",\"potentialAction\":[{\"@type\":\"ReadAction\",\"target\":[\"https:\/\/www.wevonline.org\/es\/dona\/mas-formas-de-dar\/\"]}]},{\"@type\":\"ImageObject\",\"inLanguage\":\"es-ES\",\"@id\":\"https:\/\/www.wevonline.org\/es\/dona\/mas-formas-de-dar\/#primaryimage\",\"url\":\"https:\/\/www.wevonline.org\/wp-content\/uploads\/2022\/08\/More-Ways-to-Give-Banner.jpg\",\"contentUrl\":\"https:\/\/www.wevonline.org\/wp-content\/uploads\/2022\/08\/More-Ways-to-Give-Banner.jpg\",\"width\":1370,\"height\":1100,\"caption\":\"La propietaria de negocios, Lisa Gaede, inici\u00f3 una recaudaci\u00f3n de fondos para apoyar la misi\u00f3n de WEV de empoderar a las mujeres.\"},{\"@type\":\"BreadcrumbList\",\"@id\":\"https:\/\/www.wevonline.org\/es\/dona\/mas-formas-de-dar\/#breadcrumb\",\"itemListElement\":[{\"@type\":\"ListItem\",\"position\":1,\"name\":\"Home\",\"item\":\"https:\/\/www.wevonline.org\/es\/\"},{\"@type\":\"ListItem\",\"position\":2,\"name\":\"Dona a WEV\",\"item\":\"https:\/\/www.wevonline.org\/es\/dona\/\"},{\"@type\":\"ListItem\",\"position\":3,\"name\":\"M\u00e1s formas de dar\"}]},{\"@type\":\"WebSite\",\"@id\":\"https:\/\/www.wevonline.org\/#website\",\"url\":\"https:\/\/www.wevonline.org\/\",\"name\":\"WEV\",\"description\":\"Women&#039;s Economic Ventures\",\"publisher\":{\"@id\":\"https:\/\/www.wevonline.org\/#organization\"},\"potentialAction\":[{\"@type\":\"SearchAction\",\"target\":{\"@type\":\"EntryPoint\",\"urlTemplate\":\"https:\/\/www.wevonline.org\/?s={search_term_string}\"},\"query-input\":{\"@type\":\"PropertyValueSpecification\",\"valueRequired\":true,\"valueName\":\"search_term_string\"}}],\"inLanguage\":\"es-ES\"},{\"@type\":\"Organization\",\"@id\":\"https:\/\/www.wevonline.org\/#organization\",\"name\":\"Women's Economic Ventures\",\"url\":\"https:\/\/www.wevonline.org\/\",\"logo\":{\"@type\":\"ImageObject\",\"inLanguage\":\"es-ES\",\"@id\":\"https:\/\/www.wevonline.org\/#\/schema\/logo\/image\/\",\"url\":\"https:\/\/www.wevonline.org\/wp-content\/uploads\/2022\/08\/WEV-Spanish-Logo_Website-Header.png\",\"contentUrl\":\"https:\/\/www.wevonline.org\/wp-content\/uploads\/2022\/08\/WEV-Spanish-Logo_Website-Header.png\",\"width\":506,\"height\":127,\"caption\":\"Women's Economic Ventures\"},\"image\":{\"@id\":\"https:\/\/www.wevonline.org\/#\/schema\/logo\/image\/\"},\"sameAs\":[\"https:\/\/www.facebook.com\/WomensEconomicVentures\",\"https:\/\/www.instagram.com\/womenseconomicventures\/?hl=en\"]}]}<\/script>\n<!-- \/ Yoast SEO plugin. -->","yoast_head_json":{"title":"M\u00e1s formas de dar - WEV","description":"\u00bfApasionada(o) por WEV? Aprenda c\u00f3mo apoyar nuestra misi\u00f3n con una recaudaci\u00f3n de fondos, obsequios equivalentes en el lugar de trabajo, donaciones en especie y m\u00e1s.","robots":{"index":"index","follow":"follow","max-snippet":"max-snippet:-1","max-image-preview":"max-image-preview:large","max-video-preview":"max-video-preview:-1"},"canonical":"https:\/\/www.wevonline.org\/es\/dona\/mas-formas-de-dar\/","og_locale":"es_ES","og_type":"article","og_title":"M\u00e1s formas de dar - WEV","og_description":"\u00bfApasionada(o) por WEV? Aprenda c\u00f3mo apoyar nuestra misi\u00f3n con una recaudaci\u00f3n de fondos, obsequios equivalentes en el lugar de trabajo, donaciones en especie y m\u00e1s.","og_url":"https:\/\/www.wevonline.org\/es\/dona\/mas-formas-de-dar\/","og_site_name":"WEV","article_publisher":"https:\/\/www.facebook.com\/WomensEconomicVentures","article_modified_time":"2025-10-01T20:57:01+00:00","og_image":[{"width":1370,"height":1100,"url":"https:\/\/www.wevonline.org\/wp-content\/uploads\/2022\/08\/More-Ways-to-Give-Banner.jpg","type":"image\/jpeg"}],"twitter_card":"summary_large_image","schema":{"@context":"https:\/\/schema.org","@graph":[{"@type":"WebPage","@id":"https:\/\/www.wevonline.org\/es\/dona\/mas-formas-de-dar\/","url":"https:\/\/www.wevonline.org\/es\/dona\/mas-formas-de-dar\/","name":"M\u00e1s formas de dar - WEV","isPartOf":{"@id":"https:\/\/www.wevonline.org\/#website"},"primaryImageOfPage":{"@id":"https:\/\/www.wevonline.org\/es\/dona\/mas-formas-de-dar\/#primaryimage"},"image":{"@id":"https:\/\/www.wevonline.org\/es\/dona\/mas-formas-de-dar\/#primaryimage"},"thumbnailUrl":"https:\/\/www.wevonline.org\/wp-content\/uploads\/2022\/08\/More-Ways-to-Give-Banner.jpg","datePublished":"2022-08-14T05:35:05+00:00","dateModified":"2025-10-01T20:57:01+00:00","description":"\u00bfApasionada(o) por WEV? Aprenda c\u00f3mo apoyar nuestra misi\u00f3n con una recaudaci\u00f3n de fondos, obsequios equivalentes en el lugar de trabajo, donaciones en especie y m\u00e1s.","breadcrumb":{"@id":"https:\/\/www.wevonline.org\/es\/dona\/mas-formas-de-dar\/#breadcrumb"},"inLanguage":"es-ES","potentialAction":[{"@type":"ReadAction","target":["https:\/\/www.wevonline.org\/es\/dona\/mas-formas-de-dar\/"]}]},{"@type":"ImageObject","inLanguage":"es-ES","@id":"https:\/\/www.wevonline.org\/es\/dona\/mas-formas-de-dar\/#primaryimage","url":"https:\/\/www.wevonline.org\/wp-content\/uploads\/2022\/08\/More-Ways-to-Give-Banner.jpg","contentUrl":"https:\/\/www.wevonline.org\/wp-content\/uploads\/2022\/08\/More-Ways-to-Give-Banner.jpg","width":1370,"height":1100,"caption":"La propietaria de negocios, Lisa Gaede, inici\u00f3 una recaudaci\u00f3n de fondos para apoyar la misi\u00f3n de WEV de empoderar a las mujeres."},{"@type":"BreadcrumbList","@id":"https:\/\/www.wevonline.org\/es\/dona\/mas-formas-de-dar\/#breadcrumb","itemListElement":[{"@type":"ListItem","position":1,"name":"Home","item":"https:\/\/www.wevonline.org\/es\/"},{"@type":"ListItem","position":2,"name":"Dona a WEV","item":"https:\/\/www.wevonline.org\/es\/dona\/"},{"@type":"ListItem","position":3,"name":"M\u00e1s formas de dar"}]},{"@type":"WebSite","@id":"https:\/\/www.wevonline.org\/#website","url":"https:\/\/www.wevonline.org\/","name":"WEV","description":"Women&#039;s Economic Ventures","publisher":{"@id":"https:\/\/www.wevonline.org\/#organization"},"potentialAction":[{"@type":"SearchAction","target":{"@type":"EntryPoint","urlTemplate":"https:\/\/www.wevonline.org\/?s={search_term_string}"},"query-input":{"@type":"PropertyValueSpecification","valueRequired":true,"valueName":"search_term_string"}}],"inLanguage":"es-ES"},{"@type":"Organization","@id":"https:\/\/www.wevonline.org\/#organization","name":"Women's Economic Ventures","url":"https:\/\/www.wevonline.org\/","logo":{"@type":"ImageObject","inLanguage":"es-ES","@id":"https:\/\/www.wevonline.org\/#\/schema\/logo\/image\/","url":"https:\/\/www.wevonline.org\/wp-content\/uploads\/2022\/08\/WEV-Spanish-Logo_Website-Header.png","contentUrl":"https:\/\/www.wevonline.org\/wp-content\/uploads\/2022\/08\/WEV-Spanish-Logo_Website-Header.png","width":506,"height":127,"caption":"Women's Economic Ventures"},"image":{"@id":"https:\/\/www.wevonline.org\/#\/schema\/logo\/image\/"},"sameAs":["https:\/\/www.facebook.com\/WomensEconomicVentures","https:\/\/www.instagram.com\/womenseconomicventures\/?hl=en"]}]}},"_links":{"self":[{"href":"https:\/\/www.wevonline.org\/es\/wp-json\/wp\/v2\/pages\/3782","targetHints":{"allow":["GET"]}}],"collection":[{"href":"https:\/\/www.wevonline.org\/es\/wp-json\/wp\/v2\/pages"}],"about":[{"href":"https:\/\/www.wevonline.org\/es\/wp-json\/wp\/v2\/types\/page"}],"author":[{"embeddable":true,"href":"https:\/\/www.wevonline.org\/es\/wp-json\/wp\/v2\/users\/3"}],"replies":[{"embeddable":true,"href":"https:\/\/www.wevonline.org\/es\/wp-json\/wp\/v2\/comments?post=3782"}],"version-history":[{"count":2,"href":"https:\/\/www.wevonline.org\/es\/wp-json\/wp\/v2\/pages\/3782\/revisions"}],"predecessor-version":[{"id":6745,"href":"https:\/\/www.wevonline.org\/es\/wp-json\/wp\/v2\/pages\/3782\/revisions\/6745"}],"up":[{"embeddable":true,"href":"https:\/\/www.wevonline.org\/es\/wp-json\/wp\/v2\/pages\/3765"}],"wp:featuredmedia":[{"embeddable":true,"href":"https:\/\/www.wevonline.org\/es\/wp-json\/wp\/v2\/media\/5214"}],"wp:attachment":[{"href":"https:\/\/www.wevonline.org\/es\/wp-json\/wp\/v2\/media?parent=3782"}],"curies":[{"name":"wp","href":"https:\/\/api.w.org\/{rel}","templated":true}]}}