{"id":3777,"date":"2022-08-14T05:14:39","date_gmt":"2022-08-14T05:14:39","guid":{"rendered":"https:\/\/www.wevonline.org\/apoya\/dar-el-regalo-de-acciones\/"},"modified":"2025-06-11T16:06:26","modified_gmt":"2025-06-11T16:06:26","slug":"da-el-regalo-de-acciones","status":"publish","type":"page","link":"https:\/\/www.wevonline.org\/es\/dona\/da-el-regalo-de-acciones\/","title":{"rendered":"Da el regalo de acciones"},"content":{"rendered":"","protected":false},"excerpt":{"rendered":"","protected":false},"author":3,"featured_media":5188,"parent":3765,"menu_order":0,"comment_status":"closed","ping_status":"closed","template":"","meta":{"_acf_changed":false,"footnotes":""},"class_list":["post-3777","page","type-page","status-publish","has-post-thumbnail","hentry"],"acf":{"flexible_blocks":[{"acf_fc_layout":"cb07_interior_banner","block_id":"","margin_top":"","margin_bottom":"","add_custom_css_class":"","headline":"Dar el regalo de acciones","sub_headline":"","image":"https:\/\/www.wevonline.org\/wp-content\/uploads\/2022\/08\/Gift-of-Stock-Banner.jpg"},{"acf_fc_layout":"cb11_text_editor","block_id":"","margin_top":"","margin_bottom":"","add_custom_css_class":"","editor":"<h2>Una forma f\u00e1cil y deducible de impuestos de marcar una gran diferencia<\/h2>\n<p>\u00a0<\/p>\n<div class=\"quote-section no_image\"><div class=\"right-content\"><blockquote>\u201cSi dona acciones reales a WEV, no solo evita todos los impuestos sobre la apreciaci\u00f3n, sino que tambi\u00e9n puede usar la deducci\u00f3n del impuesto sobre la renta para contribuciones caritativas. Eso parece una victoria de tres v\u00edas: \u00a1WEV recibe la contribuci\u00f3n, usted evita el impuesto a las ganancias de capital y puede usar la deducci\u00f3n de la contribuci\u00f3n caritativa en su declaraci\u00f3n de impuestos!\u201d<\/blockquote><p class=\"subhead\">Kate Silsbury, Miembro de la Liga, Village Properties<\/p><\/div><\/div>\n<p>\u00a0<\/p>\n<h2>Una donaci\u00f3n ben\u00e9fica de acciones es una excelente manera de apoyar la misi\u00f3n de WEV.<\/h2>\n<p>Amplifica tu impacto mediante la donaci\u00f3n de inversiones apreciadas a largo plazo, incluidas acciones, bonos y fondos mutuos, directamente a WEV.<\/p>\n<p>\u00a0<br \/>\n<a href=\"https:\/\/www.wevonline.org\/wp-content\/uploads\/2025\/06\/Guia-para-El-Regalo-de-Los-Valores.pdf\"><button>Gu\u00eda para la donaci\u00f3n de acciones<\/button><\/a><\/p>\n"},{"acf_fc_layout":"cb12_related_content","block_id":"","margin_top":"","margin_bottom":"","add_custom_css_class":"","heading":"Tambi\u00e9n te puede interesar","classes_resources":"manual_enter","show_latest":null,"drawer":[{"sub_heading":"Apoya a WEV","title":"\u00danete a WEV como patrocinador(a)","cta_link":{"title":"Aprende m\u00e1s","url":"https:\/\/wevonline.org\/es\/dona\/patrocinador\/","target":""},"image":"https:\/\/www.wevonline.org\/wp-content\/uploads\/2022\/08\/Sponsor-Banner.jpg"},{"sub_heading":"Apoya a WEV","title":"Voluntariado con WEV","cta_link":{"title":"Empieza","url":"https:\/\/www.wevonline.org\/es\/voluntariado\/","target":""},"image":"https:\/\/www.wevonline.org\/wp-content\/uploads\/2022\/08\/Volunteer-Related-Content-2.jpg"},{"sub_heading":"Apoya a WEV","title":"Liga de Mujeres Extraordinarias","cta_link":{"title":"Aprende m\u00e1s","url":"https:\/\/www.wevonline.org\/es\/dona\/la-liga\/","target":""},"image":"https:\/\/www.wevonline.org\/wp-content\/uploads\/2022\/08\/League-Related-Content-Updated-2023.jpg"}]}],"floating_cta_enable":"disable"},"yoast_head":"<!-- This site is optimized with the Yoast SEO plugin v27.2 - https:\/\/yoast.com\/product\/yoast-seo-wordpress\/ -->\n<title>Da el regalo de acciones - WEV<\/title>\n<meta name=\"description\" content=\"Apoye a las(os) due\u00f1as(os) de negocios locales y la misi\u00f3n de WEV con una donaci\u00f3n de acciones.\" \/>\n<meta name=\"robots\" content=\"index, follow, max-snippet:-1, max-image-preview:large, max-video-preview:-1\" \/>\n<link rel=\"canonical\" href=\"https:\/\/wevonline.org\/es\/dona\/da-el-regalo-de-acciones\/\" \/>\n<meta property=\"og:locale\" content=\"es_ES\" \/>\n<meta property=\"og:type\" content=\"article\" \/>\n<meta property=\"og:title\" content=\"Da el regalo de acciones - WEV\" \/>\n<meta property=\"og:description\" content=\"Apoye a las(os) due\u00f1as(os) de negocios locales y la misi\u00f3n de WEV con una donaci\u00f3n de acciones.\" \/>\n<meta property=\"og:url\" content=\"https:\/\/wevonline.org\/es\/dona\/da-el-regalo-de-acciones\/\" \/>\n<meta property=\"og:site_name\" content=\"WEV\" \/>\n<meta property=\"article:publisher\" content=\"https:\/\/www.facebook.com\/WomensEconomicVentures\" \/>\n<meta property=\"article:modified_time\" content=\"2025-06-11T16:06:26+00:00\" \/>\n<meta property=\"og:image\" content=\"https:\/\/wevonline.org\/wp-content\/uploads\/2022\/08\/Gift-of-Stock-Banner.jpg\" \/>\n\t<meta property=\"og:image:width\" content=\"1370\" \/>\n\t<meta property=\"og:image:height\" content=\"1100\" \/>\n\t<meta property=\"og:image:type\" content=\"image\/jpeg\" \/>\n<meta name=\"twitter:card\" content=\"summary_large_image\" \/>\n<script type=\"application\/ld+json\" class=\"yoast-schema-graph\">{\"@context\":\"https:\/\/schema.org\",\"@graph\":[{\"@type\":\"WebPage\",\"@id\":\"https:\/\/wevonline.org\/es\/dona\/da-el-regalo-de-acciones\/\",\"url\":\"https:\/\/wevonline.org\/es\/dona\/da-el-regalo-de-acciones\/\",\"name\":\"Da el regalo de acciones - WEV\",\"isPartOf\":{\"@id\":\"https:\/\/www.wevonline.org\/#website\"},\"primaryImageOfPage\":{\"@id\":\"https:\/\/wevonline.org\/es\/dona\/da-el-regalo-de-acciones\/#primaryimage\"},\"image\":{\"@id\":\"https:\/\/wevonline.org\/es\/dona\/da-el-regalo-de-acciones\/#primaryimage\"},\"thumbnailUrl\":\"https:\/\/www.wevonline.org\/wp-content\/uploads\/2022\/08\/Gift-of-Stock-Banner.jpg\",\"datePublished\":\"2022-08-14T05:14:39+00:00\",\"dateModified\":\"2025-06-11T16:06:26+00:00\",\"description\":\"Apoye a las(os) due\u00f1as(os) de negocios locales y la misi\u00f3n de WEV con una donaci\u00f3n de acciones.\",\"breadcrumb\":{\"@id\":\"https:\/\/wevonline.org\/es\/dona\/da-el-regalo-de-acciones\/#breadcrumb\"},\"inLanguage\":\"es-ES\",\"potentialAction\":[{\"@type\":\"ReadAction\",\"target\":[\"https:\/\/wevonline.org\/es\/dona\/da-el-regalo-de-acciones\/\"]}]},{\"@type\":\"ImageObject\",\"inLanguage\":\"es-ES\",\"@id\":\"https:\/\/wevonline.org\/es\/dona\/da-el-regalo-de-acciones\/#primaryimage\",\"url\":\"https:\/\/www.wevonline.org\/wp-content\/uploads\/2022\/08\/Gift-of-Stock-Banner.jpg\",\"contentUrl\":\"https:\/\/www.wevonline.org\/wp-content\/uploads\/2022\/08\/Gift-of-Stock-Banner.jpg\",\"width\":1370,\"height\":1100,\"caption\":\"La donante Kate Silsbury, dedicada a empoderar a las mujeres, con la empresaria Christine Cowles y miembro de la junta Ale Ortega-Botello.\"},{\"@type\":\"BreadcrumbList\",\"@id\":\"https:\/\/wevonline.org\/es\/dona\/da-el-regalo-de-acciones\/#breadcrumb\",\"itemListElement\":[{\"@type\":\"ListItem\",\"position\":1,\"name\":\"Home\",\"item\":\"https:\/\/www.wevonline.org\/es\/\"},{\"@type\":\"ListItem\",\"position\":2,\"name\":\"Dona a WEV\",\"item\":\"https:\/\/www.wevonline.org\/es\/dona\/\"},{\"@type\":\"ListItem\",\"position\":3,\"name\":\"Da el regalo de acciones\"}]},{\"@type\":\"WebSite\",\"@id\":\"https:\/\/www.wevonline.org\/#website\",\"url\":\"https:\/\/www.wevonline.org\/\",\"name\":\"WEV\",\"description\":\"Women&#039;s Economic Ventures\",\"publisher\":{\"@id\":\"https:\/\/www.wevonline.org\/#organization\"},\"potentialAction\":[{\"@type\":\"SearchAction\",\"target\":{\"@type\":\"EntryPoint\",\"urlTemplate\":\"https:\/\/www.wevonline.org\/?s={search_term_string}\"},\"query-input\":{\"@type\":\"PropertyValueSpecification\",\"valueRequired\":true,\"valueName\":\"search_term_string\"}}],\"inLanguage\":\"es-ES\"},{\"@type\":\"Organization\",\"@id\":\"https:\/\/www.wevonline.org\/#organization\",\"name\":\"Women's Economic Ventures\",\"url\":\"https:\/\/www.wevonline.org\/\",\"logo\":{\"@type\":\"ImageObject\",\"inLanguage\":\"es-ES\",\"@id\":\"https:\/\/www.wevonline.org\/#\/schema\/logo\/image\/\",\"url\":\"https:\/\/www.wevonline.org\/wp-content\/uploads\/2022\/08\/WEV-Spanish-Logo_Website-Header.png\",\"contentUrl\":\"https:\/\/www.wevonline.org\/wp-content\/uploads\/2022\/08\/WEV-Spanish-Logo_Website-Header.png\",\"width\":506,\"height\":127,\"caption\":\"Women's Economic Ventures\"},\"image\":{\"@id\":\"https:\/\/www.wevonline.org\/#\/schema\/logo\/image\/\"},\"sameAs\":[\"https:\/\/www.facebook.com\/WomensEconomicVentures\",\"https:\/\/www.instagram.com\/womenseconomicventures\/?hl=en\"]}]}<\/script>\n<!-- \/ Yoast SEO plugin. -->","yoast_head_json":{"title":"Da el regalo de acciones - WEV","description":"Apoye a las(os) due\u00f1as(os) de negocios locales y la misi\u00f3n de WEV con una donaci\u00f3n de acciones.","robots":{"index":"index","follow":"follow","max-snippet":"max-snippet:-1","max-image-preview":"max-image-preview:large","max-video-preview":"max-video-preview:-1"},"canonical":"https:\/\/wevonline.org\/es\/dona\/da-el-regalo-de-acciones\/","og_locale":"es_ES","og_type":"article","og_title":"Da el regalo de acciones - WEV","og_description":"Apoye a las(os) due\u00f1as(os) de negocios locales y la misi\u00f3n de WEV con una donaci\u00f3n de acciones.","og_url":"https:\/\/wevonline.org\/es\/dona\/da-el-regalo-de-acciones\/","og_site_name":"WEV","article_publisher":"https:\/\/www.facebook.com\/WomensEconomicVentures","article_modified_time":"2025-06-11T16:06:26+00:00","og_image":[{"width":1370,"height":1100,"url":"https:\/\/wevonline.org\/wp-content\/uploads\/2022\/08\/Gift-of-Stock-Banner.jpg","type":"image\/jpeg"}],"twitter_card":"summary_large_image","schema":{"@context":"https:\/\/schema.org","@graph":[{"@type":"WebPage","@id":"https:\/\/wevonline.org\/es\/dona\/da-el-regalo-de-acciones\/","url":"https:\/\/wevonline.org\/es\/dona\/da-el-regalo-de-acciones\/","name":"Da el regalo de acciones - WEV","isPartOf":{"@id":"https:\/\/www.wevonline.org\/#website"},"primaryImageOfPage":{"@id":"https:\/\/wevonline.org\/es\/dona\/da-el-regalo-de-acciones\/#primaryimage"},"image":{"@id":"https:\/\/wevonline.org\/es\/dona\/da-el-regalo-de-acciones\/#primaryimage"},"thumbnailUrl":"https:\/\/www.wevonline.org\/wp-content\/uploads\/2022\/08\/Gift-of-Stock-Banner.jpg","datePublished":"2022-08-14T05:14:39+00:00","dateModified":"2025-06-11T16:06:26+00:00","description":"Apoye a las(os) due\u00f1as(os) de negocios locales y la misi\u00f3n de WEV con una donaci\u00f3n de acciones.","breadcrumb":{"@id":"https:\/\/wevonline.org\/es\/dona\/da-el-regalo-de-acciones\/#breadcrumb"},"inLanguage":"es-ES","potentialAction":[{"@type":"ReadAction","target":["https:\/\/wevonline.org\/es\/dona\/da-el-regalo-de-acciones\/"]}]},{"@type":"ImageObject","inLanguage":"es-ES","@id":"https:\/\/wevonline.org\/es\/dona\/da-el-regalo-de-acciones\/#primaryimage","url":"https:\/\/www.wevonline.org\/wp-content\/uploads\/2022\/08\/Gift-of-Stock-Banner.jpg","contentUrl":"https:\/\/www.wevonline.org\/wp-content\/uploads\/2022\/08\/Gift-of-Stock-Banner.jpg","width":1370,"height":1100,"caption":"La donante Kate Silsbury, dedicada a empoderar a las mujeres, con la empresaria Christine Cowles y miembro de la junta Ale Ortega-Botello."},{"@type":"BreadcrumbList","@id":"https:\/\/wevonline.org\/es\/dona\/da-el-regalo-de-acciones\/#breadcrumb","itemListElement":[{"@type":"ListItem","position":1,"name":"Home","item":"https:\/\/www.wevonline.org\/es\/"},{"@type":"ListItem","position":2,"name":"Dona a WEV","item":"https:\/\/www.wevonline.org\/es\/dona\/"},{"@type":"ListItem","position":3,"name":"Da el regalo de acciones"}]},{"@type":"WebSite","@id":"https:\/\/www.wevonline.org\/#website","url":"https:\/\/www.wevonline.org\/","name":"WEV","description":"Women&#039;s Economic Ventures","publisher":{"@id":"https:\/\/www.wevonline.org\/#organization"},"potentialAction":[{"@type":"SearchAction","target":{"@type":"EntryPoint","urlTemplate":"https:\/\/www.wevonline.org\/?s={search_term_string}"},"query-input":{"@type":"PropertyValueSpecification","valueRequired":true,"valueName":"search_term_string"}}],"inLanguage":"es-ES"},{"@type":"Organization","@id":"https:\/\/www.wevonline.org\/#organization","name":"Women's Economic Ventures","url":"https:\/\/www.wevonline.org\/","logo":{"@type":"ImageObject","inLanguage":"es-ES","@id":"https:\/\/www.wevonline.org\/#\/schema\/logo\/image\/","url":"https:\/\/www.wevonline.org\/wp-content\/uploads\/2022\/08\/WEV-Spanish-Logo_Website-Header.png","contentUrl":"https:\/\/www.wevonline.org\/wp-content\/uploads\/2022\/08\/WEV-Spanish-Logo_Website-Header.png","width":506,"height":127,"caption":"Women's Economic Ventures"},"image":{"@id":"https:\/\/www.wevonline.org\/#\/schema\/logo\/image\/"},"sameAs":["https:\/\/www.facebook.com\/WomensEconomicVentures","https:\/\/www.instagram.com\/womenseconomicventures\/?hl=en"]}]}},"_links":{"self":[{"href":"https:\/\/www.wevonline.org\/es\/wp-json\/wp\/v2\/pages\/3777","targetHints":{"allow":["GET"]}}],"collection":[{"href":"https:\/\/www.wevonline.org\/es\/wp-json\/wp\/v2\/pages"}],"about":[{"href":"https:\/\/www.wevonline.org\/es\/wp-json\/wp\/v2\/types\/page"}],"author":[{"embeddable":true,"href":"https:\/\/www.wevonline.org\/es\/wp-json\/wp\/v2\/users\/3"}],"replies":[{"embeddable":true,"href":"https:\/\/www.wevonline.org\/es\/wp-json\/wp\/v2\/comments?post=3777"}],"version-history":[{"count":6,"href":"https:\/\/www.wevonline.org\/es\/wp-json\/wp\/v2\/pages\/3777\/revisions"}],"predecessor-version":[{"id":7005,"href":"https:\/\/www.wevonline.org\/es\/wp-json\/wp\/v2\/pages\/3777\/revisions\/7005"}],"up":[{"embeddable":true,"href":"https:\/\/www.wevonline.org\/es\/wp-json\/wp\/v2\/pages\/3765"}],"wp:featuredmedia":[{"embeddable":true,"href":"https:\/\/www.wevonline.org\/es\/wp-json\/wp\/v2\/media\/5188"}],"wp:attachment":[{"href":"https:\/\/www.wevonline.org\/es\/wp-json\/wp\/v2\/media?parent=3777"}],"curies":[{"name":"wp","href":"https:\/\/api.w.org\/{rel}","templated":true}]}}