{"id":3765,"date":"2022-08-14T05:03:36","date_gmt":"2022-08-14T05:03:36","guid":{"rendered":"https:\/\/www.wevonline.org\/apoya-wev\/"},"modified":"2026-02-04T16:21:01","modified_gmt":"2026-02-04T16:21:01","slug":"dona","status":"publish","type":"page","link":"https:\/\/www.wevonline.org\/es\/dona\/","title":{"rendered":"Dona a WEV"},"content":{"rendered":"","protected":false},"excerpt":{"rendered":"","protected":false},"author":3,"featured_media":5174,"parent":0,"menu_order":0,"comment_status":"closed","ping_status":"closed","template":"templates\/template-flex-donate.php","meta":{"_acf_changed":false,"footnotes":""},"class_list":["post-3765","page","type-page","status-publish","has-post-thumbnail","hentry"],"acf":{"floating_cta_enable":"enable","content_template_flex_donate":[{"acf_fc_layout":"cb07_interior_banner","block_id":"","margin_top":"","margin_bottom":"","add_custom_css_class":"","headline":"Dona a WEV","sub_headline":"","image":"https:\/\/www.wevonline.org\/wp-content\/uploads\/2022\/08\/Support-Banner-1.jpg"},{"acf_fc_layout":"cb11_text_editor","block_id":"","margin_top":"","margin_bottom":"","add_custom_css_class":"","editor":"<h2>\u00bfListo para donar?<\/h2>\n<p>Tambi\u00e9n puedes hacer <strong>cheques<\/strong> a nombre de WEV y enviarlos por correo a:<\/p>\n<p style=\"padding-left: 40px;\">Women\u2019s Economic Ventures<br \/>\n21 East Canon Perdido, Suite 301<br \/>\nSanta Barbara, CA 93101<\/p>\n<p>Para designar a WEV como beneficiario(a) de tu <strong>fondo asesorado por donantes (DAF)<\/strong>, utiliza el Tax ID de WEV: 95-3674624<\/p>\n<div class=\"inline-buttons\"><a href=\"https:\/\/form-renderer-app.donorperfect.io\/give\/womens-economic-ventures\/simple-online-donation-form\" target=\"_blank\"><button><span>Dona en l\u00ednea hoy<\/span><\/button><\/a><\/div>\n"},{"acf_fc_layout":"cb11_text_editor","block_id":"","margin_top":"","margin_bottom":"","add_custom_css_class":"","editor":"<h2>Beneficios del Fondo Anual<\/h2>\n<p>Apoya a WEV y el empoderamiento econ\u00f3mico de las mujeres con un regalo al fondo anual. Este fondo apoya la sostenibilidad de la organizaci\u00f3n y proporciona programaci\u00f3n, financiamiento y un continuo de recursos financieros a bajo o ning\u00fan costo para la comunidad. \u00danete a la <a href= \"https:\/\/www.wevonline.org\/es\/apoya\/la-liga\/\">Liga de Mujeres Extraordinarias<\/a> para tener un impacto a\u00fan mayor y disfrutar de algunos beneficios especiales.<\/p>\n<h3 class=\"p-heading-2\" style=\"padding-left: 40px;\"><a href=\"https:\/\/form-renderer-app.donorperfect.io\/give\/womens-economic-ventures\/simple-online-donation-form\" target=\"_blank\" rel=\"noopener\">$250 | Nivel Encender<\/a><\/h3>\n<ul>\n<li style=\"list-style-type: none;\">\n<ul>\n<li>Reconocimiento impreso en el Reporte de Impacto de WEV<\/li>\n<\/ul>\n<\/li>\n<\/ul>\n<h3 class=\"p-heading-2\" style=\"padding-left: 40px;\"><a href=\"https:\/\/form-renderer-app.donorperfect.io\/give\/womens-economic-ventures\/simple-online-donation-form\" target=\"_blank\" rel=\"noopener\">$500 | Nivel Empoderar<\/a><\/h3>\n<ul>\n<li style=\"list-style-type: none;\">\n<ul>\n<li><em>Todo incluido en el Nivel Encender plus<\/em><\/li>\n<li>Invitaci\u00f3n al Evento Anual del D\u00eda Internacional de la Mujer<\/li>\n<\/ul>\n<\/li>\n<\/ul>\n<div class=\"inline-buttons\"><a href=\"https:\/\/form-renderer-app.donorperfect.io\/give\/womens-economic-ventures\/simple-online-donation-form\" target=\"_blank\"><button><span>SELECCIONA UN NIVEL DE DONACI\u00d3N<\/span><\/button><\/a><\/div>\n<p>\u00a0<\/p>\n<hr \/>\n<h2><\/h2>\n<h2>Beneficios De La Liga De Mujeres Extraordinarias<\/h2>\n<p>Tu generosidad transforma vidas, crea una comunidad m\u00e1s resiliente y apoya a quienes trabajan duro construyendo los vibrantes peque\u00f1os negocios que disfrutamos. Considera generar un impacto duradero uni\u00e9ndote a la <a href= \"https:\/\/www.wevonline.org\/es\/apoya\/la-liga\/\">Liga de Mujeres Extraordinarias<\/a> hoy. Ya sea que conozcas a una mujer extraordinaria o seas una, invitamos a todas(os) a unirse a este grupo extraordinario de donantes comprometidas(os).<\/p>\n<h3 class=\"p-heading-2\" style=\"padding-left: 40px;\"><a href=\"https:\/\/form-renderer-app.donorperfect.io\/give\/womens-economic-ventures\/league\" target=\"_blank\" rel=\"noopener\">$1,000 | Nivel Liga<\/a><\/h3>\n<ul>\n<li style=\"list-style-type: none;\">\n<ul>\n<li>Invitaci\u00f3n a dos eventos anuales emblem\u00e1ticos de agradecimiento a la Liga:\n<ul>\n<li><em>Almuerzo del\u202fD\u00eda\u202fInternacional de la Mujer<\/em> (Condado de Ventura, marzo)<\/li>\n<li><em>Almuerzo del\u202fD\u00eda Nacional de Donar a Mujeres\u202fy\u202fNi\u00f1as<\/em> (Condado de Santa\u202fB\u00e1rbara, octubre)<\/li>\n<\/ul>\n<\/li>\n<li>Boletines electr\u00f3nicos trimestrales con historias de impacto, destacados de League y actualizaciones del programa\u202fWEV<\/li>\n<li>Reconocimiento en el <em>Reporte Anual de Impacto<\/em> de\u202fWEV (enviado a tu domicilio u oficina)<\/li>\n<li>Reconocimiento en el sitio web de\u202fWEV y en colocaciones en medios pagados<\/li>\n<\/ul>\n<\/li>\n<\/ul>\n<h3 class=\"p-heading-2\" style=\"padding-left: 40px;\"><a href=\"https:\/\/form-renderer-app.donorperfect.io\/give\/womens-economic-ventures\/league\" target=\"_blank\" rel=\"noopener\">$2,500 | Nivel Luminar<\/a><\/h3>\n<ul>\n<li style=\"list-style-type: none;\">\n<ul>\n<li><em>Todo incluido en el Nivel Liga plus<\/em><\/li>\n<li>Invitaci\u00f3n especial para asistir a dos presentaciones de pitches de negocios del programa <em>Smart\u202fEntrepreneurial\u202fTraining\u202f(SET)<\/em>; vive de primera mano c\u00f3mo las(os) clientas(es) de\u202fWEV hacen realidad sus ideas de negocio<\/li>\n<\/ul>\n<\/li>\n<\/ul>\n<h3 class=\"p-heading-2\" style=\"padding-left: 40px;\"><a href=\"https:\/\/form-renderer-app.donorperfect.io\/give\/womens-economic-ventures\/league\" target=\"_blank\" rel=\"noopener\">$5,000 | Nivel Extraordinaria(o)<\/a><\/h3>\n<ul>\n<li style=\"list-style-type: none;\">\n<ul>\n<li><em>Todo incluido en el Nivel Luminar plus<\/em><\/li>\n<li>Mensaje personal de agradecimiento de parte de la CEO de\u202fWEV<\/li>\n<li>Oportunidad de reunirte uno a uno con la CEO de\u202fWEV o con una de las directoras para una conversaci\u00f3n interna sobre la visi\u00f3n e el impacto de\u202fWEV<\/li>\n<\/ul>\n<\/li>\n<\/ul>\n<h3 class=\"p-heading-2\" style=\"padding-left: 40px;\"><a href=\"https:\/\/form-renderer-app.donorperfect.io\/give\/womens-economic-ventures\/league\" target=\"_blank\" rel=\"noopener\">$10,000 | Nivel\u202fVisionaria(o)<\/a><\/h3>\n<ul>\n<li style=\"list-style-type: none;\">\n<ul>\n<li><em>Todo incluido en el Nivel Extraordinaria(o) plus<br \/>\n<\/em><\/li>\n<li>Reconocimiento como <em>Socia del Programa<\/em> SET de\u202fWEV; tu apoyo garantiza directamente que las mujeres accedan a estos cursos transformadores a bajo costo o sin costo alguno para ellas\n<ul>\n<li>Reconocimiento verbal en el evento\u202fSET<\/li>\n<\/ul>\n<\/li>\n<\/ul>\n<\/li>\n<\/ul>\n<h3 class=\"p-heading-2\" style=\"padding-left: 40px;\"><a href=\"https:\/\/form-renderer-app.donorperfect.io\/give\/womens-economic-ventures\/league\" target=\"_blank\" rel=\"noopener\">$25,000 | Nivel\u202fInversionista<\/a><\/h3>\n<ul>\n<li style=\"list-style-type: none;\">\n<ul>\n<li><em>Todo incluido en el Nivel Visionaria(o) plus<br \/>\n<\/em><\/li>\n<li>Oportunidad de financiar un programa de\u202fWEV, creando una programaci\u00f3n educativa y financiera sin igual para las mujeres de nuestra comunidad<\/li>\n<li>Reuni\u00f3n semestral con la CEO de\u202fWEV sobre la visi\u00f3n del programa y el impacto de tu inversi\u00f3n<\/li>\n<\/ul>\n<\/li>\n<\/ul>\n<div class=\"inline-buttons\"><a href=\"https:\/\/form-renderer-app.donorperfect.io\/give\/womens-economic-ventures\/league\" target=\"_blank\"><button><span>SELECCIONA UN NIVEL DE DONACI\u00d3N<\/span><\/button><\/a><\/div>\n<p>\u00a0<br \/>\n\u00a0<br \/>\nSi deseas obtener m\u00e1s informaci\u00f3n, por favor contacta a Lauren Lafferty en <a href=\"mailto:llafferty@wevonline.org\">llafferty@wevonline.org<\/a>.<\/p>\n<p><a href=\"https:\/\/www.charitynavigator.org\/ein\/953674624\" target=\"_blank\" rel=\"noopener\"><img loading=\"lazy\" decoding=\"async\" class=\"alignnone wp-image-14424\" src=\"https:\/\/www.wevonline.org\/wp-content\/uploads\/2026\/02\/Four-Star-Rating-Badge_2026_BLK.png\" alt=\"Charity Navigator Four-Start Charity Badge\" width=\"110\" height=\"110\" \/><\/a>\u00a0 \u00a0 \u00a0 \u00a0<a href=\"https:\/\/www.guidestar.org\/profile\/shared\/2f665173-f804-4a6e-830e-f9ffe3b085c7\" target=\"_blank\" rel=\"noopener\"><img decoding=\"async\" src=\"https:\/\/widgets.guidestar.org\/TransparencySeal\/8462215\" \/><\/a><\/p>\n<p>\u00a0<\/p>\n<div class=\"quote-section left_image\"><div class=\"left-image\" style=\"background-image:url(https:\/\/www.wevonline.org\/wp-content\/themes\/wev\/assets\/imgs\/purple-swash-bg.png)\"><img src=\"https:\/\/www.wevonline.org\/wp-content\/uploads\/2024\/12\/Angela-Rosales.jpg\" alt=\"Quote\"><\/div><div class=\"right-content\"><blockquote>\u201cAbrimos el negocio con nuestros modestos ahorros y mucho esfuerzo. Los bancos tradicionales nos rechazaron, pero pudimos obtener un pr\u00e9stamo de WEV que nos ha permitido celebrar hoy nuestro d\u00e9cimo aniversario. Estoy agradecida de poder devolver algo a la comunidad que ha tenido un impacto tan profundo en mi negocio. Unirse a la Liga de Mujeres Extraordinarias es m\u00e1s que una simple donaci\u00f3n, no solo representa un hito en mi viaje de negocios, sino una inversi\u00f3n dedicada en un futuro donde las mujeres est\u00e1n empoderadas para alcanzar su extraordinario potencial.\u201d<\/blockquote><p class=\"subhead\">Angela Rosales, clienta de WEV, donante y due\u00f1a de Very Ventura Gift Shop & Gallery.<\/p><\/div><\/div>\n"},{"acf_fc_layout":"cb16_program_grid","block_id":"other-support","margin_top":"","margin_bottom":"","add_custom_css_class":"","headline":"Otras formas de apoyar la misi\u00f3n de WEV","need_help_heading":"\u00bfNecesitas ayuda?","need_help_links":[{"links":{"title":"Preguntas frecuentes","url":"https:\/\/www.wevonline.org\/es\/preguntas-frecuentes\/","target":""}},{"links":{"title":"Ponte en contacto","url":"https:\/\/www.wevonline.org\/es\/ponte-en-contacto\/?entry=%7B%22Team%22:%22Donate%22%7D","target":""}}],"program_tiles":[{"cta_link":{"title":"Convi\u00e9rtete en patrocinador(a)","url":"https:\/\/www.wevonline.org\/es\/dona\/patrocinador\/","target":""},"description":"Explora oportunidades de asociaci\u00f3n, colaboraci\u00f3n y reconocimiento para corporaciones de nuestra econom\u00eda local vibrante y empoderada."},{"cta_link":{"title":"Dar el regalo de acciones","url":"https:\/\/www.wevonline.org\/es\/dona\/dar-el-regalo-de-acciones\/","target":""},"description":"Apoya a WEV transfiriendo acciones u otros valores a largo plazo y ve tus propios beneficios en el momento de los impuestos."},{"cta_link":{"title":"Donaciones planificadas","url":"https:\/\/www.wevonline.org\/es\/dona\/donaciones-planificadas\/","target":"_blank"},"description":"Crea un legado duradero que te beneficie a ti y al futuro de WEV con una donaci\u00f3n planificada."},{"cta_link":{"title":"M\u00e1s formas de dar","url":"https:\/\/www.wevonline.org\/es\/dona\/mas-formas-de-dar\/","target":""},"description":"Aprenda c\u00f3mo apoyar nuestra misi\u00f3n con una recaudaci\u00f3n de fondos, obsequios equivalentes en el lugar de trabajo, donaciones en especie y m\u00e1s."}]},{"acf_fc_layout":"cb12_related_content","block_id":"","margin_top":"","margin_bottom":"","add_custom_css_class":"","heading":"Tambi\u00e9n te puede interesar","classes_resources":"manual_enter","show_latest":null,"drawer":[{"sub_heading":"M\u00e1s informaci\u00f3n sobre WEV","title":"Impacto de WEV","cta_link":{"title":"Aprende m\u00e1s","url":"https:\/\/www.wevonline.org\/es\/acerca-de-wev\/impacto\/","target":""},"image":"https:\/\/www.wevonline.org\/wp-content\/uploads\/2022\/08\/Impact-Related-Content.jpg"},{"sub_heading":"Apoya a WEV","title":"Liga de Mujeres Extraordinarias","cta_link":{"title":"Aprende m\u00e1s","url":"https:\/\/www.wevonline.org\/es\/dona\/la-liga\/","target":""},"image":"https:\/\/www.wevonline.org\/wp-content\/uploads\/2022\/08\/League-Related-Content-Updated-2023.jpg"},{"sub_heading":"\u00danete a la comunidad WEV","title":"Acerca de WEV","cta_link":{"title":"Aprende m\u00e1s","url":"https:\/\/www.wevonline.org\/es\/acerca-de-wev\/","target":""},"image":"https:\/\/www.wevonline.org\/wp-content\/uploads\/2022\/08\/About-WEV-Related-Content.jpg"}]}]},"yoast_head":"<!-- This site is optimized with the Yoast SEO plugin v27.2 - https:\/\/yoast.com\/product\/yoast-seo-wordpress\/ -->\n<title>Dona a WEV - WEV<\/title>\n<meta name=\"description\" content=\"Tu donaci\u00f3n a WEV empodera a las mujeres que buscan apoyo para iniciar y hacer crecer peque\u00f1os negocios, marcando una diferencia en sus vidas y en nuestra comunidad.\" \/>\n<meta name=\"robots\" content=\"index, follow, max-snippet:-1, max-image-preview:large, max-video-preview:-1\" \/>\n<link rel=\"canonical\" href=\"https:\/\/www.wevonline.org\/es\/dona\/\" \/>\n<meta property=\"og:locale\" content=\"es_ES\" \/>\n<meta property=\"og:type\" content=\"article\" \/>\n<meta property=\"og:title\" content=\"Dona a WEV - WEV\" \/>\n<meta property=\"og:description\" content=\"Tu donaci\u00f3n a WEV empodera a las mujeres que buscan apoyo para iniciar y hacer crecer peque\u00f1os negocios, marcando una diferencia en sus vidas y en nuestra comunidad.\" \/>\n<meta property=\"og:url\" content=\"https:\/\/www.wevonline.org\/es\/dona\/\" \/>\n<meta property=\"og:site_name\" content=\"WEV\" \/>\n<meta property=\"article:publisher\" content=\"https:\/\/www.facebook.com\/WomensEconomicVentures\" \/>\n<meta property=\"article:modified_time\" content=\"2026-02-04T16:21:01+00:00\" \/>\n<meta property=\"og:image\" content=\"https:\/\/www.wevonline.org\/wp-content\/uploads\/2022\/08\/DEI-Impact-Slider-Large-1.jpg\" \/>\n\t<meta property=\"og:image:width\" content=\"1166\" \/>\n\t<meta property=\"og:image:height\" content=\"1166\" \/>\n\t<meta property=\"og:image:type\" content=\"image\/jpeg\" \/>\n<meta name=\"twitter:card\" content=\"summary_large_image\" \/>\n<meta name=\"twitter:label1\" content=\"Est. reading time\" \/>\n\t<meta name=\"twitter:data1\" content=\"1 minute\" \/>\n<script type=\"application\/ld+json\" class=\"yoast-schema-graph\">{\"@context\":\"https:\/\/schema.org\",\"@graph\":[{\"@type\":\"WebPage\",\"@id\":\"https:\/\/www.wevonline.org\/es\/dona\/\",\"url\":\"https:\/\/www.wevonline.org\/es\/dona\/\",\"name\":\"Dona a WEV - WEV\",\"isPartOf\":{\"@id\":\"https:\/\/www.wevonline.org\/#website\"},\"primaryImageOfPage\":{\"@id\":\"https:\/\/www.wevonline.org\/es\/dona\/#primaryimage\"},\"image\":{\"@id\":\"https:\/\/www.wevonline.org\/es\/dona\/#primaryimage\"},\"thumbnailUrl\":\"https:\/\/www.wevonline.org\/wp-content\/uploads\/2022\/08\/DEI-Impact-Slider-Large-1.jpg\",\"datePublished\":\"2022-08-14T05:03:36+00:00\",\"dateModified\":\"2026-02-04T16:21:01+00:00\",\"description\":\"Tu donaci\u00f3n a WEV empodera a las mujeres que buscan apoyo para iniciar y hacer crecer peque\u00f1os negocios, marcando una diferencia en sus vidas y en nuestra comunidad.\",\"breadcrumb\":{\"@id\":\"https:\/\/www.wevonline.org\/es\/dona\/#breadcrumb\"},\"inLanguage\":\"es-ES\",\"potentialAction\":[{\"@type\":\"ReadAction\",\"target\":[\"https:\/\/www.wevonline.org\/es\/dona\/\"]}]},{\"@type\":\"ImageObject\",\"inLanguage\":\"es-ES\",\"@id\":\"https:\/\/www.wevonline.org\/es\/dona\/#primaryimage\",\"url\":\"https:\/\/www.wevonline.org\/wp-content\/uploads\/2022\/08\/DEI-Impact-Slider-Large-1.jpg\",\"contentUrl\":\"https:\/\/www.wevonline.org\/wp-content\/uploads\/2022\/08\/DEI-Impact-Slider-Large-1.jpg\",\"width\":1166,\"height\":1166,\"caption\":\"Clientas, donantes, voluntarias y personal de WEV en un evento de recaudaci\u00f3n de fondos para apoyar la misi\u00f3n de WEV de empoderar a las mujeres.\"},{\"@type\":\"BreadcrumbList\",\"@id\":\"https:\/\/www.wevonline.org\/es\/dona\/#breadcrumb\",\"itemListElement\":[{\"@type\":\"ListItem\",\"position\":1,\"name\":\"Home\",\"item\":\"https:\/\/www.wevonline.org\/es\/\"},{\"@type\":\"ListItem\",\"position\":2,\"name\":\"Dona a WEV\"}]},{\"@type\":\"WebSite\",\"@id\":\"https:\/\/www.wevonline.org\/#website\",\"url\":\"https:\/\/www.wevonline.org\/\",\"name\":\"WEV\",\"description\":\"Women&#039;s Economic Ventures\",\"publisher\":{\"@id\":\"https:\/\/www.wevonline.org\/#organization\"},\"potentialAction\":[{\"@type\":\"SearchAction\",\"target\":{\"@type\":\"EntryPoint\",\"urlTemplate\":\"https:\/\/www.wevonline.org\/?s={search_term_string}\"},\"query-input\":{\"@type\":\"PropertyValueSpecification\",\"valueRequired\":true,\"valueName\":\"search_term_string\"}}],\"inLanguage\":\"es-ES\"},{\"@type\":\"Organization\",\"@id\":\"https:\/\/www.wevonline.org\/#organization\",\"name\":\"Women's Economic Ventures\",\"url\":\"https:\/\/www.wevonline.org\/\",\"logo\":{\"@type\":\"ImageObject\",\"inLanguage\":\"es-ES\",\"@id\":\"https:\/\/www.wevonline.org\/#\/schema\/logo\/image\/\",\"url\":\"https:\/\/www.wevonline.org\/wp-content\/uploads\/2022\/08\/WEV-Spanish-Logo_Website-Header.png\",\"contentUrl\":\"https:\/\/www.wevonline.org\/wp-content\/uploads\/2022\/08\/WEV-Spanish-Logo_Website-Header.png\",\"width\":506,\"height\":127,\"caption\":\"Women's Economic Ventures\"},\"image\":{\"@id\":\"https:\/\/www.wevonline.org\/#\/schema\/logo\/image\/\"},\"sameAs\":[\"https:\/\/www.facebook.com\/WomensEconomicVentures\",\"https:\/\/www.instagram.com\/womenseconomicventures\/?hl=en\"]}]}<\/script>\n<!-- \/ Yoast SEO plugin. -->","yoast_head_json":{"title":"Dona a WEV - WEV","description":"Tu donaci\u00f3n a WEV empodera a las mujeres que buscan apoyo para iniciar y hacer crecer peque\u00f1os negocios, marcando una diferencia en sus vidas y en nuestra comunidad.","robots":{"index":"index","follow":"follow","max-snippet":"max-snippet:-1","max-image-preview":"max-image-preview:large","max-video-preview":"max-video-preview:-1"},"canonical":"https:\/\/www.wevonline.org\/es\/dona\/","og_locale":"es_ES","og_type":"article","og_title":"Dona a WEV - WEV","og_description":"Tu donaci\u00f3n a WEV empodera a las mujeres que buscan apoyo para iniciar y hacer crecer peque\u00f1os negocios, marcando una diferencia en sus vidas y en nuestra comunidad.","og_url":"https:\/\/www.wevonline.org\/es\/dona\/","og_site_name":"WEV","article_publisher":"https:\/\/www.facebook.com\/WomensEconomicVentures","article_modified_time":"2026-02-04T16:21:01+00:00","og_image":[{"width":1166,"height":1166,"url":"https:\/\/www.wevonline.org\/wp-content\/uploads\/2022\/08\/DEI-Impact-Slider-Large-1.jpg","type":"image\/jpeg"}],"twitter_card":"summary_large_image","twitter_misc":{"Est. reading time":"1 minute"},"schema":{"@context":"https:\/\/schema.org","@graph":[{"@type":"WebPage","@id":"https:\/\/www.wevonline.org\/es\/dona\/","url":"https:\/\/www.wevonline.org\/es\/dona\/","name":"Dona a WEV - WEV","isPartOf":{"@id":"https:\/\/www.wevonline.org\/#website"},"primaryImageOfPage":{"@id":"https:\/\/www.wevonline.org\/es\/dona\/#primaryimage"},"image":{"@id":"https:\/\/www.wevonline.org\/es\/dona\/#primaryimage"},"thumbnailUrl":"https:\/\/www.wevonline.org\/wp-content\/uploads\/2022\/08\/DEI-Impact-Slider-Large-1.jpg","datePublished":"2022-08-14T05:03:36+00:00","dateModified":"2026-02-04T16:21:01+00:00","description":"Tu donaci\u00f3n a WEV empodera a las mujeres que buscan apoyo para iniciar y hacer crecer peque\u00f1os negocios, marcando una diferencia en sus vidas y en nuestra comunidad.","breadcrumb":{"@id":"https:\/\/www.wevonline.org\/es\/dona\/#breadcrumb"},"inLanguage":"es-ES","potentialAction":[{"@type":"ReadAction","target":["https:\/\/www.wevonline.org\/es\/dona\/"]}]},{"@type":"ImageObject","inLanguage":"es-ES","@id":"https:\/\/www.wevonline.org\/es\/dona\/#primaryimage","url":"https:\/\/www.wevonline.org\/wp-content\/uploads\/2022\/08\/DEI-Impact-Slider-Large-1.jpg","contentUrl":"https:\/\/www.wevonline.org\/wp-content\/uploads\/2022\/08\/DEI-Impact-Slider-Large-1.jpg","width":1166,"height":1166,"caption":"Clientas, donantes, voluntarias y personal de WEV en un evento de recaudaci\u00f3n de fondos para apoyar la misi\u00f3n de WEV de empoderar a las mujeres."},{"@type":"BreadcrumbList","@id":"https:\/\/www.wevonline.org\/es\/dona\/#breadcrumb","itemListElement":[{"@type":"ListItem","position":1,"name":"Home","item":"https:\/\/www.wevonline.org\/es\/"},{"@type":"ListItem","position":2,"name":"Dona a WEV"}]},{"@type":"WebSite","@id":"https:\/\/www.wevonline.org\/#website","url":"https:\/\/www.wevonline.org\/","name":"WEV","description":"Women&#039;s Economic Ventures","publisher":{"@id":"https:\/\/www.wevonline.org\/#organization"},"potentialAction":[{"@type":"SearchAction","target":{"@type":"EntryPoint","urlTemplate":"https:\/\/www.wevonline.org\/?s={search_term_string}"},"query-input":{"@type":"PropertyValueSpecification","valueRequired":true,"valueName":"search_term_string"}}],"inLanguage":"es-ES"},{"@type":"Organization","@id":"https:\/\/www.wevonline.org\/#organization","name":"Women's Economic Ventures","url":"https:\/\/www.wevonline.org\/","logo":{"@type":"ImageObject","inLanguage":"es-ES","@id":"https:\/\/www.wevonline.org\/#\/schema\/logo\/image\/","url":"https:\/\/www.wevonline.org\/wp-content\/uploads\/2022\/08\/WEV-Spanish-Logo_Website-Header.png","contentUrl":"https:\/\/www.wevonline.org\/wp-content\/uploads\/2022\/08\/WEV-Spanish-Logo_Website-Header.png","width":506,"height":127,"caption":"Women's Economic Ventures"},"image":{"@id":"https:\/\/www.wevonline.org\/#\/schema\/logo\/image\/"},"sameAs":["https:\/\/www.facebook.com\/WomensEconomicVentures","https:\/\/www.instagram.com\/womenseconomicventures\/?hl=en"]}]}},"_links":{"self":[{"href":"https:\/\/www.wevonline.org\/es\/wp-json\/wp\/v2\/pages\/3765","targetHints":{"allow":["GET"]}}],"collection":[{"href":"https:\/\/www.wevonline.org\/es\/wp-json\/wp\/v2\/pages"}],"about":[{"href":"https:\/\/www.wevonline.org\/es\/wp-json\/wp\/v2\/types\/page"}],"author":[{"embeddable":true,"href":"https:\/\/www.wevonline.org\/es\/wp-json\/wp\/v2\/users\/3"}],"replies":[{"embeddable":true,"href":"https:\/\/www.wevonline.org\/es\/wp-json\/wp\/v2\/comments?post=3765"}],"version-history":[{"count":11,"href":"https:\/\/www.wevonline.org\/es\/wp-json\/wp\/v2\/pages\/3765\/revisions"}],"predecessor-version":[{"id":13712,"href":"https:\/\/www.wevonline.org\/es\/wp-json\/wp\/v2\/pages\/3765\/revisions\/13712"}],"wp:featuredmedia":[{"embeddable":true,"href":"https:\/\/www.wevonline.org\/es\/wp-json\/wp\/v2\/media\/5174"}],"wp:attachment":[{"href":"https:\/\/www.wevonline.org\/es\/wp-json\/wp\/v2\/media?parent=3765"}],"curies":[{"name":"wp","href":"https:\/\/api.w.org\/{rel}","templated":true}]}}