{"id":3716,"date":"2022-08-13T21:41:04","date_gmt":"2022-08-13T21:41:04","guid":{"rendered":"https:\/\/www.wevonline.org\/carreras\/solicitud-de-empleo\/"},"modified":"2022-08-25T14:17:40","modified_gmt":"2022-08-25T14:17:40","slug":"solicitud-de-empleo","status":"publish","type":"page","link":"https:\/\/www.wevonline.org\/es\/carreras\/solicitud-de-empleo\/","title":{"rendered":"Solicitud de Empleo"},"content":{"rendered":"","protected":false},"excerpt":{"rendered":"","protected":false},"author":3,"featured_media":0,"parent":639,"menu_order":0,"comment_status":"closed","ping_status":"closed","template":"","meta":{"_acf_changed":false,"footnotes":""},"class_list":["post-3716","page","type-page","status-publish","hentry"],"acf":{"flexible_blocks":[{"acf_fc_layout":"cb07_interior_banner","block_id":"","margin_top":"","margin_bottom":"","add_custom_css_class":"","headline":"Solicitud de Empleo de WEV","sub_headline":"","image":false},{"acf_fc_layout":"cb11_text_editor","block_id":"","margin_top":"","margin_bottom":"","add_custom_css_class":"","editor":"<h2>Solicitud de Empleo de Women&#8217;s Economic Ventures (WEV)<\/h2>\n<p>Por favor complete toda la informaci\u00f3n a continuaci\u00f3n para aplicar. Se le pedir\u00e1 que cargue un curr\u00edculum y una carta de presentaci\u00f3n; recomendamos tener estos documentos preparados antes de comenzar la aplicaci\u00f3n.<\/p>\n<p><script src=\"https:\/\/www.cognitoforms.com\/f\/seamless.js\" data-key=\"fsH5dGB1IUa6z5CleQGhhw\" data-form=\"233\"><\/script><\/p>\n"}]},"yoast_head":"<!-- This site is optimized with the Yoast SEO plugin v27.5 - https:\/\/yoast.com\/product\/yoast-seo-wordpress\/ -->\n<title>Solicitud de Empleo - WEV<\/title>\n<meta name=\"robots\" content=\"noindex, nofollow\" \/>\n<meta property=\"og:locale\" content=\"es_ES\" \/>\n<meta property=\"og:type\" content=\"article\" \/>\n<meta property=\"og:title\" content=\"Solicitud de Empleo - WEV\" \/>\n<meta property=\"og:url\" content=\"http:\/\/live-wev.pantheonsite.io\/wev-careers\/application\/\" \/>\n<meta property=\"og:site_name\" content=\"WEV\" \/>\n<meta property=\"article:publisher\" content=\"https:\/\/www.facebook.com\/WomensEconomicVentures\" \/>\n<meta property=\"article:modified_time\" content=\"2022-08-25T14:17:40+00:00\" \/>\n<meta name=\"twitter:card\" content=\"summary_large_image\" \/>\n<script type=\"application\/ld+json\" class=\"yoast-schema-graph\">{\"@context\":\"https:\\\/\\\/schema.org\",\"@graph\":[{\"@type\":\"WebPage\",\"@id\":\"http:\\\/\\\/live-wev.pantheonsite.io\\\/wev-careers\\\/application\\\/\",\"url\":\"http:\\\/\\\/live-wev.pantheonsite.io\\\/wev-careers\\\/application\\\/\",\"name\":\"Solicitud de Empleo - WEV\",\"isPartOf\":{\"@id\":\"https:\\\/\\\/www.wevonline.org\\\/es\\\/#website\"},\"datePublished\":\"2022-08-13T21:41:04+00:00\",\"dateModified\":\"2022-08-25T14:17:40+00:00\",\"breadcrumb\":{\"@id\":\"http:\\\/\\\/live-wev.pantheonsite.io\\\/wev-careers\\\/application\\\/#breadcrumb\"},\"inLanguage\":\"es-ES\",\"potentialAction\":[{\"@type\":\"ReadAction\",\"target\":[\"http:\\\/\\\/live-wev.pantheonsite.io\\\/wev-careers\\\/application\\\/\"]}]},{\"@type\":\"BreadcrumbList\",\"@id\":\"http:\\\/\\\/live-wev.pantheonsite.io\\\/wev-careers\\\/application\\\/#breadcrumb\",\"itemListElement\":[{\"@type\":\"ListItem\",\"position\":1,\"name\":\"Home\",\"item\":\"https:\\\/\\\/www.wevonline.org\\\/es\\\/\"},{\"@type\":\"ListItem\",\"position\":2,\"name\":\"Carreras\",\"item\":\"https:\\\/\\\/www.wevonline.org\\\/es\\\/carreras\\\/\"},{\"@type\":\"ListItem\",\"position\":3,\"name\":\"Solicitud de Empleo\"}]},{\"@type\":\"WebSite\",\"@id\":\"https:\\\/\\\/www.wevonline.org\\\/es\\\/#website\",\"url\":\"https:\\\/\\\/www.wevonline.org\\\/es\\\/\",\"name\":\"WEV\",\"description\":\"Women&#039;s Economic Ventures\",\"publisher\":{\"@id\":\"https:\\\/\\\/www.wevonline.org\\\/es\\\/#organization\"},\"potentialAction\":[{\"@type\":\"SearchAction\",\"target\":{\"@type\":\"EntryPoint\",\"urlTemplate\":\"https:\\\/\\\/www.wevonline.org\\\/es\\\/?s={search_term_string}\"},\"query-input\":{\"@type\":\"PropertyValueSpecification\",\"valueRequired\":true,\"valueName\":\"search_term_string\"}}],\"inLanguage\":\"es-ES\"},{\"@type\":\"Organization\",\"@id\":\"https:\\\/\\\/www.wevonline.org\\\/es\\\/#organization\",\"name\":\"Women's Economic Ventures\",\"url\":\"https:\\\/\\\/www.wevonline.org\\\/es\\\/\",\"logo\":{\"@type\":\"ImageObject\",\"inLanguage\":\"es-ES\",\"@id\":\"https:\\\/\\\/www.wevonline.org\\\/es\\\/#\\\/schema\\\/logo\\\/image\\\/\",\"url\":\"https:\\\/\\\/www.wevonline.org\\\/wp-content\\\/uploads\\\/2022\\\/08\\\/WEV-Spanish-Logo_Website-Header.png\",\"contentUrl\":\"https:\\\/\\\/www.wevonline.org\\\/wp-content\\\/uploads\\\/2022\\\/08\\\/WEV-Spanish-Logo_Website-Header.png\",\"width\":506,\"height\":127,\"caption\":\"Women's Economic Ventures\"},\"image\":{\"@id\":\"https:\\\/\\\/www.wevonline.org\\\/es\\\/#\\\/schema\\\/logo\\\/image\\\/\"},\"sameAs\":[\"https:\\\/\\\/www.facebook.com\\\/WomensEconomicVentures\",\"https:\\\/\\\/www.instagram.com\\\/womenseconomicventures\\\/?hl=en\"]}]}<\/script>\n<!-- \/ Yoast SEO plugin. -->","yoast_head_json":{"title":"Solicitud de Empleo - WEV","robots":{"index":"noindex","follow":"nofollow"},"og_locale":"es_ES","og_type":"article","og_title":"Solicitud de Empleo - WEV","og_url":"http:\/\/live-wev.pantheonsite.io\/wev-careers\/application\/","og_site_name":"WEV","article_publisher":"https:\/\/www.facebook.com\/WomensEconomicVentures","article_modified_time":"2022-08-25T14:17:40+00:00","twitter_card":"summary_large_image","schema":{"@context":"https:\/\/schema.org","@graph":[{"@type":"WebPage","@id":"http:\/\/live-wev.pantheonsite.io\/wev-careers\/application\/","url":"http:\/\/live-wev.pantheonsite.io\/wev-careers\/application\/","name":"Solicitud de Empleo - WEV","isPartOf":{"@id":"https:\/\/www.wevonline.org\/es\/#website"},"datePublished":"2022-08-13T21:41:04+00:00","dateModified":"2022-08-25T14:17:40+00:00","breadcrumb":{"@id":"http:\/\/live-wev.pantheonsite.io\/wev-careers\/application\/#breadcrumb"},"inLanguage":"es-ES","potentialAction":[{"@type":"ReadAction","target":["http:\/\/live-wev.pantheonsite.io\/wev-careers\/application\/"]}]},{"@type":"BreadcrumbList","@id":"http:\/\/live-wev.pantheonsite.io\/wev-careers\/application\/#breadcrumb","itemListElement":[{"@type":"ListItem","position":1,"name":"Home","item":"https:\/\/www.wevonline.org\/es\/"},{"@type":"ListItem","position":2,"name":"Carreras","item":"https:\/\/www.wevonline.org\/es\/carreras\/"},{"@type":"ListItem","position":3,"name":"Solicitud de Empleo"}]},{"@type":"WebSite","@id":"https:\/\/www.wevonline.org\/es\/#website","url":"https:\/\/www.wevonline.org\/es\/","name":"WEV","description":"Women&#039;s Economic Ventures","publisher":{"@id":"https:\/\/www.wevonline.org\/es\/#organization"},"potentialAction":[{"@type":"SearchAction","target":{"@type":"EntryPoint","urlTemplate":"https:\/\/www.wevonline.org\/es\/?s={search_term_string}"},"query-input":{"@type":"PropertyValueSpecification","valueRequired":true,"valueName":"search_term_string"}}],"inLanguage":"es-ES"},{"@type":"Organization","@id":"https:\/\/www.wevonline.org\/es\/#organization","name":"Women's Economic Ventures","url":"https:\/\/www.wevonline.org\/es\/","logo":{"@type":"ImageObject","inLanguage":"es-ES","@id":"https:\/\/www.wevonline.org\/es\/#\/schema\/logo\/image\/","url":"https:\/\/www.wevonline.org\/wp-content\/uploads\/2022\/08\/WEV-Spanish-Logo_Website-Header.png","contentUrl":"https:\/\/www.wevonline.org\/wp-content\/uploads\/2022\/08\/WEV-Spanish-Logo_Website-Header.png","width":506,"height":127,"caption":"Women's Economic Ventures"},"image":{"@id":"https:\/\/www.wevonline.org\/es\/#\/schema\/logo\/image\/"},"sameAs":["https:\/\/www.facebook.com\/WomensEconomicVentures","https:\/\/www.instagram.com\/womenseconomicventures\/?hl=en"]}]}},"_links":{"self":[{"href":"https:\/\/www.wevonline.org\/es\/wp-json\/wp\/v2\/pages\/3716","targetHints":{"allow":["GET"]}}],"collection":[{"href":"https:\/\/www.wevonline.org\/es\/wp-json\/wp\/v2\/pages"}],"about":[{"href":"https:\/\/www.wevonline.org\/es\/wp-json\/wp\/v2\/types\/page"}],"author":[{"embeddable":true,"href":"https:\/\/www.wevonline.org\/es\/wp-json\/wp\/v2\/users\/3"}],"replies":[{"embeddable":true,"href":"https:\/\/www.wevonline.org\/es\/wp-json\/wp\/v2\/comments?post=3716"}],"version-history":[{"count":2,"href":"https:\/\/www.wevonline.org\/es\/wp-json\/wp\/v2\/pages\/3716\/revisions"}],"predecessor-version":[{"id":4023,"href":"https:\/\/www.wevonline.org\/es\/wp-json\/wp\/v2\/pages\/3716\/revisions\/4023"}],"up":[{"embeddable":true,"href":"https:\/\/www.wevonline.org\/es\/wp-json\/wp\/v2\/pages\/639"}],"wp:attachment":[{"href":"https:\/\/www.wevonline.org\/es\/wp-json\/wp\/v2\/media?parent=3716"}],"curies":[{"name":"wp","href":"https:\/\/api.w.org\/{rel}","templated":true}]}}