{"id":3623,"date":"2022-07-27T18:04:34","date_gmt":"2022-07-27T18:04:34","guid":{"rendered":"https:\/\/www.wevonline.org\/clases-de-negocios\/"},"modified":"2025-12-19T17:19:03","modified_gmt":"2025-12-19T17:19:03","slug":"clases","status":"publish","type":"page","link":"https:\/\/www.wevonline.org\/es\/clases\/","title":{"rendered":"Clases de negocios"},"content":{"rendered":"","protected":false},"excerpt":{"rendered":"","protected":false},"author":1,"featured_media":5884,"parent":0,"menu_order":0,"comment_status":"closed","ping_status":"closed","template":"templates\/template-c.php","meta":{"_acf_changed":false,"footnotes":""},"class_list":["post-3623","page","type-page","status-publish","has-post-thumbnail","hentry"],"acf":{"floating_cta_enable":"disable","content_template_c":[{"acf_fc_layout":"cb07_interior_banner","block_id":"","margin_top":"","margin_bottom":"","add_custom_css_class":"","headline":"Clases de negocios","sub_headline":"","image":"https:\/\/www.wevonline.org\/wp-content\/uploads\/2022\/08\/Business-Classes-Banner.jpg"},{"acf_fc_layout":"cb16_program_grid","block_id":"","margin_top":"","margin_bottom":"","add_custom_css_class":"","headline":"Clases de negocios WEV","need_help_heading":"\u00bfNecesitas ayuda?","use_image_instead_of_help_links":false,"right_side_image":false,"need_help_links":[{"links":{"title":"Encuentra recursos para ti","url":"#classes-scenario-selector","target":""}},{"links":{"title":"Preguntas frecuentes","url":"#classes-faqs","target":""}},{"links":{"title":"Ponte en contacto","url":"https:\/\/www.wevonline.org\/es\/ponte-en-contacto\/?entry=%7B%22Team%22:%22Classes%22%7D","target":""}}],"program_tiles":[{"cta_link":{"title":"Capacitaci\u00f3n Empresarial Inteligente (SET)","url":"https:\/\/www.wevonline.org\/es\/classes-resources\/set\/","target":""},"description":"Planifica tu negocio con prop\u00f3sito. Un curso de 14 semanas para convertir tu idea en acci\u00f3n con asesor\u00eda experta, apoyo entre pares y un plan de negocio escrito. Se ofrece en ingl\u00e9s."},{"cta_link":{"title":"Emprendedoras de Guarderia","url":"https:\/\/www.wevonline.org\/es\/classes-resources\/emprendedoras-de-guarderia\/","target":""},"description":"Emprendedoras(es) de cuidado infantil - desarrolla habilidades empresariales, fortalece tu confianza y obt\u00e9n herramientas para hacer crecer un negocio de cuidado m\u00e1s s\u00f3lido y sostenible. Disponible en espa\u00f1ol e ingl\u00e9s."},{"cta_link":{"title":"Creando de una Propuesta de Valor","url":"https:\/\/www.wevonline.org\/es\/classes-resources\/propuesta-de-valor\/","target":""},"description":"Refina tu idea de negocio en una clase enfocada \u2014 en l\u00ednea y a tu ritmo \u2014 para definir tu nicho, entender a tu audiencia y construir una propuesta de valor atractiva. En ingl\u00e9s."},{"cta_link":{"title":"Construye tu Cr\u00e9dito","url":"https:\/\/www.wevonline.org\/es\/classes-resources\/construye-tu-credito\/","target":""},"description":"Toma el control de tu cr\u00e9dito. Un curso gratuito de 6 semanas para ayudarte a entender tu puntaje y c\u00f3mo mejorarlo con el tiempo para alcanzar tus metas financieras a largo plazo. Disponible en espa\u00f1ol e ingl\u00e9s."},{"cta_link":{"title":"Emprendimiento","url":"https:\/\/www.wevonline.org\/es\/classes-resources\/emprendimiento\/","target":""},"description":"Comienza y haz crecer tu negocio con confianza. Un curso de 8 semanas que te gu\u00eda paso a paso desde la idea hasta la acci\u00f3n, con apoyo personalizado y un plan claro. Se ofrece en espa\u00f1ol."},{"cta_link":{"title":"Pon Tu Peque\u00f1o Negocio En L\u00ednea","url":"https:\/\/www.wevonline.org\/es\/classes-resources\/pon-tu-pequeno-negocio-en-linea\/","target":""},"description":"Crea o mejora tu presencia en internet. Un curso de 9 semanas que te ayuda a lanzar tu sitio web y hacer crecer tu negocio con herramientas de marketing digital. Disponible en espa\u00f1ol e ingl\u00e9s."}]},{"acf_fc_layout":"cb05_scenario_selector","block_id":"classes-scenario-selector","margin_top":"","margin_bottom":"","add_custom_css_class":"","heading":"Encuentra recursos para ti","drawers":[{"text":"Tengo una idea de negocio pero no se por donde empezar\u2026","drawer_content":[{"button":{"title":"Gu\u00edas para iniciar un negocio","url":"https:\/\/www.wevonline.org\/es\/classes-resources\/guias-para-iniciar-un-negocio\/","target":""}}]},{"text":"Necesito ayuda para escribir un plan de negocios...","drawer_content":[{"button":{"title":"Capacitaci\u00f3n Empresarial Inteligente (SET)","url":"https:\/\/www.wevonline.org\/es\/classes-resources\/set\/","target":""}}]},{"text":"Quiero entender mejor las finanzas de mi negocio...","drawer_content":[{"button":{"title":"Consultor\u00eda de Contabilidad","url":"https:\/\/www.wevonline.org\/es\/programs\/consultoria-de-quickbooks\/","target":""}}]},{"text":"He lanzado mi negocio y quiero aprender a estabilizarme y crecer...","drawer_content":[{"button":{"title":"Capacitaci\u00f3n Empresarial Inteligente (SET)","url":"https:\/\/www.wevonline.org\/es\/classes-resources\/set\/","target":""}}]},{"text":"Quiero aprender a comercializar mi negocio de manera m\u00e1s efectiva...","drawer_content":[{"button":{"title":"Pon Tu Peque\u00f1o Negocio En L\u00ednea","url":"https:\/\/www.wevonline.org\/es\/classes-resources\/pon-tu-pequeno-negocio-en-linea\/","target":""}}]}]},{"acf_fc_layout":"cb06_stories_and_speakers","block_id":"","margin_top":"","margin_bottom":"","add_custom_css_class":"","stories_speakers":"stories","select_stories":[{"ID":3629,"post_author":"3","post_date":"2022-08-13 04:50:59","post_date_gmt":"2022-08-13 04:50:59","post_content":"","post_title":"Nancy Ulloa","post_excerpt":"","post_status":"publish","comment_status":"closed","ping_status":"closed","post_password":"","post_name":"nancy-ulloa","to_ping":"","pinged":"","post_modified":"2025-02-25 03:57:53","post_modified_gmt":"2025-02-25 03:57:53","post_content_filtered":"","post_parent":0,"guid":"https:\/\/www.wevonline.org\/stories\/nancy-ulloa\/","menu_order":0,"post_type":"s_cpt","post_mime_type":"","comment_count":"0","filter":"raw"},{"ID":3630,"post_author":"3","post_date":"2022-08-13 04:53:20","post_date_gmt":"2022-08-13 04:53:20","post_content":"","post_title":"Paula Munoz","post_excerpt":"","post_status":"publish","comment_status":"closed","ping_status":"closed","post_password":"","post_name":"paula-munoz","to_ping":"","pinged":"","post_modified":"2025-02-25 17:27:11","post_modified_gmt":"2025-02-25 17:27:11","post_content_filtered":"","post_parent":0,"guid":"https:\/\/www.wevonline.org\/stories\/paula-munoz\/","menu_order":0,"post_type":"s_cpt","post_mime_type":"","comment_count":"0","filter":"raw"},{"ID":3631,"post_author":"3","post_date":"2022-08-13 04:55:25","post_date_gmt":"2022-08-13 04:55:25","post_content":"","post_title":"Katherine Wertheim (Classes quote only)","post_excerpt":"","post_status":"publish","comment_status":"closed","ping_status":"closed","post_password":"","post_name":"katherine-wertheim-classes-quote-only","to_ping":"","pinged":"","post_modified":"2022-09-02 22:53:23","post_modified_gmt":"2022-09-02 22:53:23","post_content_filtered":"","post_parent":0,"guid":"https:\/\/www.wevonline.org\/stories\/katherine-wertheim-classes-quote-only\/","menu_order":0,"post_type":"s_cpt","post_mime_type":"","comment_count":"0","filter":"raw"},{"ID":3632,"post_author":"3","post_date":"2022-08-13 04:57:02","post_date_gmt":"2022-08-13 04:57:02","post_content":"","post_title":"Hayley Bridges","post_excerpt":"","post_status":"publish","comment_status":"closed","ping_status":"closed","post_password":"","post_name":"hayley-bridges","to_ping":"","pinged":"","post_modified":"2025-02-25 03:56:55","post_modified_gmt":"2025-02-25 03:56:55","post_content_filtered":"","post_parent":0,"guid":"https:\/\/www.wevonline.org\/stories\/hayley-bridges\/","menu_order":0,"post_type":"s_cpt","post_mime_type":"","comment_count":"0","filter":"raw"}],"heading":"","description":"","cta_link":null,"image":false,"all_stories_cta":{"title":"Todas las historias","url":"https:\/\/www.wevonline.org\/es\/historias-wev\/","target":""}},{"acf_fc_layout":"cb09_faq_drawers","block_id":"classes-faqs","margin_top":"","margin_bottom":"","add_custom_css_class":"","heading":"Preguntas frecuentes","default_faq_image":"https:\/\/www.wevonline.org\/wp-content\/uploads\/2022\/08\/Business-Classes-FAQ-Default.jpg","faq_drawer":[{"ID":2027,"post_author":"1","post_date":"2022-07-18 07:30:00","post_date_gmt":"2022-07-18 07:30:00","post_content":"","post_title":"\u00bfQu\u00e9 d\u00edas y horas se ofrecen las clases?","post_excerpt":"","post_status":"publish","comment_status":"closed","ping_status":"closed","post_password":"","post_name":"what-time-are-classes-offered","to_ping":"","pinged":"","post_modified":"2022-08-23 07:13:47","post_modified_gmt":"2022-08-23 07:13:47","post_content_filtered":"","post_parent":0,"guid":"https:\/\/www.wevonline.org\/f_cpt\/what-time-are-classes-offered\/","menu_order":0,"post_type":"f_cpt","post_mime_type":"","comment_count":"0","filter":"raw"},{"ID":2028,"post_author":"1","post_date":"2022-07-18 07:29:43","post_date_gmt":"2022-07-18 07:29:43","post_content":"","post_title":"Estoy tomando la clase con mi c\u00f3nyuge o socio comercial. \u00bfAmbos tenemos que pagar cuotas de clase?","post_excerpt":"","post_status":"publish","comment_status":"closed","ping_status":"closed","post_password":"","post_name":"i-am-taking-the-class-with-my-spouse-or-business-partner-do-we-both-have-to-pay-class-fees","to_ping":"","pinged":"","post_modified":"2022-08-23 07:13:42","post_modified_gmt":"2022-08-23 07:13:42","post_content_filtered":"","post_parent":0,"guid":"https:\/\/www.wevonline.org\/f_cpt\/i-am-taking-the-class-with-my-spouse-or-business-partner-do-we-both-have-to-pay-class-fees\/","menu_order":0,"post_type":"f_cpt","post_mime_type":"","comment_count":"0","filter":"raw"},{"ID":2029,"post_author":"1","post_date":"2022-07-18 07:29:17","post_date_gmt":"2022-07-18 07:29:17","post_content":"","post_title":"\u00bfLas clases de WEV est\u00e1n abiertas para hombres y otros tambi\u00e9n?","post_excerpt":"","post_status":"publish","comment_status":"closed","ping_status":"closed","post_password":"","post_name":"are-wevs-classes-open-to-men-and-others-too","to_ping":"","pinged":"","post_modified":"2025-02-06 23:50:34","post_modified_gmt":"2025-02-06 23:50:34","post_content_filtered":"","post_parent":0,"guid":"https:\/\/www.wevonline.org\/f_cpt\/are-wevs-classes-open-to-men-and-others-too\/","menu_order":0,"post_type":"f_cpt","post_mime_type":"","comment_count":"0","filter":"raw"},{"ID":2030,"post_author":"1","post_date":"2022-07-18 07:28:29","post_date_gmt":"2022-07-18 07:28:29","post_content":"","post_title":"\u00bfQu\u00e9 significa \"Tarifa regular\"?","post_excerpt":"","post_status":"publish","comment_status":"closed","ping_status":"closed","post_password":"","post_name":"what-does-basic-fee-mean","to_ping":"","pinged":"","post_modified":"2025-07-21 23:41:54","post_modified_gmt":"2025-07-21 23:41:54","post_content_filtered":"","post_parent":0,"guid":"https:\/\/www.wevonline.org\/f_cpt\/what-does-basic-fee-mean\/","menu_order":0,"post_type":"f_cpt","post_mime_type":"","comment_count":"0","filter":"raw"},{"ID":2032,"post_author":"1","post_date":"2022-07-18 07:27:58","post_date_gmt":"2022-07-18 07:27:58","post_content":"","post_title":"\u00bfD\u00f3nde se imparten las clases de WEV?","post_excerpt":"","post_status":"publish","comment_status":"closed","ping_status":"closed","post_password":"","post_name":"where-are-wevs-classes-held","to_ping":"","pinged":"","post_modified":"2023-06-09 21:13:08","post_modified_gmt":"2023-06-09 21:13:08","post_content_filtered":"","post_parent":0,"guid":"https:\/\/www.wevonline.org\/f_cpt\/where-are-wevs-classes-held\/","menu_order":0,"post_type":"f_cpt","post_mime_type":"","comment_count":"0","filter":"raw"},{"ID":2033,"post_author":"1","post_date":"2022-07-18 07:27:36","post_date_gmt":"2022-07-18 07:27:36","post_content":"","post_title":"\u00bfCon qu\u00e9 frecuencia se imparten las clases de WEV?","post_excerpt":"","post_status":"publish","comment_status":"closed","ping_status":"closed","post_password":"","post_name":"how-often-are-wevs-classes-held","to_ping":"","pinged":"","post_modified":"2022-08-23 07:09:41","post_modified_gmt":"2022-08-23 07:09:41","post_content_filtered":"","post_parent":0,"guid":"https:\/\/www.wevonline.org\/f_cpt\/how-often-are-wevs-classes-held\/","menu_order":0,"post_type":"f_cpt","post_mime_type":"","comment_count":"0","filter":"raw"},{"ID":2034,"post_author":"1","post_date":"2022-07-18 07:27:09","post_date_gmt":"2022-07-18 07:27:09","post_content":"","post_title":"\u00bfC\u00f3mo me inscribo en un programa?","post_excerpt":"","post_status":"publish","comment_status":"closed","ping_status":"closed","post_password":"","post_name":"how-do-i-enroll-in-a-program","to_ping":"","pinged":"","post_modified":"2025-01-23 19:25:16","post_modified_gmt":"2025-01-23 19:25:16","post_content_filtered":"","post_parent":0,"guid":"https:\/\/www.wevonline.org\/f_cpt\/how-do-i-enroll-in-a-program\/","menu_order":0,"post_type":"f_cpt","post_mime_type":"","comment_count":"0","filter":"raw"},{"ID":3635,"post_author":"1","post_date":"2022-07-28 17:35:55","post_date_gmt":"2022-07-28 17:35:55","post_content":"","post_title":"\u00bfCu\u00e1nto cuestan las clases?","post_excerpt":"","post_status":"publish","comment_status":"closed","ping_status":"closed","post_password":"","post_name":"cuanto-cuestan-las-clases","to_ping":"","pinged":"","post_modified":"2025-01-23 19:26:56","post_modified_gmt":"2025-01-23 19:26:56","post_content_filtered":"","post_parent":0,"guid":"https:\/\/www.wevonline.org\/f_cpt\/cuanto-cuestan-las-clases\/","menu_order":0,"post_type":"f_cpt","post_mime_type":"","comment_count":"0","filter":"raw"},{"ID":3636,"post_author":"1","post_date":"2022-07-28 17:43:10","post_date_gmt":"2022-07-28 17:43:10","post_content":"","post_title":"\u00bfProporciona cuidado de ni\u00f1os durante el horario de clases?","post_excerpt":"","post_status":"publish","comment_status":"closed","ping_status":"closed","post_password":"","post_name":"proporciona-cuidado-de-ninos-durante-el-horario-de-clases","to_ping":"","pinged":"","post_modified":"2022-08-31 20:11:50","post_modified_gmt":"2022-08-31 20:11:50","post_content_filtered":"","post_parent":0,"guid":"https:\/\/www.wevonline.org\/f_cpt\/proporciona-cuidado-de-ninos-durante-el-horario-de-clases\/","menu_order":0,"post_type":"f_cpt","post_mime_type":"","comment_count":"0","filter":"raw"},{"ID":3637,"post_author":"1","post_date":"2022-07-28 17:44:17","post_date_gmt":"2022-07-28 17:44:17","post_content":"","post_title":"\u00bfPuedo volver a tomar una clase de WEV?","post_excerpt":"","post_status":"publish","comment_status":"closed","ping_status":"closed","post_password":"","post_name":"puedo-volver-a-tomar-una-clase-de-wev","to_ping":"","pinged":"","post_modified":"2025-01-23 19:27:47","post_modified_gmt":"2025-01-23 19:27:47","post_content_filtered":"","post_parent":0,"guid":"https:\/\/www.wevonline.org\/f_cpt\/puedo-volver-a-tomar-una-clase-de-wev\/","menu_order":0,"post_type":"f_cpt","post_mime_type":"","comment_count":"0","filter":"raw"},{"ID":3638,"post_author":"1","post_date":"2022-07-28 17:45:11","post_date_gmt":"2022-07-28 17:45:11","post_content":"","post_title":"Are classes offered in English?","post_excerpt":"","post_status":"publish","comment_status":"closed","ping_status":"closed","post_password":"","post_name":"are-classes-offered-in-english","to_ping":"","pinged":"","post_modified":"2022-08-31 20:11:31","post_modified_gmt":"2022-08-31 20:11:31","post_content_filtered":"","post_parent":0,"guid":"https:\/\/www.wevonline.org\/f_cpt\/are-classes-offered-in-english\/","menu_order":0,"post_type":"f_cpt","post_mime_type":"","comment_count":"0","filter":"raw"},{"ID":3659,"post_author":"3","post_date":"2022-08-13 19:14:46","post_date_gmt":"2022-08-13 19:14:46","post_content":"","post_title":"\u00bfWEV ofrece subvenciones?","post_excerpt":"","post_status":"publish","comment_status":"closed","ping_status":"closed","post_password":"","post_name":"ofrecen-subvenciones","to_ping":"","pinged":"","post_modified":"2025-12-19 17:16:02","post_modified_gmt":"2025-12-19 17:16:02","post_content_filtered":"","post_parent":0,"guid":"https:\/\/www.wevonline.org\/f_cpt\/ofrecen-subvenciones\/","menu_order":0,"post_type":"f_cpt","post_mime_type":"","comment_count":"0","filter":"raw"}]}]},"yoast_head":"<!-- This site is optimized with the Yoast SEO plugin v27.2 - https:\/\/yoast.com\/product\/yoast-seo-wordpress\/ -->\n<title>Clases de negocios - WEV<\/title>\n<meta name=\"description\" content=\"Clases para emprendedores en cada etapa, desde la idea de negocio hasta el lanzamiento y el crecimiento. Encuentra la clase para ti.\" \/>\n<meta name=\"robots\" content=\"index, follow, max-snippet:-1, max-image-preview:large, max-video-preview:-1\" \/>\n<link rel=\"canonical\" href=\"https:\/\/www.wevonline.org\/es\/clases\/\" \/>\n<meta property=\"og:locale\" content=\"es_ES\" \/>\n<meta property=\"og:type\" content=\"article\" \/>\n<meta property=\"og:title\" content=\"Clases de negocios - WEV\" \/>\n<meta property=\"og:description\" content=\"Clases para emprendedores en cada etapa, desde la idea de negocio hasta el lanzamiento y el crecimiento. Encuentra la clase para ti.\" \/>\n<meta property=\"og:url\" content=\"https:\/\/www.wevonline.org\/es\/clases\/\" \/>\n<meta property=\"og:site_name\" content=\"WEV\" \/>\n<meta property=\"article:publisher\" content=\"https:\/\/www.facebook.com\/WomensEconomicVentures\" \/>\n<meta property=\"article:modified_time\" content=\"2025-12-19T17:19:03+00:00\" \/>\n<meta property=\"og:image\" content=\"https:\/\/www.wevonline.org\/wp-content\/uploads\/2022\/08\/Business-Classes-Banner_Recommended-Size_Test.jpg\" \/>\n\t<meta property=\"og:image:width\" content=\"685\" \/>\n\t<meta property=\"og:image:height\" content=\"550\" \/>\n\t<meta property=\"og:image:type\" content=\"image\/jpeg\" \/>\n<meta name=\"twitter:card\" content=\"summary_large_image\" \/>\n<meta name=\"twitter:label1\" content=\"Est. reading time\" \/>\n\t<meta name=\"twitter:data1\" content=\"1 minute\" \/>\n<script type=\"application\/ld+json\" class=\"yoast-schema-graph\">{\"@context\":\"https:\/\/schema.org\",\"@graph\":[{\"@type\":\"WebPage\",\"@id\":\"https:\/\/www.wevonline.org\/es\/clases\/\",\"url\":\"https:\/\/www.wevonline.org\/es\/clases\/\",\"name\":\"Clases de negocios - WEV\",\"isPartOf\":{\"@id\":\"https:\/\/www.wevonline.org\/#website\"},\"primaryImageOfPage\":{\"@id\":\"https:\/\/www.wevonline.org\/es\/clases\/#primaryimage\"},\"image\":{\"@id\":\"https:\/\/www.wevonline.org\/es\/clases\/#primaryimage\"},\"thumbnailUrl\":\"https:\/\/www.wevonline.org\/wp-content\/uploads\/2022\/08\/Business-Classes-Banner_Recommended-Size_Test.jpg\",\"datePublished\":\"2022-07-27T18:04:34+00:00\",\"dateModified\":\"2025-12-19T17:19:03+00:00\",\"description\":\"Clases para emprendedores en cada etapa, desde la idea de negocio hasta el lanzamiento y el crecimiento. Encuentra la clase para ti.\",\"breadcrumb\":{\"@id\":\"https:\/\/www.wevonline.org\/es\/clases\/#breadcrumb\"},\"inLanguage\":\"es-ES\",\"potentialAction\":[{\"@type\":\"ReadAction\",\"target\":[\"https:\/\/www.wevonline.org\/es\/clases\/\"]}]},{\"@type\":\"ImageObject\",\"inLanguage\":\"es-ES\",\"@id\":\"https:\/\/www.wevonline.org\/es\/clases\/#primaryimage\",\"url\":\"https:\/\/www.wevonline.org\/wp-content\/uploads\/2022\/08\/Business-Classes-Banner_Recommended-Size_Test.jpg\",\"contentUrl\":\"https:\/\/www.wevonline.org\/wp-content\/uploads\/2022\/08\/Business-Classes-Banner_Recommended-Size_Test.jpg\",\"width\":685,\"height\":550,\"caption\":\"Kelly Almeida, miembro de la comunidad, comparte su experiencia y conocimiento con compa\u00f1eros de clase en una clase de negocios WEV.\"},{\"@type\":\"BreadcrumbList\",\"@id\":\"https:\/\/www.wevonline.org\/es\/clases\/#breadcrumb\",\"itemListElement\":[{\"@type\":\"ListItem\",\"position\":1,\"name\":\"Home\",\"item\":\"https:\/\/www.wevonline.org\/es\/\"},{\"@type\":\"ListItem\",\"position\":2,\"name\":\"Clases de negocios\"}]},{\"@type\":\"WebSite\",\"@id\":\"https:\/\/www.wevonline.org\/#website\",\"url\":\"https:\/\/www.wevonline.org\/\",\"name\":\"WEV\",\"description\":\"Women&#039;s Economic Ventures\",\"publisher\":{\"@id\":\"https:\/\/www.wevonline.org\/#organization\"},\"potentialAction\":[{\"@type\":\"SearchAction\",\"target\":{\"@type\":\"EntryPoint\",\"urlTemplate\":\"https:\/\/www.wevonline.org\/?s={search_term_string}\"},\"query-input\":{\"@type\":\"PropertyValueSpecification\",\"valueRequired\":true,\"valueName\":\"search_term_string\"}}],\"inLanguage\":\"es-ES\"},{\"@type\":\"Organization\",\"@id\":\"https:\/\/www.wevonline.org\/#organization\",\"name\":\"Women's Economic Ventures\",\"url\":\"https:\/\/www.wevonline.org\/\",\"logo\":{\"@type\":\"ImageObject\",\"inLanguage\":\"es-ES\",\"@id\":\"https:\/\/www.wevonline.org\/#\/schema\/logo\/image\/\",\"url\":\"https:\/\/www.wevonline.org\/wp-content\/uploads\/2022\/08\/WEV-Spanish-Logo_Website-Header.png\",\"contentUrl\":\"https:\/\/www.wevonline.org\/wp-content\/uploads\/2022\/08\/WEV-Spanish-Logo_Website-Header.png\",\"width\":506,\"height\":127,\"caption\":\"Women's Economic Ventures\"},\"image\":{\"@id\":\"https:\/\/www.wevonline.org\/#\/schema\/logo\/image\/\"},\"sameAs\":[\"https:\/\/www.facebook.com\/WomensEconomicVentures\",\"https:\/\/www.instagram.com\/womenseconomicventures\/?hl=en\"]}]}<\/script>\n<!-- \/ Yoast SEO plugin. -->","yoast_head_json":{"title":"Clases de negocios - WEV","description":"Clases para emprendedores en cada etapa, desde la idea de negocio hasta el lanzamiento y el crecimiento. Encuentra la clase para ti.","robots":{"index":"index","follow":"follow","max-snippet":"max-snippet:-1","max-image-preview":"max-image-preview:large","max-video-preview":"max-video-preview:-1"},"canonical":"https:\/\/www.wevonline.org\/es\/clases\/","og_locale":"es_ES","og_type":"article","og_title":"Clases de negocios - WEV","og_description":"Clases para emprendedores en cada etapa, desde la idea de negocio hasta el lanzamiento y el crecimiento. Encuentra la clase para ti.","og_url":"https:\/\/www.wevonline.org\/es\/clases\/","og_site_name":"WEV","article_publisher":"https:\/\/www.facebook.com\/WomensEconomicVentures","article_modified_time":"2025-12-19T17:19:03+00:00","og_image":[{"width":685,"height":550,"url":"https:\/\/www.wevonline.org\/wp-content\/uploads\/2022\/08\/Business-Classes-Banner_Recommended-Size_Test.jpg","type":"image\/jpeg"}],"twitter_card":"summary_large_image","twitter_misc":{"Est. reading time":"1 minute"},"schema":{"@context":"https:\/\/schema.org","@graph":[{"@type":"WebPage","@id":"https:\/\/www.wevonline.org\/es\/clases\/","url":"https:\/\/www.wevonline.org\/es\/clases\/","name":"Clases de negocios - WEV","isPartOf":{"@id":"https:\/\/www.wevonline.org\/#website"},"primaryImageOfPage":{"@id":"https:\/\/www.wevonline.org\/es\/clases\/#primaryimage"},"image":{"@id":"https:\/\/www.wevonline.org\/es\/clases\/#primaryimage"},"thumbnailUrl":"https:\/\/www.wevonline.org\/wp-content\/uploads\/2022\/08\/Business-Classes-Banner_Recommended-Size_Test.jpg","datePublished":"2022-07-27T18:04:34+00:00","dateModified":"2025-12-19T17:19:03+00:00","description":"Clases para emprendedores en cada etapa, desde la idea de negocio hasta el lanzamiento y el crecimiento. Encuentra la clase para ti.","breadcrumb":{"@id":"https:\/\/www.wevonline.org\/es\/clases\/#breadcrumb"},"inLanguage":"es-ES","potentialAction":[{"@type":"ReadAction","target":["https:\/\/www.wevonline.org\/es\/clases\/"]}]},{"@type":"ImageObject","inLanguage":"es-ES","@id":"https:\/\/www.wevonline.org\/es\/clases\/#primaryimage","url":"https:\/\/www.wevonline.org\/wp-content\/uploads\/2022\/08\/Business-Classes-Banner_Recommended-Size_Test.jpg","contentUrl":"https:\/\/www.wevonline.org\/wp-content\/uploads\/2022\/08\/Business-Classes-Banner_Recommended-Size_Test.jpg","width":685,"height":550,"caption":"Kelly Almeida, miembro de la comunidad, comparte su experiencia y conocimiento con compa\u00f1eros de clase en una clase de negocios WEV."},{"@type":"BreadcrumbList","@id":"https:\/\/www.wevonline.org\/es\/clases\/#breadcrumb","itemListElement":[{"@type":"ListItem","position":1,"name":"Home","item":"https:\/\/www.wevonline.org\/es\/"},{"@type":"ListItem","position":2,"name":"Clases de negocios"}]},{"@type":"WebSite","@id":"https:\/\/www.wevonline.org\/#website","url":"https:\/\/www.wevonline.org\/","name":"WEV","description":"Women&#039;s Economic Ventures","publisher":{"@id":"https:\/\/www.wevonline.org\/#organization"},"potentialAction":[{"@type":"SearchAction","target":{"@type":"EntryPoint","urlTemplate":"https:\/\/www.wevonline.org\/?s={search_term_string}"},"query-input":{"@type":"PropertyValueSpecification","valueRequired":true,"valueName":"search_term_string"}}],"inLanguage":"es-ES"},{"@type":"Organization","@id":"https:\/\/www.wevonline.org\/#organization","name":"Women's Economic Ventures","url":"https:\/\/www.wevonline.org\/","logo":{"@type":"ImageObject","inLanguage":"es-ES","@id":"https:\/\/www.wevonline.org\/#\/schema\/logo\/image\/","url":"https:\/\/www.wevonline.org\/wp-content\/uploads\/2022\/08\/WEV-Spanish-Logo_Website-Header.png","contentUrl":"https:\/\/www.wevonline.org\/wp-content\/uploads\/2022\/08\/WEV-Spanish-Logo_Website-Header.png","width":506,"height":127,"caption":"Women's Economic Ventures"},"image":{"@id":"https:\/\/www.wevonline.org\/#\/schema\/logo\/image\/"},"sameAs":["https:\/\/www.facebook.com\/WomensEconomicVentures","https:\/\/www.instagram.com\/womenseconomicventures\/?hl=en"]}]}},"_links":{"self":[{"href":"https:\/\/www.wevonline.org\/es\/wp-json\/wp\/v2\/pages\/3623","targetHints":{"allow":["GET"]}}],"collection":[{"href":"https:\/\/www.wevonline.org\/es\/wp-json\/wp\/v2\/pages"}],"about":[{"href":"https:\/\/www.wevonline.org\/es\/wp-json\/wp\/v2\/types\/page"}],"author":[{"embeddable":true,"href":"https:\/\/www.wevonline.org\/es\/wp-json\/wp\/v2\/users\/1"}],"replies":[{"embeddable":true,"href":"https:\/\/www.wevonline.org\/es\/wp-json\/wp\/v2\/comments?post=3623"}],"version-history":[{"count":13,"href":"https:\/\/www.wevonline.org\/es\/wp-json\/wp\/v2\/pages\/3623\/revisions"}],"predecessor-version":[{"id":13169,"href":"https:\/\/www.wevonline.org\/es\/wp-json\/wp\/v2\/pages\/3623\/revisions\/13169"}],"wp:featuredmedia":[{"embeddable":true,"href":"https:\/\/www.wevonline.org\/es\/wp-json\/wp\/v2\/media\/5884"}],"wp:attachment":[{"href":"https:\/\/www.wevonline.org\/es\/wp-json\/wp\/v2\/media?parent=3623"}],"curies":[{"name":"wp","href":"https:\/\/api.w.org\/{rel}","templated":true}]}}