{"id":14753,"date":"2025-12-19T16:08:10","date_gmt":"2025-12-19T16:08:10","guid":{"rendered":"https:\/\/www.wevonline.org\/referencias-para-financiamiento-de-negocios\/"},"modified":"2026-01-09T15:34:15","modified_gmt":"2026-01-09T15:34:15","slug":"referencias-para-financiamiento-de-negocios","status":"publish","type":"page","link":"https:\/\/www.wevonline.org\/es\/referencias-para-financiamiento-de-negocios\/","title":{"rendered":"Referencias para Financiamiento de Negocios"},"content":{"rendered":"","protected":false},"excerpt":{"rendered":"","protected":false},"author":3,"featured_media":5314,"parent":0,"menu_order":0,"comment_status":"closed","ping_status":"closed","template":"","meta":{"_acf_changed":false,"footnotes":""},"class_list":["post-14753","page","type-page","status-publish","has-post-thumbnail","hentry"],"acf":{"floating_cta_enable":"disable","flexible_blocks":[{"acf_fc_layout":"cb07_interior_banner","block_id":"","margin_top":"","margin_bottom":"","add_custom_css_class":"","headline":"Referencias para Financiamiento de Negocios","sub_headline":"","image":"https:\/\/www.wevonline.org\/wp-content\/uploads\/2022\/08\/Business-Funding-Banner.jpg"},{"acf_fc_layout":"cb11_text_editor","block_id":"","margin_top":"","margin_bottom":"","add_custom_css_class":"","editor":"<p>El acceso al capital puede ser una herramienta poderosa para hacer crecer un peque\u00f1o negocio. Aunque en <strong>WEV ya no ofrecemos pr\u00e9stamos directamente<\/strong>, seguimos apoyando a emprendedoras(es) conect\u00e1ndolas(os) con <strong>organizaciones de financiamiento confiables y alineadas con nuestra misi\u00f3n<\/strong>.<\/p>\n<p>Si est\u00e1s buscando financiamiento, podemos ayudarte a dar el siguiente paso.<\/p>\n<p>\u00a0<\/p>\n<h2 class=\"p-heading-2 p-heading-1\">Te Conectamos con Organizaciones de Financiamiento de Confianza<\/h2>\n<p>En WEV colaboramos estrechamente con un grupo seleccionado de organizaciones de pr\u00e9stamos que atienden a due\u00f1as(os) de peque\u00f1os negocios en California. Estas organizaciones se especializan en ofrecer capital justo, accesible y con pr\u00e1cticas de financiamiento que priorizan el acompa\u00f1amiento &#8211; especialmente para quienes quiz\u00e1 no califiquen para pr\u00e9stamos bancarios tradicionales.<\/p>\n<p>Cuando solicitas una referencia a trav\u00e9s de WEV, no empiezas desde cero. Te conectamos con organizaciones que conocemos bien y en quienes confiamos.<\/p>\n<h3 class=\"p-heading-2\">\u00bfQu\u00e9 Puedes Esperar de Nuestras Organizaciones Aliadas?<\/h3>\n<p>Nuestras aliadas de financiamiento ofrecen:<\/p>\n<ul>\n<li>Pr\u00e9stamos desde $5,000 hasta $500,000<\/li>\n<li>Tasas de inter\u00e9s competitivas, pensadas para ser justas y accesibles<\/li>\n<li>Opciones flexibles para negocios en distintas etapas de crecimiento<\/li>\n<\/ul>\n<p><em>Los t\u00e9rminos del pr\u00e9stamo, tasas y requisitos var\u00edan seg\u00fan la organizaci\u00f3n y se determinan durante el proceso de solicitud.<\/em><\/p>\n<h3 class=\"p-heading-2\">\u00bfPara Qu\u00e9 Se Puede Usar el Financiamiento?<\/h3>\n<p>Nuestras organizaciones aliadas pueden ayudarte con necesidades como:<\/p>\n<ul>\n<li>Aumentar inventario<\/li>\n<li>Comprar equipo o maquinaria<\/li>\n<li>Expandir o renovar tu local<\/li>\n<li>Escalar para aprovechar una nueva oportunidad o contrato<\/li>\n<li>Implementar mejoras en salud y seguridad para clientes y personal<\/li>\n<\/ul>\n<p>\u00a0<\/p>\n<h2 class=\"p-heading-1\">\u00bfC\u00f3mo Solicitar una Referencia?<\/h2>\n<p>Es muy f\u00e1cil comenzar:<\/p>\n<ol>\n<li>Llena nuestro <a href=\"https:\/\/www.wevonline.org\/es\/formulario-de-interes\/?entry=%7B%22ProgramArea%22:%22Financiamiento%22%7D\">Formulario de Inter\u00e9s para Referencias de Financiamiento<\/a><\/li>\n<li>Alguien del equipo de WEV revisar\u00e1 tu informaci\u00f3n<\/li>\n<li>Te conectaremos con la organizaci\u00f3n que mejor se ajuste a tus necesidades<\/li>\n<\/ol>\n<div class=\"inline-buttons\"><a href=\"https:\/\/www.wevonline.org\/es\/formulario-de-interes\/?entry=%7B%22ProgramArea%22:%22Financiamiento%22%7D\" target=\"_self\"><button><span>Solicitar una Referencia de Financiamiento para tu Negocio<\/span><\/button><\/a><\/div>\n<p><em>Importante: Enviar el formulario no garantiza la aprobaci\u00f3n de un pr\u00e9stamo. Todas las decisiones de financiamiento las toman nuestras organizaciones aliadas.<\/em><\/p>\n"},{"acf_fc_layout":"cb05_scenario_selector","block_id":"","margin_top":"","margin_bottom":"","add_custom_css_class":"","heading":"Encuentra Recursos para Ti","drawers":[{"text":"Tengo una idea de negocio pero no s\u00e9 por d\u00f3nde empezar\u2026","drawer_content":[{"button":{"title":"Gu\u00edas para Iniciar un Negocio","url":"https:\/\/www.wevonline.org\/es\/classes-resources\/guias-para-iniciar-un-negocio\/","target":""}}]},{"text":"He lanzado mi negocio y quiero aprender a estabilizarme y crecer\u2026","drawer_content":[{"button":{"title":"Emprendimiento","url":"https:\/\/www.wevonline.org\/es\/classes-resources\/emprendimiento\/","target":""}}]},{"text":"Quiero aprender a comercializar mi negocio de manera m\u00e1s efectiva\u2026","drawer_content":[{"button":{"title":"Pon tu Negocio en L\u00ednea","url":"https:\/\/www.wevonline.org\/es\/classes-resources\/pon-tu-pequeno-negocio-en-linea\/","target":""}}]},{"text":"Quiero hacer crecer mi negocio y necesito asesoramiento y orientaci\u00f3n\u2026","drawer_content":[{"button":{"title":"Asesor\u00eda de Negocios","url":"https:\/\/www.wevonline.org\/es\/asesoria\/","target":""}}]},{"text":"Necesito ayuda para tomar el control de mis deudas\u2026","drawer_content":[{"button":{"title":"Construye tu Cr\u00e9dito","url":"https:\/\/www.wevonline.org\/es\/classes-resources\/construye-tu-credito\/","target":""}}]}]},{"acf_fc_layout":"cb12_related_content","block_id":"","margin_top":"","margin_bottom":"","add_custom_css_class":"","heading":"Tambi\u00e9n te puede interesar","classes_resources":"manual_enter","show_latest":null,"drawer":[{"sub_heading":"Explora Empoderamiento Financiero","title":"Construye tu Credito","cta_link":{"title":"Explora","url":"https:\/\/www.wevonline.org\/es\/classes-resources\/construye-tu-credito\/","target":""},"image":"https:\/\/www.wevonline.org\/wp-content\/uploads\/2024\/01\/Classes_Credit-Builder-Banner.jpg"},{"sub_heading":"Explora Recursos para Negocios","title":"Financiamiento de deuda: lo bueno, lo malo, y lo feo","cta_link":{"title":"Lee m\u00e1s","url":"https:\/\/www.wevonline.org\/es\/classes-resources\/financiamiento-de-deuda-lo-bueno-lo-malo-y-lo-feo\/","target":""},"image":"https:\/\/www.wevonline.org\/wp-content\/uploads\/2022\/08\/Resources_Debt-Financing_Related-Content.jpg"},{"sub_heading":"Explora Recursos para Negocios","title":"Administrar y comprender tu deuda de negocios","cta_link":{"title":"Ve el Seminario Web","url":"https:\/\/www.wevonline.org\/es\/classes-resources\/administrar-y-comprender-tu-deuda-de-negocios\/","target":""},"image":"https:\/\/www.wevonline.org\/wp-content\/uploads\/2022\/08\/Resources_Webinars_Financial-Empowerment-I-Kelly_Related-Content.jpg"}]}]},"yoast_head":"<!-- This site is optimized with the Yoast SEO plugin v27.2 - https:\/\/yoast.com\/product\/yoast-seo-wordpress\/ -->\n<title>Referencias para Financiamiento de Negocios - WEV<\/title>\n<meta name=\"description\" content=\"WEV seguimos apoyando a emprendedoras(es) conect\u00e1ndolas(os) con organizaciones de financiamiento confiables y alineadas con nuestra misi\u00f3n. Encuentra financiamiento para ti.\" \/>\n<meta name=\"robots\" content=\"index, follow, max-snippet:-1, max-image-preview:large, max-video-preview:-1\" \/>\n<link rel=\"canonical\" href=\"https:\/\/wevonline.org\/es\/referencias-para-financiamiento-de-negocios\/\" \/>\n<meta property=\"og:locale\" content=\"es_ES\" \/>\n<meta property=\"og:type\" content=\"article\" \/>\n<meta property=\"og:title\" content=\"Referencias para Financiamiento de Negocios - WEV\" \/>\n<meta property=\"og:description\" content=\"WEV seguimos apoyando a emprendedoras(es) conect\u00e1ndolas(os) con organizaciones de financiamiento confiables y alineadas con nuestra misi\u00f3n. Encuentra financiamiento para ti.\" \/>\n<meta property=\"og:url\" content=\"https:\/\/wevonline.org\/es\/referencias-para-financiamiento-de-negocios\/\" \/>\n<meta property=\"og:site_name\" content=\"WEV\" \/>\n<meta property=\"article:publisher\" content=\"https:\/\/www.facebook.com\/WomensEconomicVentures\" \/>\n<meta property=\"article:modified_time\" content=\"2026-01-09T15:34:15+00:00\" \/>\n<meta property=\"og:image\" content=\"https:\/\/wevonline.org\/wp-content\/uploads\/2022\/08\/Business-Funding-Banner.jpg\" \/>\n\t<meta property=\"og:image:width\" content=\"1370\" \/>\n\t<meta property=\"og:image:height\" content=\"1100\" \/>\n\t<meta property=\"og:image:type\" content=\"image\/jpeg\" \/>\n<meta name=\"twitter:card\" content=\"summary_large_image\" \/>\n<script type=\"application\/ld+json\" class=\"yoast-schema-graph\">{\"@context\":\"https:\/\/schema.org\",\"@graph\":[{\"@type\":\"WebPage\",\"@id\":\"https:\/\/wevonline.org\/es\/referencias-para-financiamiento-de-negocios\/\",\"url\":\"https:\/\/wevonline.org\/es\/referencias-para-financiamiento-de-negocios\/\",\"name\":\"Referencias para Financiamiento de Negocios - WEV\",\"isPartOf\":{\"@id\":\"https:\/\/www.wevonline.org\/#website\"},\"primaryImageOfPage\":{\"@id\":\"https:\/\/wevonline.org\/es\/referencias-para-financiamiento-de-negocios\/#primaryimage\"},\"image\":{\"@id\":\"https:\/\/wevonline.org\/es\/referencias-para-financiamiento-de-negocios\/#primaryimage\"},\"thumbnailUrl\":\"https:\/\/www.wevonline.org\/wp-content\/uploads\/2022\/08\/Business-Funding-Banner.jpg\",\"datePublished\":\"2025-12-19T16:08:10+00:00\",\"dateModified\":\"2026-01-09T15:34:15+00:00\",\"description\":\"WEV seguimos apoyando a emprendedoras(es) conect\u00e1ndolas(os) con organizaciones de financiamiento confiables y alineadas con nuestra misi\u00f3n. Encuentra financiamiento para ti.\",\"breadcrumb\":{\"@id\":\"https:\/\/wevonline.org\/es\/referencias-para-financiamiento-de-negocios\/#breadcrumb\"},\"inLanguage\":\"es-ES\",\"potentialAction\":[{\"@type\":\"ReadAction\",\"target\":[\"https:\/\/wevonline.org\/es\/referencias-para-financiamiento-de-negocios\/\"]}]},{\"@type\":\"ImageObject\",\"inLanguage\":\"es-ES\",\"@id\":\"https:\/\/wevonline.org\/es\/referencias-para-financiamiento-de-negocios\/#primaryimage\",\"url\":\"https:\/\/www.wevonline.org\/wp-content\/uploads\/2022\/08\/Business-Funding-Banner.jpg\",\"contentUrl\":\"https:\/\/www.wevonline.org\/wp-content\/uploads\/2022\/08\/Business-Funding-Banner.jpg\",\"width\":1370,\"height\":1100,\"caption\":\"Beneficiaria de un pr\u00e9stamo de WEV, Hannah Childs, trabajando en su negocio Hannah Childs Lifestyle.\"},{\"@type\":\"BreadcrumbList\",\"@id\":\"https:\/\/wevonline.org\/es\/referencias-para-financiamiento-de-negocios\/#breadcrumb\",\"itemListElement\":[{\"@type\":\"ListItem\",\"position\":1,\"name\":\"Home\",\"item\":\"https:\/\/www.wevonline.org\/es\/\"},{\"@type\":\"ListItem\",\"position\":2,\"name\":\"Referencias para Financiamiento de Negocios\"}]},{\"@type\":\"WebSite\",\"@id\":\"https:\/\/www.wevonline.org\/#website\",\"url\":\"https:\/\/www.wevonline.org\/\",\"name\":\"WEV\",\"description\":\"Women&#039;s Economic Ventures\",\"publisher\":{\"@id\":\"https:\/\/www.wevonline.org\/#organization\"},\"potentialAction\":[{\"@type\":\"SearchAction\",\"target\":{\"@type\":\"EntryPoint\",\"urlTemplate\":\"https:\/\/www.wevonline.org\/?s={search_term_string}\"},\"query-input\":{\"@type\":\"PropertyValueSpecification\",\"valueRequired\":true,\"valueName\":\"search_term_string\"}}],\"inLanguage\":\"es-ES\"},{\"@type\":\"Organization\",\"@id\":\"https:\/\/www.wevonline.org\/#organization\",\"name\":\"Women's Economic Ventures\",\"url\":\"https:\/\/www.wevonline.org\/\",\"logo\":{\"@type\":\"ImageObject\",\"inLanguage\":\"es-ES\",\"@id\":\"https:\/\/www.wevonline.org\/#\/schema\/logo\/image\/\",\"url\":\"https:\/\/www.wevonline.org\/wp-content\/uploads\/2022\/08\/WEV-Spanish-Logo_Website-Header.png\",\"contentUrl\":\"https:\/\/www.wevonline.org\/wp-content\/uploads\/2022\/08\/WEV-Spanish-Logo_Website-Header.png\",\"width\":506,\"height\":127,\"caption\":\"Women's Economic Ventures\"},\"image\":{\"@id\":\"https:\/\/www.wevonline.org\/#\/schema\/logo\/image\/\"},\"sameAs\":[\"https:\/\/www.facebook.com\/WomensEconomicVentures\",\"https:\/\/www.instagram.com\/womenseconomicventures\/?hl=en\"]}]}<\/script>\n<!-- \/ Yoast SEO plugin. -->","yoast_head_json":{"title":"Referencias para Financiamiento de Negocios - WEV","description":"WEV seguimos apoyando a emprendedoras(es) conect\u00e1ndolas(os) con organizaciones de financiamiento confiables y alineadas con nuestra misi\u00f3n. Encuentra financiamiento para ti.","robots":{"index":"index","follow":"follow","max-snippet":"max-snippet:-1","max-image-preview":"max-image-preview:large","max-video-preview":"max-video-preview:-1"},"canonical":"https:\/\/wevonline.org\/es\/referencias-para-financiamiento-de-negocios\/","og_locale":"es_ES","og_type":"article","og_title":"Referencias para Financiamiento de Negocios - WEV","og_description":"WEV seguimos apoyando a emprendedoras(es) conect\u00e1ndolas(os) con organizaciones de financiamiento confiables y alineadas con nuestra misi\u00f3n. Encuentra financiamiento para ti.","og_url":"https:\/\/wevonline.org\/es\/referencias-para-financiamiento-de-negocios\/","og_site_name":"WEV","article_publisher":"https:\/\/www.facebook.com\/WomensEconomicVentures","article_modified_time":"2026-01-09T15:34:15+00:00","og_image":[{"width":1370,"height":1100,"url":"https:\/\/wevonline.org\/wp-content\/uploads\/2022\/08\/Business-Funding-Banner.jpg","type":"image\/jpeg"}],"twitter_card":"summary_large_image","schema":{"@context":"https:\/\/schema.org","@graph":[{"@type":"WebPage","@id":"https:\/\/wevonline.org\/es\/referencias-para-financiamiento-de-negocios\/","url":"https:\/\/wevonline.org\/es\/referencias-para-financiamiento-de-negocios\/","name":"Referencias para Financiamiento de Negocios - WEV","isPartOf":{"@id":"https:\/\/www.wevonline.org\/#website"},"primaryImageOfPage":{"@id":"https:\/\/wevonline.org\/es\/referencias-para-financiamiento-de-negocios\/#primaryimage"},"image":{"@id":"https:\/\/wevonline.org\/es\/referencias-para-financiamiento-de-negocios\/#primaryimage"},"thumbnailUrl":"https:\/\/www.wevonline.org\/wp-content\/uploads\/2022\/08\/Business-Funding-Banner.jpg","datePublished":"2025-12-19T16:08:10+00:00","dateModified":"2026-01-09T15:34:15+00:00","description":"WEV seguimos apoyando a emprendedoras(es) conect\u00e1ndolas(os) con organizaciones de financiamiento confiables y alineadas con nuestra misi\u00f3n. Encuentra financiamiento para ti.","breadcrumb":{"@id":"https:\/\/wevonline.org\/es\/referencias-para-financiamiento-de-negocios\/#breadcrumb"},"inLanguage":"es-ES","potentialAction":[{"@type":"ReadAction","target":["https:\/\/wevonline.org\/es\/referencias-para-financiamiento-de-negocios\/"]}]},{"@type":"ImageObject","inLanguage":"es-ES","@id":"https:\/\/wevonline.org\/es\/referencias-para-financiamiento-de-negocios\/#primaryimage","url":"https:\/\/www.wevonline.org\/wp-content\/uploads\/2022\/08\/Business-Funding-Banner.jpg","contentUrl":"https:\/\/www.wevonline.org\/wp-content\/uploads\/2022\/08\/Business-Funding-Banner.jpg","width":1370,"height":1100,"caption":"Beneficiaria de un pr\u00e9stamo de WEV, Hannah Childs, trabajando en su negocio Hannah Childs Lifestyle."},{"@type":"BreadcrumbList","@id":"https:\/\/wevonline.org\/es\/referencias-para-financiamiento-de-negocios\/#breadcrumb","itemListElement":[{"@type":"ListItem","position":1,"name":"Home","item":"https:\/\/www.wevonline.org\/es\/"},{"@type":"ListItem","position":2,"name":"Referencias para Financiamiento de Negocios"}]},{"@type":"WebSite","@id":"https:\/\/www.wevonline.org\/#website","url":"https:\/\/www.wevonline.org\/","name":"WEV","description":"Women&#039;s Economic Ventures","publisher":{"@id":"https:\/\/www.wevonline.org\/#organization"},"potentialAction":[{"@type":"SearchAction","target":{"@type":"EntryPoint","urlTemplate":"https:\/\/www.wevonline.org\/?s={search_term_string}"},"query-input":{"@type":"PropertyValueSpecification","valueRequired":true,"valueName":"search_term_string"}}],"inLanguage":"es-ES"},{"@type":"Organization","@id":"https:\/\/www.wevonline.org\/#organization","name":"Women's Economic Ventures","url":"https:\/\/www.wevonline.org\/","logo":{"@type":"ImageObject","inLanguage":"es-ES","@id":"https:\/\/www.wevonline.org\/#\/schema\/logo\/image\/","url":"https:\/\/www.wevonline.org\/wp-content\/uploads\/2022\/08\/WEV-Spanish-Logo_Website-Header.png","contentUrl":"https:\/\/www.wevonline.org\/wp-content\/uploads\/2022\/08\/WEV-Spanish-Logo_Website-Header.png","width":506,"height":127,"caption":"Women's Economic Ventures"},"image":{"@id":"https:\/\/www.wevonline.org\/#\/schema\/logo\/image\/"},"sameAs":["https:\/\/www.facebook.com\/WomensEconomicVentures","https:\/\/www.instagram.com\/womenseconomicventures\/?hl=en"]}]}},"_links":{"self":[{"href":"https:\/\/www.wevonline.org\/es\/wp-json\/wp\/v2\/pages\/14753","targetHints":{"allow":["GET"]}}],"collection":[{"href":"https:\/\/www.wevonline.org\/es\/wp-json\/wp\/v2\/pages"}],"about":[{"href":"https:\/\/www.wevonline.org\/es\/wp-json\/wp\/v2\/types\/page"}],"author":[{"embeddable":true,"href":"https:\/\/www.wevonline.org\/es\/wp-json\/wp\/v2\/users\/3"}],"replies":[{"embeddable":true,"href":"https:\/\/www.wevonline.org\/es\/wp-json\/wp\/v2\/comments?post=14753"}],"version-history":[{"count":1,"href":"https:\/\/www.wevonline.org\/es\/wp-json\/wp\/v2\/pages\/14753\/revisions"}],"predecessor-version":[{"id":14762,"href":"https:\/\/www.wevonline.org\/es\/wp-json\/wp\/v2\/pages\/14753\/revisions\/14762"}],"wp:featuredmedia":[{"embeddable":true,"href":"https:\/\/www.wevonline.org\/es\/wp-json\/wp\/v2\/media\/5314"}],"wp:attachment":[{"href":"https:\/\/www.wevonline.org\/es\/wp-json\/wp\/v2\/media?parent=14753"}],"curies":[{"name":"wp","href":"https:\/\/api.w.org\/{rel}","templated":true}]}}