{"id":13088,"date":"2024-04-05T18:52:16","date_gmt":"2024-04-05T18:52:16","guid":{"rendered":"https:\/\/www.wevonline.org\/acerca-de-wev\/iniciativas-comunitarias\/"},"modified":"2025-09-10T17:15:39","modified_gmt":"2025-09-10T17:15:39","slug":"iniciativas-comunitarias","status":"publish","type":"page","link":"https:\/\/www.wevonline.org\/es\/acerca-de-wev\/iniciativas-comunitarias\/","title":{"rendered":"Iniciativas Comunitarias"},"content":{"rendered":"","protected":false},"excerpt":{"rendered":"","protected":false},"author":3,"featured_media":0,"parent":628,"menu_order":0,"comment_status":"closed","ping_status":"closed","template":"templates\/template-e.php","meta":{"_acf_changed":false,"footnotes":""},"class_list":["post-13088","page","type-page","status-publish","hentry"],"acf":{"floating_cta_enable":"enable","content_template_d":false,"template_e_content":[{"acf_fc_layout":"cb07_interior_banner","block_id":"","margin_top":"","margin_bottom":"","add_custom_css_class":"","headline":"Iniciativas Comunitarias","sub_headline":"","image":"https:\/\/www.wevonline.org\/wp-content\/uploads\/2024\/04\/Community-Initiatives_Banner.jpg"},{"acf_fc_layout":"cb11_text_editor","block_id":"","margin_top":"","margin_bottom":"","add_custom_css_class":"","editor":"<p>Adem\u00e1s de la amplia gama de apoyo que WEV ofrece a las(os) due\u00f1as(os) de negocios en la regi\u00f3n, WEV tambi\u00e9n se enfoca en ofrecer soluciones a problemas cr\u00edticos que impactan a nuestras comunidades para avanzar en nuestra misi\u00f3n.<\/p>\n<p>\u00a0<\/p>\n<h2 class=\"p-heading-2 p-heading-1\">El Negocio del Cuidado Infantil<\/h2>\n<p class=\"p-heading-2 subhead\">Ayudando a Resolver la Crisis del Cuidado Infantil<\/p>\n<p>WEV se asocia con Children\u2019s Resource &#038; Referral del Condado de Santa B\u00e1rbara (SRRSBC) y con Child Development Resources del Condado de Ventura (CDRV) para brindar capacitaci\u00f3n a sus clientes sobre el Negocio de Cuidado Infantil. El plan de estudios personalizado de 8 semanas de WEV no solo aborda los conceptos b\u00e1sicos de las peque\u00f1as empresas, sino tambi\u00e9n se profundiza en los detalles espec\u00edficos de dirigir un negocio de cuidado infantil. El plan de estudios est\u00e1 disponible tanto en ingl\u00e9s como en espa\u00f1ol, y el programa tiene como objetivo expandir la capacidad de cuidado infantil en la regi\u00f3n mientras aumenta los ingresos y el ingreso familiar para las(os) proveedoras(es) de cuidado infantil y sus empleadas(os). Desde 2022, m\u00e1s de 60 proveedoras(es) de cuidado infantil han participado en el programa y se han otorgado $375,000 en becas.<\/p>\n<p>\u00a0<\/p>\n<div class=\"quote-section left_image\"><div class=\"left-image\" style=\"background-image:url(https:\/\/www.wevonline.org\/wp-content\/themes\/wev\/assets\/imgs\/purple-swash-bg.png)\"><img src=\"https:\/\/www.wevonline.org\/wp-content\/uploads\/2024\/04\/Community-Initiatives_Yvette-Avila_Quote-Image.jpg\" alt=\"Quote\"><\/div><div class=\"right-content\"><blockquote>\u201cEstoy tan feliz de haber hecho esta capacitaci\u00f3n al principio de mi negocio. WEV es una red de mujeres que se apoyan y se animan mutuamente y es un c\u00edrculo maravilloso en el que estar.\u201d<\/blockquote><p class=\"subhead\">Yvette Avila, Due\u00f1a de Blossom Day Care<\/p><\/div><\/div>\n<p>\u00a0<\/p>\n<p>En este programa, Yvette aprendi\u00f3 c\u00f3mo promover su negocio y la importancia de tener sus finanzas en orden. Ella ahora anima a otras(os) que est\u00e1n considerando el emprendimiento a seguir adelante; \u201cAl principio da miedo, pero cuando das el salto, solo mejora, especialmente cuando tienes grandes organizaciones como WEV y CRR que te ayudan en cada paso.\u201d<\/p>\n<p>\u00a0<\/p>\n<hr \/>\n<p>\u00a0<\/p>\n<h2 class=\"p-heading-1\">Emprendimiento<\/h2>\n<p class=\"p-heading-2 subhead\">Aumentando el acceso a capital y apoyo empresarial<\/p>\n<p>Emprendimiento se lanz\u00f3 en 2021 con el apoyo del Programa de Becas de SEED (Emprendimiento Social y Desarrollo Econ\u00f3mico) del Panel de Capacitaci\u00f3n para el Empleo de California. Emprendimiento aborda barreras al acceso de capital y servicios combinando capacitaci\u00f3n empresarial y apoyo con becas para aumentar las habilidades financieras y de gesti\u00f3n empresarial para emprendedoras(es). Las(os) participantes reciben ocho semanas de capacitaci\u00f3n empresarial gratuita en espa\u00f1ol y luego son elegibles para solicitar una beca. \u200bDesde 2021, m\u00e1s de 640 personas han participado en el programa, 542 se han graduado y $2,088,750 en becas han sido otorgados a emprendedoras(es) en los condados de Santa B\u00e1rbara y Ventura.<\/p>\n<p>\u00a0<\/p>\n<div class=\"quote-section left_image\"><div class=\"left-image\" style=\"background-image:url(https:\/\/www.wevonline.org\/wp-content\/themes\/wev\/assets\/imgs\/purple-swash-bg.png)\"><img src=\"https:\/\/www.wevonline.org\/wp-content\/uploads\/2024\/04\/Community-Initiatives_Catalina-Almazan_Quote-Image.jpg\" alt=\"Quote\"><\/div><div class=\"right-content\"><blockquote>\u201cSoy una mujer ind\u00edgena con mucha motivaci\u00f3n para salir adelante en la vida. Cualquier obst\u00e1culo o desaf\u00edo que uno enfrenta en la vida se puede superar con la voluntad de tener \u00e9xito y la ayuda de programas como este.\u201d<\/blockquote><p class=\"subhead\">Catalina Almazan, Due\u00f1a de Artesania Ita Ndivi Oaxaquenas<\/p><\/div><\/div>\n<p>\u00a0<\/p>\n<hr \/>\n<p>\u00a0<\/p>\n<h2 class=\"p-heading-1\">Clases de Desarrollo de Habilidades Digitales para Due\u00f1as(os) de Negocios<\/h2>\n<p class=\"p-heading-2 subhead\">Abordando la Brecha Digital<\/p>\n<p>La pandemia de COVID destac\u00f3 las consecuencias negativas de la brecha digital para muchas(os) en nuestra regi\u00f3n, incluyendo a las(os) due\u00f1as(os) de negocios. Sin una presencia en l\u00ednea en el mercado, las(os) due\u00f1as(os) de negocios pueden perder oportunidades vitales de ingresos. Gracias a los fondos estatales obtenidos por la Asamble\u00edsta Jacqui Irwin, WEV fue contratado por la EDC para dise\u00f1ar y ofrecer un curso de nueve semanas para ense\u00f1ar a las(os) due\u00f1as(os) de negocios las habilidades digitales que necesitan para poner sus negocios en l\u00ednea y mantenerse competitivos. La clase \u201cPon tu Peque\u00f1o Negocio en L\u00ednea\u201d (GYSBO) est\u00e1 disponible de forma gratuita en ingl\u00e9s y espa\u00f1ol en los condados de Ventura y Santa B\u00e1rbara. Las(os) estudiantes aprenden c\u00f3mo crear y lanzar un sitio web de negocios, utilizar el marketing por correo electr\u00f3nico, hacer que su empresa sea buscable en l\u00ednea (SEO), crear e implementar estrategias de redes sociales y desarrollar un plan de acci\u00f3n de seis meses.<\/p>\n<p>\u00a0<\/p>\n<div class=\"quote-section no_image\"><div class=\"right-content\"><blockquote>\u201cMe sent\u00eda realmente abrumada tratando de iniciar mi negocio, y afortunadamente encontr\u00e9 este curso. Las sesiones individuales fueron muy valiosas, y ahora tengo un plan paso a paso de lo que necesito hacer para llevar mi negocio en l\u00ednea, y siento que tengo el camino para hacerlo.\u201d<\/blockquote><p class=\"subhead\">Tanya Young, Due\u00f1a de White Owl Hypnotherapy<\/p><\/div><\/div>\n<p>\u00a0<\/p>\n<hr \/>\n<p>\u00a0<\/p>\n<h2 class=\"p-heading-1\">Grupo de Defensa de la Educaci\u00f3n Financiera (FLAG)<\/h2>\n<p class=\"p-heading-2 subhead\">Uniendo esfuerzos para romover la educaci\u00f3n financiera<\/p>\n<p>FLAG fue creado en 2022 como un medio para crear asociaciones entre organizaciones locales e individuos comprometidos con el trabajo vital de educaci\u00f3n financiera en toda la regi\u00f3n. El grupo se re\u00fane trimestralmente para compartir las mejores pr\u00e1cticas en programas de educaci\u00f3n financiera y servicios, y para ofrecer recursos a las(os) miembras(os) de la comunidad.<\/p>\n<p>\u00a0<\/p>\n<div class=\"quote-section left_image\"><div class=\"left-image\" style=\"background-image:url(https:\/\/www.wevonline.org\/wp-content\/themes\/wev\/assets\/imgs\/purple-swash-bg.png)\"><img src=\"https:\/\/www.wevonline.org\/wp-content\/uploads\/2022\/08\/Classes_Financial-Empowerment-Irene-Kelly_Quote-Image.jpg\" alt=\"Quote\"><\/div><div class=\"right-content\"><blockquote>\u201cA trav\u00e9s de FLAG, he sido testigo del poder de la colaboraci\u00f3n de m\u00faltiples sectores para compartir mejores pr\u00e1cticas y construir puentes entre las instituciones financieras y las comunidades necesitadas.\u201d<\/blockquote><p class=\"subhead\">Irene Kelly, Directora Asociada de Enlace Comunitario de WEV<\/p><\/div><\/div>\n<p>\u00a0<\/p>\n<hr \/>\n<p>\u00a0<\/p>\n<h3 class=\"p-heading-2\">\u00bfQuieres involucrarte?<\/h3>\n<p><a href=\"https:\/\/www.wevonline.org\/es\/asociate\/\"><button>As\u00f3ciate con WEV<\/button><\/a><\/p>\n<p><a href=\"https:\/\/www.wevonline.org\/es\/dona\/\"><button>Dona a WEV<\/button><\/a><\/p>\n<p><a href=\"https:\/\/www.wevonline.org\/es\/voluntariado\/\"><button>Voluntariado con WEV<\/button><\/a><\/p>\n"},{"acf_fc_layout":"cb12_related_content","block_id":"","margin_top":"","margin_bottom":"","add_custom_css_class":"","heading":"Tambi\u00e9n te puede interesar","classes_resources":"manual_enter","show_latest":[],"drawer":[{"sub_heading":"M\u00e1s informaci\u00f3n sobre WEV","title":"Impacto de WEV","cta_link":{"title":"Aprende m\u00e1s","url":"https:\/\/www.wevonline.org\/es\/acerca-de-wev\/impacto\/","target":""},"image":"https:\/\/www.wevonline.org\/wp-content\/uploads\/2022\/08\/Impact-Related-Content.jpg"},{"sub_heading":"Apoya a WEV","title":"Dona a WEV","cta_link":{"title":"Aprende m\u00e1s","url":"https:\/\/www.wevonline.org\/es\/dona\/","target":""},"image":"https:\/\/www.wevonline.org\/wp-content\/uploads\/2022\/08\/Support-Related-Content.jpg"},{"sub_heading":"M\u00e1s informaci\u00f3n sobre WEV","title":"Acerca de WEV","cta_link":{"title":"Lee m\u00e1s","url":"https:\/\/www.wevonline.org\/es\/acerca-de-wev\/","target":""},"image":"https:\/\/www.wevonline.org\/wp-content\/uploads\/2022\/08\/About-WEV-Related-Content.jpg"}]}]},"yoast_head":"<!-- This site is optimized with the Yoast SEO plugin v27.2 - https:\/\/yoast.com\/product\/yoast-seo-wordpress\/ -->\n<title>Iniciativas Comunitarias - WEV<\/title>\n<meta name=\"description\" content=\"WEV se enfoca en ofrecer soluciones a problemas cr\u00edticos que impactan a las(os) due\u00f1as(os) de negocios en nuestras comunidades para avanzar en nuestra misi\u00f3n.\" \/>\n<meta name=\"robots\" content=\"index, follow, max-snippet:-1, max-image-preview:large, max-video-preview:-1\" \/>\n<link rel=\"canonical\" href=\"http:\/\/live-wev.pantheonsite.io\/about\/community-initiatives\/\" \/>\n<meta property=\"og:locale\" content=\"es_ES\" \/>\n<meta property=\"og:type\" content=\"article\" \/>\n<meta property=\"og:title\" content=\"Iniciativas Comunitarias - WEV\" \/>\n<meta property=\"og:description\" content=\"WEV se enfoca en ofrecer soluciones a problemas cr\u00edticos que impactan a las(os) due\u00f1as(os) de negocios en nuestras comunidades para avanzar en nuestra misi\u00f3n.\" \/>\n<meta property=\"og:url\" content=\"http:\/\/live-wev.pantheonsite.io\/about\/community-initiatives\/\" \/>\n<meta property=\"og:site_name\" content=\"WEV\" \/>\n<meta property=\"article:publisher\" content=\"https:\/\/www.facebook.com\/WomensEconomicVentures\" \/>\n<meta property=\"article:modified_time\" content=\"2025-09-10T17:15:39+00:00\" \/>\n<meta name=\"twitter:card\" content=\"summary_large_image\" \/>\n<script type=\"application\/ld+json\" class=\"yoast-schema-graph\">{\"@context\":\"https:\/\/schema.org\",\"@graph\":[{\"@type\":\"WebPage\",\"@id\":\"http:\/\/live-wev.pantheonsite.io\/about\/community-initiatives\/\",\"url\":\"http:\/\/live-wev.pantheonsite.io\/about\/community-initiatives\/\",\"name\":\"Iniciativas Comunitarias - WEV\",\"isPartOf\":{\"@id\":\"https:\/\/www.wevonline.org\/#website\"},\"datePublished\":\"2024-04-05T18:52:16+00:00\",\"dateModified\":\"2025-09-10T17:15:39+00:00\",\"description\":\"WEV se enfoca en ofrecer soluciones a problemas cr\u00edticos que impactan a las(os) due\u00f1as(os) de negocios en nuestras comunidades para avanzar en nuestra misi\u00f3n.\",\"breadcrumb\":{\"@id\":\"http:\/\/live-wev.pantheonsite.io\/about\/community-initiatives\/#breadcrumb\"},\"inLanguage\":\"es-ES\",\"potentialAction\":[{\"@type\":\"ReadAction\",\"target\":[\"http:\/\/live-wev.pantheonsite.io\/about\/community-initiatives\/\"]}]},{\"@type\":\"BreadcrumbList\",\"@id\":\"http:\/\/live-wev.pantheonsite.io\/about\/community-initiatives\/#breadcrumb\",\"itemListElement\":[{\"@type\":\"ListItem\",\"position\":1,\"name\":\"Home\",\"item\":\"https:\/\/www.wevonline.org\/es\/\"},{\"@type\":\"ListItem\",\"position\":2,\"name\":\"Acerca de WEV\",\"item\":\"https:\/\/www.wevonline.org\/es\/acerca-de-wev\/\"},{\"@type\":\"ListItem\",\"position\":3,\"name\":\"Iniciativas Comunitarias\"}]},{\"@type\":\"WebSite\",\"@id\":\"https:\/\/www.wevonline.org\/#website\",\"url\":\"https:\/\/www.wevonline.org\/\",\"name\":\"WEV\",\"description\":\"Women&#039;s Economic Ventures\",\"publisher\":{\"@id\":\"https:\/\/www.wevonline.org\/#organization\"},\"potentialAction\":[{\"@type\":\"SearchAction\",\"target\":{\"@type\":\"EntryPoint\",\"urlTemplate\":\"https:\/\/www.wevonline.org\/?s={search_term_string}\"},\"query-input\":{\"@type\":\"PropertyValueSpecification\",\"valueRequired\":true,\"valueName\":\"search_term_string\"}}],\"inLanguage\":\"es-ES\"},{\"@type\":\"Organization\",\"@id\":\"https:\/\/www.wevonline.org\/#organization\",\"name\":\"Women's Economic Ventures\",\"url\":\"https:\/\/www.wevonline.org\/\",\"logo\":{\"@type\":\"ImageObject\",\"inLanguage\":\"es-ES\",\"@id\":\"https:\/\/www.wevonline.org\/#\/schema\/logo\/image\/\",\"url\":\"https:\/\/www.wevonline.org\/wp-content\/uploads\/2022\/08\/WEV-Spanish-Logo_Website-Header.png\",\"contentUrl\":\"https:\/\/www.wevonline.org\/wp-content\/uploads\/2022\/08\/WEV-Spanish-Logo_Website-Header.png\",\"width\":506,\"height\":127,\"caption\":\"Women's Economic Ventures\"},\"image\":{\"@id\":\"https:\/\/www.wevonline.org\/#\/schema\/logo\/image\/\"},\"sameAs\":[\"https:\/\/www.facebook.com\/WomensEconomicVentures\",\"https:\/\/www.instagram.com\/womenseconomicventures\/?hl=en\"]}]}<\/script>\n<!-- \/ Yoast SEO plugin. -->","yoast_head_json":{"title":"Iniciativas Comunitarias - WEV","description":"WEV se enfoca en ofrecer soluciones a problemas cr\u00edticos que impactan a las(os) due\u00f1as(os) de negocios en nuestras comunidades para avanzar en nuestra misi\u00f3n.","robots":{"index":"index","follow":"follow","max-snippet":"max-snippet:-1","max-image-preview":"max-image-preview:large","max-video-preview":"max-video-preview:-1"},"canonical":"http:\/\/live-wev.pantheonsite.io\/about\/community-initiatives\/","og_locale":"es_ES","og_type":"article","og_title":"Iniciativas Comunitarias - WEV","og_description":"WEV se enfoca en ofrecer soluciones a problemas cr\u00edticos que impactan a las(os) due\u00f1as(os) de negocios en nuestras comunidades para avanzar en nuestra misi\u00f3n.","og_url":"http:\/\/live-wev.pantheonsite.io\/about\/community-initiatives\/","og_site_name":"WEV","article_publisher":"https:\/\/www.facebook.com\/WomensEconomicVentures","article_modified_time":"2025-09-10T17:15:39+00:00","twitter_card":"summary_large_image","schema":{"@context":"https:\/\/schema.org","@graph":[{"@type":"WebPage","@id":"http:\/\/live-wev.pantheonsite.io\/about\/community-initiatives\/","url":"http:\/\/live-wev.pantheonsite.io\/about\/community-initiatives\/","name":"Iniciativas Comunitarias - WEV","isPartOf":{"@id":"https:\/\/www.wevonline.org\/#website"},"datePublished":"2024-04-05T18:52:16+00:00","dateModified":"2025-09-10T17:15:39+00:00","description":"WEV se enfoca en ofrecer soluciones a problemas cr\u00edticos que impactan a las(os) due\u00f1as(os) de negocios en nuestras comunidades para avanzar en nuestra misi\u00f3n.","breadcrumb":{"@id":"http:\/\/live-wev.pantheonsite.io\/about\/community-initiatives\/#breadcrumb"},"inLanguage":"es-ES","potentialAction":[{"@type":"ReadAction","target":["http:\/\/live-wev.pantheonsite.io\/about\/community-initiatives\/"]}]},{"@type":"BreadcrumbList","@id":"http:\/\/live-wev.pantheonsite.io\/about\/community-initiatives\/#breadcrumb","itemListElement":[{"@type":"ListItem","position":1,"name":"Home","item":"https:\/\/www.wevonline.org\/es\/"},{"@type":"ListItem","position":2,"name":"Acerca de WEV","item":"https:\/\/www.wevonline.org\/es\/acerca-de-wev\/"},{"@type":"ListItem","position":3,"name":"Iniciativas Comunitarias"}]},{"@type":"WebSite","@id":"https:\/\/www.wevonline.org\/#website","url":"https:\/\/www.wevonline.org\/","name":"WEV","description":"Women&#039;s Economic Ventures","publisher":{"@id":"https:\/\/www.wevonline.org\/#organization"},"potentialAction":[{"@type":"SearchAction","target":{"@type":"EntryPoint","urlTemplate":"https:\/\/www.wevonline.org\/?s={search_term_string}"},"query-input":{"@type":"PropertyValueSpecification","valueRequired":true,"valueName":"search_term_string"}}],"inLanguage":"es-ES"},{"@type":"Organization","@id":"https:\/\/www.wevonline.org\/#organization","name":"Women's Economic Ventures","url":"https:\/\/www.wevonline.org\/","logo":{"@type":"ImageObject","inLanguage":"es-ES","@id":"https:\/\/www.wevonline.org\/#\/schema\/logo\/image\/","url":"https:\/\/www.wevonline.org\/wp-content\/uploads\/2022\/08\/WEV-Spanish-Logo_Website-Header.png","contentUrl":"https:\/\/www.wevonline.org\/wp-content\/uploads\/2022\/08\/WEV-Spanish-Logo_Website-Header.png","width":506,"height":127,"caption":"Women's Economic Ventures"},"image":{"@id":"https:\/\/www.wevonline.org\/#\/schema\/logo\/image\/"},"sameAs":["https:\/\/www.facebook.com\/WomensEconomicVentures","https:\/\/www.instagram.com\/womenseconomicventures\/?hl=en"]}]}},"_links":{"self":[{"href":"https:\/\/www.wevonline.org\/es\/wp-json\/wp\/v2\/pages\/13088","targetHints":{"allow":["GET"]}}],"collection":[{"href":"https:\/\/www.wevonline.org\/es\/wp-json\/wp\/v2\/pages"}],"about":[{"href":"https:\/\/www.wevonline.org\/es\/wp-json\/wp\/v2\/types\/page"}],"author":[{"embeddable":true,"href":"https:\/\/www.wevonline.org\/es\/wp-json\/wp\/v2\/users\/3"}],"replies":[{"embeddable":true,"href":"https:\/\/www.wevonline.org\/es\/wp-json\/wp\/v2\/comments?post=13088"}],"version-history":[{"count":2,"href":"https:\/\/www.wevonline.org\/es\/wp-json\/wp\/v2\/pages\/13088\/revisions"}],"predecessor-version":[{"id":13090,"href":"https:\/\/www.wevonline.org\/es\/wp-json\/wp\/v2\/pages\/13088\/revisions\/13090"}],"up":[{"embeddable":true,"href":"https:\/\/www.wevonline.org\/es\/wp-json\/wp\/v2\/pages\/628"}],"wp:attachment":[{"href":"https:\/\/www.wevonline.org\/es\/wp-json\/wp\/v2\/media?parent=13088"}],"curies":[{"name":"wp","href":"https:\/\/api.w.org\/{rel}","templated":true}]}}